{"id":16043,"date":"2022-10-25T01:42:54","date_gmt":"2022-10-25T01:42:54","guid":{"rendered":"https:\/\/testing.fishntech.com\/?post_type=product&#038;p=16043"},"modified":"2025-06-05T17:37:14","modified_gmt":"2025-06-05T17:37:14","slug":"dr-slick-tungsten-carbide-scissors","status":"publish","type":"product","link":"https:\/\/testing.fishntech.com\/fr\/product\/dr-slick-tungsten-carbide-scissors\/","title":{"rendered":"Tungsten Carbide Scissors &#8211; 4&#8243; All Purpose"},"content":{"rendered":"<h3>Ciseaux Dr Slick en carbure de tungst\u00e8ne - 4\u2033 tout usage<\/h3>\n<p>Dr Slick Tungsten Carbide Scissors &#8211; 4&#8243; All Purpose, this scissor has T.C. blades welded onto the scissor blade frame.<\/p>\n<p>T.C. is 7x harder than stainless steel and holds an edge longer.<\/p>\n<p>These can handle all types of tying materials, but were created to tackle modern synthetic materials.<\/p>\n<h4>Caract\u00e9ristiques :<\/h4>\n<ul>\n<li>Boucles noires<\/li>\n<li>Non-Serrated Blade<\/li>\n<li>Tungsten carbide inserts in the blades<\/li>\n<li>Disponible en lame droite uniquement<\/li>\n<\/ul>\n<p>&nbsp;<\/p>\n<p><strong>DR.SLICK<\/strong>\u00a0Les ciseaux DR.SLICK sont le choix des monteurs de mouches du monde entier. Que vous soyez un d\u00e9butant ou un monteur chevronn\u00e9, les ciseaux DR. SLICK vous permettront d'optimiser votre plaisir, votre production et votre qualit\u00e9 de montage.  Chaque ciseau est inspect\u00e9, ajust\u00e9 et test\u00e9 avant de quitter l'atelier Dr. Slick, ce qui vous assure un outil qui ne fera pas d\u00e9faut sur l'\u00e9tabli.<\/p>\n<p>For maximum performance and longer scissor life, two main rules apply when choosing scissors for tying.<\/p>\n<p>First, match the scissor to the types of materials you tie with most often. Most scissors in the DR.SLICK line can handle both natural and synthetic materials with ease, but if you tie predominantly with synthetic materials, consider the new generation of scissors like Tungsten Carbide, Razor and Prism that are designed to handle these materials.<\/p>\n<p>Second, match the scissor to the size and type of flies you tie. If you tie small flies without much mass or material, use small finer blade scissors like Arrow, MicoTip and Iris. Conversely, if you tie larger flies, with more mass and material, consider larger scissors with heavier blades like All Purpose, Hair or Razor. Great scissors make great flies!<\/p>\n<p><strong>METAL<\/strong><\/p>\n<p>Ces ciseaux sont fabriqu\u00e9s en acier inoxydable japonais 410 d'une duret\u00e9 Rockwell de 45.<\/p>","protected":false},"excerpt":{"rendered":"<p>Dr Slick Tungsten Carbide Scissors &#8211; 4&#8243; All Purpose Dr Slick Tungsten Carbide Scissors &#8211; 4&#8243; All Purpose, this scissor has T.C. blades welded onto the scissor blade frame. T.C. is 7x harder than stainless steel and holds an edge longer. These can handle all types of tying materials, but were created to tackle modern [&hellip;]<\/p>\n","protected":false},"featured_media":16045,"comment_status":"closed","ping_status":"closed","template":"","meta":{"_acf_changed":false},"product_brand":[],"product_cat":[574,36],"product_tag":[],"class_list":{"0":"post-16043","1":"product","2":"type-product","3":"status-publish","4":"has-post-thumbnail","6":"product_cat-dr-slick-co","7":"product_cat-pliers-tools-lights","9":"first","10":"instock","11":"taxable","12":"shipping-taxable","13":"purchasable","14":"product-type-simple"},"acf":[],"_links":{"self":[{"href":"https:\/\/testing.fishntech.com\/fr\/wp-json\/wp\/v2\/product\/16043","targetHints":{"allow":["GET"]}}],"collection":[{"href":"https:\/\/testing.fishntech.com\/fr\/wp-json\/wp\/v2\/product"}],"about":[{"href":"https:\/\/testing.fishntech.com\/fr\/wp-json\/wp\/v2\/types\/product"}],"replies":[{"embeddable":true,"href":"https:\/\/testing.fishntech.com\/fr\/wp-json\/wp\/v2\/comments?post=16043"}],"version-history":[{"count":1,"href":"https:\/\/testing.fishntech.com\/fr\/wp-json\/wp\/v2\/product\/16043\/revisions"}],"predecessor-version":[{"id":119745,"href":"https:\/\/testing.fishntech.com\/fr\/wp-json\/wp\/v2\/product\/16043\/revisions\/119745"}],"wp:featuredmedia":[{"embeddable":true,"href":"https:\/\/testing.fishntech.com\/fr\/wp-json\/wp\/v2\/media\/16045"}],"wp:attachment":[{"href":"https:\/\/testing.fishntech.com\/fr\/wp-json\/wp\/v2\/media?parent=16043"}],"wp:term":[{"taxonomy":"product_brand","embeddable":true,"href":"https:\/\/testing.fishntech.com\/fr\/wp-json\/wp\/v2\/product_brand?post=16043"},{"taxonomy":"product_cat","embeddable":true,"href":"https:\/\/testing.fishntech.com\/fr\/wp-json\/wp\/v2\/product_cat?post=16043"},{"taxonomy":"product_tag","embeddable":true,"href":"https:\/\/testing.fishntech.com\/fr\/wp-json\/wp\/v2\/product_tag?post=16043"}],"curies":[{"name":"wp","href":"https:\/\/api.w.org\/{rel}","templated":true}]}}