{"id":16172,"date":"2022-10-28T11:24:59","date_gmt":"2022-10-28T11:24:59","guid":{"rendered":"https:\/\/testing.fishntech.com\/?post_type=product&#038;p=16172"},"modified":"2025-06-05T17:37:34","modified_gmt":"2025-06-05T17:37:34","slug":"fishlife-first-aid-fish-treatment","status":"publish","type":"product","link":"https:\/\/testing.fishntech.com\/fr\/product\/fishlife-first-aid-fish-treatment\/","title":{"rendered":"First Aid Fish Treatment \u2013 2 oz"},"content":{"rendered":"<h3>Fishlife First Aid Fish Treatment<\/h3>\n<p>Con\u00e7u pour arr\u00eater le saignement des poissons \u00e0 branchies et \u00e0 langue accroch\u00e9s, le\u00a0<strong>Fishlife First Aid Fish Treatment<\/strong> renforce la sant\u00e9 des poissons en favorisant le processus de gu\u00e9rison des blessures caus\u00e9es par les hame\u00e7ons et contribue \u00e0 \u00e9viter les p\u00e9nalit\u00e9s co\u00fbteuses li\u00e9es aux poissons morts, tout en garantissant l'avenir de notre sport.<\/p>\n<p>Pour utiliser le traitement First Aid Fish, versez-le directement sur la blessure et attendez quelques secondes avant de remettre le poisson dans l'eau.<\/p>\n<p>Il peut \u00eatre n\u00e9cessaire de r\u00e9p\u00e9ter ce processus toutes les 30 minutes ou selon les besoins pour poursuivre le traitement.<\/p>\n<p>Si du sang a \u00e9t\u00e9 introduit dans l'eau du vivier, vidangez imm\u00e9diatement le vivier et remplissez-le \u00e0 nouveau.<\/p>\n<p>En plus d'une aide imm\u00e9diate, le traitement First Aid Fish Treatment prot\u00e8ge \u00e9galement les poissons apr\u00e8s leur pes\u00e9e en r\u00e9duisant leur vuln\u00e9rabilit\u00e9 aux agents pathog\u00e8nes susceptibles d'entra\u00eener une infection.<\/p>\n<p>Indispensable pour les p\u00eacheurs en tournoi, le traitement First Aid Fish Treatment prot\u00e8ge les poissons des blessures et les p\u00eacheurs des p\u00e9nalit\u00e9s redout\u00e9es pour les poissons morts.<\/p>\n<p><strong>D\u00e9velopp\u00e9 pour les tournois - Test\u00e9 pour les tournois - Eprouv\u00e9 pour les tournois !<\/strong><\/p>","protected":false},"excerpt":{"rendered":"<p>Fishlife First Aid Fish Treatment Made to stop the bleeding of gill &amp; tongue hooked fish, the\u00a0Fishlife First Aid Fish Treatment boosts the health of fish by promoting the healing process of hook wounds and helps prevent costly dead fish penalties and ensures the future of our sport. To use the First Aid Fish Treatment, [&hellip;]<\/p>\n","protected":false},"featured_media":43793,"comment_status":"closed","ping_status":"closed","template":"","meta":{"_acf_changed":false},"product_brand":[],"product_cat":[717,34],"product_tag":[],"class_list":{"0":"post-16172","1":"product","2":"type-product","3":"status-publish","4":"has-post-thumbnail","6":"product_cat-fishlife-fish-care-products","7":"product_cat-live-well-treatments-and-fish-care","9":"first","10":"instock","11":"taxable","12":"shipping-taxable","13":"purchasable","14":"product-type-simple"},"acf":[],"_links":{"self":[{"href":"https:\/\/testing.fishntech.com\/fr\/wp-json\/wp\/v2\/product\/16172","targetHints":{"allow":["GET"]}}],"collection":[{"href":"https:\/\/testing.fishntech.com\/fr\/wp-json\/wp\/v2\/product"}],"about":[{"href":"https:\/\/testing.fishntech.com\/fr\/wp-json\/wp\/v2\/types\/product"}],"replies":[{"embeddable":true,"href":"https:\/\/testing.fishntech.com\/fr\/wp-json\/wp\/v2\/comments?post=16172"}],"version-history":[{"count":1,"href":"https:\/\/testing.fishntech.com\/fr\/wp-json\/wp\/v2\/product\/16172\/revisions"}],"predecessor-version":[{"id":119824,"href":"https:\/\/testing.fishntech.com\/fr\/wp-json\/wp\/v2\/product\/16172\/revisions\/119824"}],"wp:featuredmedia":[{"embeddable":true,"href":"https:\/\/testing.fishntech.com\/fr\/wp-json\/wp\/v2\/media\/43793"}],"wp:attachment":[{"href":"https:\/\/testing.fishntech.com\/fr\/wp-json\/wp\/v2\/media?parent=16172"}],"wp:term":[{"taxonomy":"product_brand","embeddable":true,"href":"https:\/\/testing.fishntech.com\/fr\/wp-json\/wp\/v2\/product_brand?post=16172"},{"taxonomy":"product_cat","embeddable":true,"href":"https:\/\/testing.fishntech.com\/fr\/wp-json\/wp\/v2\/product_cat?post=16172"},{"taxonomy":"product_tag","embeddable":true,"href":"https:\/\/testing.fishntech.com\/fr\/wp-json\/wp\/v2\/product_tag?post=16172"}],"curies":[{"name":"wp","href":"https:\/\/api.w.org\/{rel}","templated":true}]}}