{"id":17477,"date":"2023-04-01T02:38:43","date_gmt":"2023-04-01T02:38:43","guid":{"rendered":"https:\/\/testing.fishntech.com\/?post_type=product&#038;p=17477"},"modified":"2025-06-05T23:08:01","modified_gmt":"2025-06-05T23:08:01","slug":"panther-water-spike-anchor-16-22-boats","status":"publish","type":"product","link":"https:\/\/testing.fishntech.com\/fr\/product\/panther-water-spike-anchor-16-22-boats\/","title":{"rendered":"Water Spike Anchor &#8211; 16&#8242; &#8211; 22&#8242; Boats"},"content":{"rendered":"<h3>Panther Water Spike Anchor &#8211; 16&#8242; &#8211; 22&#8242; Boats<\/h3>\n<p>Panther Water spike Anchor is made of 1\/4&#8243; plated steel. Features an intense amount of holding power. Completely collapsible for compact storage and incredibly lightweight. Designed for boats 16&#8242; &#8211; 22&#8242;.<\/p>\n<p><strong>Caract\u00e9ristiques :<\/strong><\/p>\n<ul>\n<li>1\/4&#8243; plated steel construction<\/li>\n<li>Un pouvoir de r\u00e9tention in\u00e9gal\u00e9<\/li>\n<li>Completely collapsible<\/li>\n<li>Incredibly light weight<\/li>\n<\/ul>","protected":false},"excerpt":{"rendered":"<p>Panther Water Spike Anchor &#8211; 16&#8242; &#8211; 22&#8242; Boats Panther Water spike Anchor is made of 1\/4&#8243; plated steel. Features an intense amount of holding power. Completely collapsible for compact storage and incredibly lightweight. Designed for boats 16&#8242; &#8211; 22&#8242;. Features: 1\/4&#8243; plated steel construction Unmatched holding power Completely collapsible Incredibly light weight<\/p>","protected":false},"featured_media":17478,"comment_status":"closed","ping_status":"closed","template":"","meta":{"_acf_changed":false},"product_brand":[],"product_cat":[288],"product_tag":[],"class_list":{"0":"post-17477","1":"product","2":"type-product","3":"status-publish","4":"has-post-thumbnail","6":"product_cat-panther-marine","8":"first","9":"instock","10":"taxable","11":"shipping-taxable","12":"purchasable","13":"product-type-simple"},"acf":[],"_links":{"self":[{"href":"https:\/\/testing.fishntech.com\/fr\/wp-json\/wp\/v2\/product\/17477","targetHints":{"allow":["GET"]}}],"collection":[{"href":"https:\/\/testing.fishntech.com\/fr\/wp-json\/wp\/v2\/product"}],"about":[{"href":"https:\/\/testing.fishntech.com\/fr\/wp-json\/wp\/v2\/types\/product"}],"replies":[{"embeddable":true,"href":"https:\/\/testing.fishntech.com\/fr\/wp-json\/wp\/v2\/comments?post=17477"}],"version-history":[{"count":1,"href":"https:\/\/testing.fishntech.com\/fr\/wp-json\/wp\/v2\/product\/17477\/revisions"}],"predecessor-version":[{"id":120453,"href":"https:\/\/testing.fishntech.com\/fr\/wp-json\/wp\/v2\/product\/17477\/revisions\/120453"}],"wp:featuredmedia":[{"embeddable":true,"href":"https:\/\/testing.fishntech.com\/fr\/wp-json\/wp\/v2\/media\/17478"}],"wp:attachment":[{"href":"https:\/\/testing.fishntech.com\/fr\/wp-json\/wp\/v2\/media?parent=17477"}],"wp:term":[{"taxonomy":"product_brand","embeddable":true,"href":"https:\/\/testing.fishntech.com\/fr\/wp-json\/wp\/v2\/product_brand?post=17477"},{"taxonomy":"product_cat","embeddable":true,"href":"https:\/\/testing.fishntech.com\/fr\/wp-json\/wp\/v2\/product_cat?post=17477"},{"taxonomy":"product_tag","embeddable":true,"href":"https:\/\/testing.fishntech.com\/fr\/wp-json\/wp\/v2\/product_tag?post=17477"}],"curies":[{"name":"wp","href":"https:\/\/api.w.org\/{rel}","templated":true}]}}