{"id":19169,"date":"2023-05-17T14:07:35","date_gmt":"2023-05-17T14:07:35","guid":{"rendered":"https:\/\/testing.fishntech.com\/product\/blue-sea-e-series-single-circuit-battery-switch-with-alternator-field-disconnect\/"},"modified":"2025-06-05T17:33:42","modified_gmt":"2025-06-05T17:33:42","slug":"blue-sea-e-series-single-circuit-battery-switch-with-alternator-field-disconnect","status":"publish","type":"product","link":"https:\/\/testing.fishntech.com\/fr\/product\/blue-sea-e-series-single-circuit-battery-switch-with-alternator-field-disconnect\/","title":{"rendered":"S\u00e9rie e - Coupe-batterie \u00e0 circuit unique avec d\u00e9connexion de l'alternateur sur le terrain"},"content":{"rendered":"<p><h3>Blue Sea e-Series Coupe-batterie \u00e0 circuit unique avec d\u00e9connexion du champ de l'alternateur<\/h3><\/p>\n<p><strong>9004e e-Series Battery Switch Single Circuit ON\/OFF with Alternator Field Disconnect<\/strong><\/p>\n<p><strong>Caract\u00e9ristiques :<\/strong><\/p>\n<ul>\n<li>CE Marked<\/li>\n<li>Ignition protected &#8211; Safe for installation aboard gasoline powered boats<\/li>\n<li>Case design allows surface or rear panel mounting<\/li>\n<li>Meets American Boat and Yacht Council (ABYC) requirements for battery switches<\/li>\n<li>3\/8&#8243;-16 tin-plated copper studs for maximum conductivity and corrosion resistance, accepts 3\/8&#8243; and M10 ring terminals<\/li>\n<li>7\/8&#8243; (22.22mm) stud length to accept multiple cable terminals<\/li>\n<li>Tactile textures indicate knob position by feel only<\/li>\n<li>Includes AFD (Alternator Field Disconnect)<\/li>\n<\/ul>\n<p> <!--- cis2:mm1rl5hl ---><\/p>","protected":false},"excerpt":{"rendered":"<p>Blue Sea e-Series Single Circuit Battery Switch With Alternator Field Disconnect 9004e e-Series Battery Switch Single Circuit ON\/OFF with Alternator Field Disconnect Features: CE Marked Ignition protected &#8211; Safe for installation aboard gasoline powered boats Case design allows surface or rear panel mounting Meets American Boat and Yacht Council (ABYC) requirements for battery switches 3\/8&#8243;-16 [&hellip;]<\/p>\n","protected":false},"featured_media":19168,"comment_status":"closed","ping_status":"closed","template":"","meta":{"_acf_changed":false},"product_brand":[],"product_cat":[792,746],"product_tag":[772],"class_list":{"0":"post-19169","1":"product","2":"type-product","3":"status-publish","4":"has-post-thumbnail","6":"product_cat-blue-sea-battery-management","7":"product_cat-blue-sea-systems","8":"product_tag-battery-management","10":"first","11":"instock","12":"taxable","13":"shipping-taxable","14":"purchasable","15":"product-type-simple"},"acf":[],"_links":{"self":[{"href":"https:\/\/testing.fishntech.com\/fr\/wp-json\/wp\/v2\/product\/19169","targetHints":{"allow":["GET"]}}],"collection":[{"href":"https:\/\/testing.fishntech.com\/fr\/wp-json\/wp\/v2\/product"}],"about":[{"href":"https:\/\/testing.fishntech.com\/fr\/wp-json\/wp\/v2\/types\/product"}],"replies":[{"embeddable":true,"href":"https:\/\/testing.fishntech.com\/fr\/wp-json\/wp\/v2\/comments?post=19169"}],"version-history":[{"count":1,"href":"https:\/\/testing.fishntech.com\/fr\/wp-json\/wp\/v2\/product\/19169\/revisions"}],"predecessor-version":[{"id":119475,"href":"https:\/\/testing.fishntech.com\/fr\/wp-json\/wp\/v2\/product\/19169\/revisions\/119475"}],"wp:featuredmedia":[{"embeddable":true,"href":"https:\/\/testing.fishntech.com\/fr\/wp-json\/wp\/v2\/media\/19168"}],"wp:attachment":[{"href":"https:\/\/testing.fishntech.com\/fr\/wp-json\/wp\/v2\/media?parent=19169"}],"wp:term":[{"taxonomy":"product_brand","embeddable":true,"href":"https:\/\/testing.fishntech.com\/fr\/wp-json\/wp\/v2\/product_brand?post=19169"},{"taxonomy":"product_cat","embeddable":true,"href":"https:\/\/testing.fishntech.com\/fr\/wp-json\/wp\/v2\/product_cat?post=19169"},{"taxonomy":"product_tag","embeddable":true,"href":"https:\/\/testing.fishntech.com\/fr\/wp-json\/wp\/v2\/product_tag?post=19169"}],"curies":[{"name":"wp","href":"https:\/\/api.w.org\/{rel}","templated":true}]}}