{"id":19188,"date":"2023-05-17T16:53:41","date_gmt":"2023-05-17T16:53:41","guid":{"rendered":"https:\/\/testing.fishntech.com\/product\/blue-sea-ml-series-automatic-charging-relay-with-magnetic-latch\/"},"modified":"2025-06-05T17:33:38","modified_gmt":"2025-06-05T17:33:38","slug":"blue-sea-ml-series-automatic-charging-relay-with-magnetic-latch","status":"publish","type":"product","link":"https:\/\/testing.fishntech.com\/fr\/product\/blue-sea-ml-series-automatic-charging-relay-with-magnetic-latch\/","title":{"rendered":"S\u00e9rie ML - Relais de charge automatique avec verrou magn\u00e9tique"},"content":{"rendered":"<p><h3>Blue Sea ML-Series Relais de charge automatique avec verrou magn\u00e9tique<\/h3><b>7620<\/b><\/p>\n<p><b>Manual Control:<\/b> Non<br \/><b>Coil Voltage:<\/b> 12V DC<\/p>\n<ul>\n<li>Combines battery banks during charging and isolates under discharge \n<li>500A continuous rating suitable for use with large battery banks, starters, alternators, and inverter\/chargers \n<li>Includes ML-Series Remote Control Contura Switch PN 2146\n<li>Silver alloy contacts provide high reliability  \n<li>3\/8&#8243; copper studs, using Blue Sea Systems superior one piece stud technology, suitable for 300A continuous rating and large cable connections <\/li>\n<\/ul>\n<p> <!--- cis2:mm1rl5hl ---><\/p>","protected":false},"excerpt":{"rendered":"<p>Blue Sea ML-Series Automatic Charging Relay With Magnetic Latch7620 Manual Control: NoCoil Voltage: 12V DC Combines battery banks during charging and isolates under discharge 500A continuous rating suitable for use with large battery banks, starters, alternators, and inverter\/chargers Includes ML-Series Remote Control Contura Switch PN 2146 Silver alloy contacts provide high reliability 3\/8&#8243; copper studs, [&hellip;]<\/p>\n","protected":false},"featured_media":19187,"comment_status":"closed","ping_status":"closed","template":"","meta":{"_acf_changed":false},"product_brand":[],"product_cat":[792,746],"product_tag":[772],"class_list":{"0":"post-19188","1":"product","2":"type-product","3":"status-publish","4":"has-post-thumbnail","6":"product_cat-blue-sea-battery-management","7":"product_cat-blue-sea-systems","8":"product_tag-battery-management","10":"first","11":"instock","12":"taxable","13":"shipping-taxable","14":"purchasable","15":"product-type-simple"},"acf":[],"_links":{"self":[{"href":"https:\/\/testing.fishntech.com\/fr\/wp-json\/wp\/v2\/product\/19188","targetHints":{"allow":["GET"]}}],"collection":[{"href":"https:\/\/testing.fishntech.com\/fr\/wp-json\/wp\/v2\/product"}],"about":[{"href":"https:\/\/testing.fishntech.com\/fr\/wp-json\/wp\/v2\/types\/product"}],"replies":[{"embeddable":true,"href":"https:\/\/testing.fishntech.com\/fr\/wp-json\/wp\/v2\/comments?post=19188"}],"version-history":[{"count":1,"href":"https:\/\/testing.fishntech.com\/fr\/wp-json\/wp\/v2\/product\/19188\/revisions"}],"predecessor-version":[{"id":119448,"href":"https:\/\/testing.fishntech.com\/fr\/wp-json\/wp\/v2\/product\/19188\/revisions\/119448"}],"wp:featuredmedia":[{"embeddable":true,"href":"https:\/\/testing.fishntech.com\/fr\/wp-json\/wp\/v2\/media\/19187"}],"wp:attachment":[{"href":"https:\/\/testing.fishntech.com\/fr\/wp-json\/wp\/v2\/media?parent=19188"}],"wp:term":[{"taxonomy":"product_brand","embeddable":true,"href":"https:\/\/testing.fishntech.com\/fr\/wp-json\/wp\/v2\/product_brand?post=19188"},{"taxonomy":"product_cat","embeddable":true,"href":"https:\/\/testing.fishntech.com\/fr\/wp-json\/wp\/v2\/product_cat?post=19188"},{"taxonomy":"product_tag","embeddable":true,"href":"https:\/\/testing.fishntech.com\/fr\/wp-json\/wp\/v2\/product_tag?post=19188"}],"curies":[{"name":"wp","href":"https:\/\/api.w.org\/{rel}","templated":true}]}}