{"id":19381,"date":"2023-05-19T16:34:09","date_gmt":"2023-05-19T16:34:09","guid":{"rendered":"https:\/\/testing.fishntech.com\/product\/marinco-connectpro-3-wire-receptacle-6-gauge-adapter\/"},"modified":"2025-06-05T17:39:44","modified_gmt":"2025-06-05T17:39:44","slug":"marinco-connectpro-3-wire-receptacle-6-gauge-adapter","status":"publish","type":"product","link":"https:\/\/testing.fishntech.com\/fr\/product\/marinco-connectpro-3-wire-receptacle-6-gauge-adapter\/","title":{"rendered":"ConnectPro 3-Wire Receptacle 6-Gauge Adapter"},"content":{"rendered":"<h3>Marinco ConnectPro 3-Wire Receptacle 6-Gauge Adapter<\/h3>\n<p><b>ConnectPro\u00ae\u00a03-Wire Receptacle 6-Gauge Adapter<\/b><\/p>\n<p><b>Caract\u00e9ristiques :<\/b><\/p>\n<ul>\n<li>Allows 6-gauge wire connection to ConnectPro\u00ae receptacle<\/li>\n<li>Corrosion-resistant, plated brass electrical components<\/li>\n<li>Easy to install<\/li>\n<\/ul>\n<p><img decoding=\"async\" src=\"https:\/\/productimageserver.com\/prop65\/6pt.png\" alt=\"Avertissement\" \/><strong>AVERTISSEMENT :<\/strong> Ce produit peut vous exposer \u00e0 des produits chimiques, notamment le di(2-\u00e9thylhexyl)phtalate (dehp), reconnu par l'\u00c9tat de Californie comme pouvant provoquer des cancers, des malformations cong\u00e9nitales ou d'autres troubles de la reproduction. Pour plus d'informations, consultez le site <a href=\"http:\/\/P65Warnings.ca.gov\" target=\"_blank\" rel=\"noopener\">P65Avertissements.ca.gov<\/a>.<\/p>\n<p><!--- cis2:mm1rl5hl ---><\/p>","protected":false},"excerpt":{"rendered":"<p>Marinco ConnectPro 3-Wire Receptacle 6-Gauge Adapter ConnectPro\u00ae\u00a03-Wire Receptacle 6-Gauge Adapter Features: Allows 6-gauge wire connection to ConnectPro\u00ae receptacle Corrosion-resistant, plated brass electrical components Easy to install WARNING: This product can expose you to chemicals including di(2-ethylhexyl)phthalate (dehp) which is known to the State of California to cause cancer, birth defects or other reproductive harm. For [&hellip;]<\/p>\n","protected":false},"featured_media":19380,"comment_status":"closed","ping_status":"closed","template":"","meta":{"_acf_changed":false},"product_brand":[],"product_cat":[750],"product_tag":[],"class_list":{"0":"post-19381","1":"product","2":"type-product","3":"status-publish","4":"has-post-thumbnail","6":"product_cat-marinco","8":"first","9":"instock","10":"taxable","11":"shipping-taxable","12":"purchasable","13":"product-type-simple"},"acf":[],"_links":{"self":[{"href":"https:\/\/testing.fishntech.com\/fr\/wp-json\/wp\/v2\/product\/19381","targetHints":{"allow":["GET"]}}],"collection":[{"href":"https:\/\/testing.fishntech.com\/fr\/wp-json\/wp\/v2\/product"}],"about":[{"href":"https:\/\/testing.fishntech.com\/fr\/wp-json\/wp\/v2\/types\/product"}],"replies":[{"embeddable":true,"href":"https:\/\/testing.fishntech.com\/fr\/wp-json\/wp\/v2\/comments?post=19381"}],"version-history":[{"count":1,"href":"https:\/\/testing.fishntech.com\/fr\/wp-json\/wp\/v2\/product\/19381\/revisions"}],"predecessor-version":[{"id":120160,"href":"https:\/\/testing.fishntech.com\/fr\/wp-json\/wp\/v2\/product\/19381\/revisions\/120160"}],"wp:featuredmedia":[{"embeddable":true,"href":"https:\/\/testing.fishntech.com\/fr\/wp-json\/wp\/v2\/media\/19380"}],"wp:attachment":[{"href":"https:\/\/testing.fishntech.com\/fr\/wp-json\/wp\/v2\/media?parent=19381"}],"wp:term":[{"taxonomy":"product_brand","embeddable":true,"href":"https:\/\/testing.fishntech.com\/fr\/wp-json\/wp\/v2\/product_brand?post=19381"},{"taxonomy":"product_cat","embeddable":true,"href":"https:\/\/testing.fishntech.com\/fr\/wp-json\/wp\/v2\/product_cat?post=19381"},{"taxonomy":"product_tag","embeddable":true,"href":"https:\/\/testing.fishntech.com\/fr\/wp-json\/wp\/v2\/product_tag?post=19381"}],"curies":[{"name":"wp","href":"https:\/\/api.w.org\/{rel}","templated":true}]}}