{"id":19403,"date":"2023-05-19T16:34:27","date_gmt":"2023-05-19T16:34:27","guid":{"rendered":"https:\/\/testing.fishntech.com\/product\/marinco-4-wire-locking-charger-plug\/"},"modified":"2025-06-05T17:39:46","modified_gmt":"2025-06-05T17:39:46","slug":"marinco-4-wire-locking-charger-plug","status":"publish","type":"product","link":"https:\/\/testing.fishntech.com\/fr\/product\/marinco-4-wire-locking-charger-plug\/","title":{"rendered":"4-Wire Locking Charger Plug"},"content":{"rendered":"<h3>Marinco 4-Wire Locking Charger Plug<\/h3>\n<p><b>12V Charger Plug (male)<\/b><\/p>\n<p><b>Product Features: <\/b><br \/>\nConnects to a 12V battery charger to allow simultaneous charging of two 12V batteries when plugged into the receptacle. Red<\/p>\n<p><img decoding=\"async\" src=\"https:\/\/productimageserver.com\/prop65\/6pt.png\" alt=\"Avertissement\" \/><strong>AVERTISSEMENT :<\/strong> Ce produit peut vous exposer \u00e0 des produits chimiques, notamment le di(2-\u00e9thylhexyl)phtalate (dehp), reconnu par l'\u00c9tat de Californie comme pouvant provoquer des cancers, des malformations cong\u00e9nitales ou d'autres troubles de la reproduction. Pour plus d'informations, consultez le site <a href=\"http:\/\/P65Warnings.ca.gov\" target=\"_blank\" rel=\"noopener\">P65Avertissements.ca.gov<\/a>.<\/p>\n<p><!--- cis2:mm1rl5hl ---><\/p>","protected":false},"excerpt":{"rendered":"<p>Marinco 4-Wire Locking Charger Plug 12V Charger Plug (male) Product Features: Connects to a 12V battery charger to allow simultaneous charging of two 12V batteries when plugged into the receptacle. Red WARNING: This product can expose you to chemicals including di(2-ethylhexyl)phthalate (dehp) which is known to the State of California to cause cancer, birth defects [&hellip;]<\/p>\n","protected":false},"featured_media":19402,"comment_status":"closed","ping_status":"closed","template":"","meta":{"_acf_changed":false},"product_brand":[],"product_cat":[750],"product_tag":[],"class_list":{"0":"post-19403","1":"product","2":"type-product","3":"status-publish","4":"has-post-thumbnail","6":"product_cat-marinco","8":"first","9":"instock","10":"taxable","11":"shipping-taxable","12":"purchasable","13":"product-type-simple"},"acf":[],"_links":{"self":[{"href":"https:\/\/testing.fishntech.com\/fr\/wp-json\/wp\/v2\/product\/19403","targetHints":{"allow":["GET"]}}],"collection":[{"href":"https:\/\/testing.fishntech.com\/fr\/wp-json\/wp\/v2\/product"}],"about":[{"href":"https:\/\/testing.fishntech.com\/fr\/wp-json\/wp\/v2\/types\/product"}],"replies":[{"embeddable":true,"href":"https:\/\/testing.fishntech.com\/fr\/wp-json\/wp\/v2\/comments?post=19403"}],"version-history":[{"count":1,"href":"https:\/\/testing.fishntech.com\/fr\/wp-json\/wp\/v2\/product\/19403\/revisions"}],"predecessor-version":[{"id":120171,"href":"https:\/\/testing.fishntech.com\/fr\/wp-json\/wp\/v2\/product\/19403\/revisions\/120171"}],"wp:featuredmedia":[{"embeddable":true,"href":"https:\/\/testing.fishntech.com\/fr\/wp-json\/wp\/v2\/media\/19402"}],"wp:attachment":[{"href":"https:\/\/testing.fishntech.com\/fr\/wp-json\/wp\/v2\/media?parent=19403"}],"wp:term":[{"taxonomy":"product_brand","embeddable":true,"href":"https:\/\/testing.fishntech.com\/fr\/wp-json\/wp\/v2\/product_brand?post=19403"},{"taxonomy":"product_cat","embeddable":true,"href":"https:\/\/testing.fishntech.com\/fr\/wp-json\/wp\/v2\/product_cat?post=19403"},{"taxonomy":"product_tag","embeddable":true,"href":"https:\/\/testing.fishntech.com\/fr\/wp-json\/wp\/v2\/product_tag?post=19403"}],"curies":[{"name":"wp","href":"https:\/\/api.w.org\/{rel}","templated":true}]}}