{"id":19409,"date":"2023-05-19T16:34:32","date_gmt":"2023-05-19T16:34:32","guid":{"rendered":"https:\/\/testing.fishntech.com\/product\/marinco-4-wire-locking-receptacle-with-flip-lid\/"},"modified":"2025-06-05T17:39:46","modified_gmt":"2025-06-05T17:39:46","slug":"marinco-4-wire-locking-receptacle-with-flip-lid","status":"publish","type":"product","link":"https:\/\/testing.fishntech.com\/fr\/product\/marinco-4-wire-locking-receptacle-with-flip-lid\/","title":{"rendered":"4-Wire Locking Receptacle With Flip Lid"},"content":{"rendered":"<h3>Marinco 4-Wire Locking Receptacle With Flip Lid<\/h3>\n<p><b>Receptacle &amp; Bracket<\/b><\/p>\n<p>Spring loaded flip lid cover and 2018BR receptacle, pre assembled<\/p>\n<p><img decoding=\"async\" src=\"https:\/\/productimageserver.com\/prop65\/6pt.png\" alt=\"Avertissement\" \/><strong>AVERTISSEMENT :<\/strong> Ce produit peut vous exposer \u00e0 des produits chimiques, notamment le di(2-\u00e9thylhexyl)phtalate (dehp), reconnu par l'\u00c9tat de Californie comme pouvant provoquer des cancers, des malformations cong\u00e9nitales ou d'autres troubles de la reproduction. Pour plus d'informations, consultez le site <a href=\"http:\/\/P65Warnings.ca.gov\" target=\"_blank\" rel=\"noopener\">P65Avertissements.ca.gov<\/a>.<\/p>\n<p><!--- cis2:mm1rl5hl ---><\/p>","protected":false},"excerpt":{"rendered":"<p>Marinco 4-Wire Locking Receptacle With Flip Lid Receptacle &amp; Bracket Spring loaded flip lid cover and 2018BR receptacle, pre assembled WARNING: This product can expose you to chemicals including di(2-ethylhexyl)phthalate (dehp) which is known to the State of California to cause cancer, birth defects or other reproductive harm. For more information go to P65Warnings.ca.gov.<\/p>","protected":false},"featured_media":19408,"comment_status":"closed","ping_status":"closed","template":"","meta":{"_acf_changed":false},"product_brand":[],"product_cat":[750],"product_tag":[],"class_list":{"0":"post-19409","1":"product","2":"type-product","3":"status-publish","4":"has-post-thumbnail","6":"product_cat-marinco","8":"first","9":"instock","10":"taxable","11":"shipping-taxable","12":"purchasable","13":"product-type-simple"},"acf":[],"_links":{"self":[{"href":"https:\/\/testing.fishntech.com\/fr\/wp-json\/wp\/v2\/product\/19409","targetHints":{"allow":["GET"]}}],"collection":[{"href":"https:\/\/testing.fishntech.com\/fr\/wp-json\/wp\/v2\/product"}],"about":[{"href":"https:\/\/testing.fishntech.com\/fr\/wp-json\/wp\/v2\/types\/product"}],"replies":[{"embeddable":true,"href":"https:\/\/testing.fishntech.com\/fr\/wp-json\/wp\/v2\/comments?post=19409"}],"version-history":[{"count":1,"href":"https:\/\/testing.fishntech.com\/fr\/wp-json\/wp\/v2\/product\/19409\/revisions"}],"predecessor-version":[{"id":120174,"href":"https:\/\/testing.fishntech.com\/fr\/wp-json\/wp\/v2\/product\/19409\/revisions\/120174"}],"wp:featuredmedia":[{"embeddable":true,"href":"https:\/\/testing.fishntech.com\/fr\/wp-json\/wp\/v2\/media\/19408"}],"wp:attachment":[{"href":"https:\/\/testing.fishntech.com\/fr\/wp-json\/wp\/v2\/media?parent=19409"}],"wp:term":[{"taxonomy":"product_brand","embeddable":true,"href":"https:\/\/testing.fishntech.com\/fr\/wp-json\/wp\/v2\/product_brand?post=19409"},{"taxonomy":"product_cat","embeddable":true,"href":"https:\/\/testing.fishntech.com\/fr\/wp-json\/wp\/v2\/product_cat?post=19409"},{"taxonomy":"product_tag","embeddable":true,"href":"https:\/\/testing.fishntech.com\/fr\/wp-json\/wp\/v2\/product_tag?post=19409"}],"curies":[{"name":"wp","href":"https:\/\/api.w.org\/{rel}","templated":true}]}}