{"id":19587,"date":"2023-06-07T16:56:03","date_gmt":"2023-06-07T16:56:03","guid":{"rendered":"https:\/\/testing.fishntech.com\/?post_type=product&#038;p=19587"},"modified":"2025-06-05T17:42:16","modified_gmt":"2025-06-05T17:42:16","slug":"pompes-de-cale-de-la-serie-rule-gold","status":"publish","type":"product","link":"https:\/\/testing.fishntech.com\/fr\/product\/rule-gold-series-bilge-pumps\/","title":{"rendered":"Pompes de cale Rule Gold Series"},"content":{"rendered":"<p><h3>Pompes de cale Rule Gold Series<\/h3><\/p>\n<p><strong>Caract\u00e9ristiques du produit<\/strong><\/p>\n<ul>\n<li>D\u00e9bit de 1500 \u00e0 3700 GPH<\/li>\n<li>12 volts<\/li>\n<li>Moteurs compacts, efficaces et \u00e0 longue dur\u00e9e de vie, pouvant fonctionner \u00e0 sec pendant de courtes p\u00e9riodes<\/li>\n<li>Bases de tamis faciles \u00e0 nettoyer et \u00e0 verrouiller par pression<\/li>\n<li>Arbres en acier inoxydable<\/li>\n<li>Enti\u00e8rement submersible<\/li>\n<li>C\u00e2blage bloqu\u00e9 de qualit\u00e9 marine<\/li>\n<li>Protection contre la rouille et la corrosion<\/li>\n<li>La coupure thermique int\u00e9gr\u00e9e (TCO) offre une protection suppl\u00e9mentaire \u00e0 la pompe et \u00e0 la cuve.<\/li>\n<li>Fonctionnement silencieux avec un minimum de vibrations<\/li>\n<li>Protection de l'allumage<\/li>\n<li>Certification CE et ISO 8849<\/li>\n<\/ul>\n<p>L'objectif num\u00e9ro un de nos pompes de cale de la s\u00e9rie Rule Gold est de maintenir votre cale exempte d'eau ind\u00e9sirable. C'est aussi simple que cela. Une ing\u00e9nierie et des tests rigoureux garantissent que nous continuons \u00e0 fournir des pompes capables de g\u00e9rer efficacement le d\u00e9bit le plus \u00e9lev\u00e9, m\u00eame dans les applications les plus difficiles.<\/p>\n<p>Les pompes de cale de la s\u00e9rie Rule Gold sont des produits autonomes dont les interrupteurs sont vendus s\u00e9par\u00e9ment. Les pompes peuvent \u00eatre associ\u00e9es \u00e0 un interrupteur \u00e0 flotteur ou \u00e0 un interrupteur \u00e0 panneau, offrant ainsi un niveau suppl\u00e9mentaire de s\u00e9curit\u00e9 et de protection.<\/p>\n<p>Les pompes de cale de la s\u00e9rie Rule Gold sont con\u00e7ues avec des bases de cr\u00e9pine \u00e0 verrouillage rapide permettant un acc\u00e8s facile pour nettoyer la cr\u00e9pine et la cavit\u00e9 de l'impulseur. Elles sont \u00e9galement \u00e9quip\u00e9es d'un clapet anti-retour qui emp\u00eache l'eau laiss\u00e9e dans le refoulement de refluer, ce qui permet de garder les cales plus s\u00e8ches et plus propres.<\/p>\n<p>Les pompes de cale de la s\u00e9rie Rule Gold sont dot\u00e9es d'un corps de roue ventil\u00e9 afin d'\u00e9viter que la pompe ne s'enferme dans l'air. Des raccords de refoulement amovibles, y compris des orifices droits ou \u00e0 90 degr\u00e9s, sont \u00e9galement disponibles pour r\u00e9pondre \u00e0 vos besoins d'installation.<\/p>\n<p>Les pompes d'ass\u00e8chement Rule Gold Series respectent ou d\u00e9passent les normes RoHS, IMCI, CE et ISO, sont des produits r\u00e9pertori\u00e9s par la NMMA et b\u00e9n\u00e9ficient d'une garantie limit\u00e9e de 5 ans.<\/p>","protected":false},"excerpt":{"rendered":"<p>Rule Gold Series Bilge Pumps Product Features Flow rates from 1500-3700 GPH 12 volt Compact, efficient, long-life motors with ability to run dry for short periods Easy-clean, snap-lock strainer bases Stainless steel shafts Completely submersible Marine-grade blocked wiring Rust and corrosion protection Built-in Thermal Cut-Off (TCO) provides added protection for pump and vessel Silent operation [&hellip;]<\/p>\n","protected":false},"featured_media":19588,"comment_status":"closed","ping_status":"closed","template":"","meta":{"_acf_changed":false},"product_brand":[],"product_cat":[852,749],"product_tag":[797],"class_list":{"0":"post-19587","1":"product","2":"type-product","3":"status-publish","4":"has-post-thumbnail","6":"product_cat-boat-pumps","7":"product_cat-rule-products","8":"product_tag-bilge-pump","10":"first","11":"instock","12":"taxable","13":"shipping-taxable","14":"purchasable","15":"product-type-variable"},"acf":[],"_links":{"self":[{"href":"https:\/\/testing.fishntech.com\/fr\/wp-json\/wp\/v2\/product\/19587","targetHints":{"allow":["GET"]}}],"collection":[{"href":"https:\/\/testing.fishntech.com\/fr\/wp-json\/wp\/v2\/product"}],"about":[{"href":"https:\/\/testing.fishntech.com\/fr\/wp-json\/wp\/v2\/types\/product"}],"replies":[{"embeddable":true,"href":"https:\/\/testing.fishntech.com\/fr\/wp-json\/wp\/v2\/comments?post=19587"}],"version-history":[{"count":1,"href":"https:\/\/testing.fishntech.com\/fr\/wp-json\/wp\/v2\/product\/19587\/revisions"}],"predecessor-version":[{"id":120718,"href":"https:\/\/testing.fishntech.com\/fr\/wp-json\/wp\/v2\/product\/19587\/revisions\/120718"}],"wp:featuredmedia":[{"embeddable":true,"href":"https:\/\/testing.fishntech.com\/fr\/wp-json\/wp\/v2\/media\/19588"}],"wp:attachment":[{"href":"https:\/\/testing.fishntech.com\/fr\/wp-json\/wp\/v2\/media?parent=19587"}],"wp:term":[{"taxonomy":"product_brand","embeddable":true,"href":"https:\/\/testing.fishntech.com\/fr\/wp-json\/wp\/v2\/product_brand?post=19587"},{"taxonomy":"product_cat","embeddable":true,"href":"https:\/\/testing.fishntech.com\/fr\/wp-json\/wp\/v2\/product_cat?post=19587"},{"taxonomy":"product_tag","embeddable":true,"href":"https:\/\/testing.fishntech.com\/fr\/wp-json\/wp\/v2\/product_tag?post=19587"}],"curies":[{"name":"wp","href":"https:\/\/api.w.org\/{rel}","templated":true}]}}