{"id":19623,"date":"2023-06-07T17:54:45","date_gmt":"2023-06-07T17:54:45","guid":{"rendered":"https:\/\/testing.fishntech.com\/product\/rule-12v-square-bilge-pump-800-g-p-h\/"},"modified":"2025-06-05T17:42:02","modified_gmt":"2025-06-05T17:42:02","slug":"rule-12v-square-bilge-pump-800-g-p-h","status":"publish","type":"product","link":"https:\/\/testing.fishntech.com\/fr\/product\/rule-12v-square-bilge-pump-800-g-p-h\/","title":{"rendered":"Pompe de cale carr\u00e9e Rule 12V - 800 G.P.H"},"content":{"rendered":"<p><h3>Pompe de cale carr\u00e9e Rule 12V - 800 G.P.H<\/h3><\/p>\n<p><strong>Caract\u00e9ristiques du produit<\/strong><\/p>\n<ul>\n<li>Moteurs compacts, efficaces et \u00e0 longue dur\u00e9e de vie, pouvant fonctionner \u00e0 sec pendant de courtes p\u00e9riodes<\/li>\n<li>Bases de tamis faciles \u00e0 nettoyer et \u00e0 verrouiller par pression<\/li>\n<li>Arbres en acier inoxydable<\/li>\n<li>Enti\u00e8rement submersible<\/li>\n<li>C\u00e2blage bloqu\u00e9 de qualit\u00e9 marine<\/li>\n<li>Protection contre la rouille et la corrosion<\/li>\n<li>La coupure thermique int\u00e9gr\u00e9e (TCO) offre une protection suppl\u00e9mentaire \u00e0 la pompe et \u00e0 la cuve.<\/li>\n<li>Fonctionnement silencieux avec un minimum de vibrations<\/li>\n<li>Protection de l'allumage<\/li>\n<li>Certification CE et ISO 8849<\/li>\n<\/ul>\n<p>Keeping your bilge clear of nuisance water is the number one objective of our Rule Standard Bilge Pumps. Simple as that. Rigorous engineering and testing ensure that we keep delivering pumps that can efficiently handle the highest flow even in the most challenging applications.<\/p>\n<p>Rule Standard Bilge Pumps are standalone products with switches sold separately. The pumps can be paired with a float or panel switch, providing an extra level of security and protection.<\/p>\n<p>Our Standard Bilge Pumps are engineered with snap-lock strainer bases allowing for easy access to clean the strainer and impeller cavity. They also feature a non-return valve that prevents water left in the discharge from running back, keeping bilges dryer and cleaner.<\/p>\n<p>Rule Standard Bilge Pumps include a vented impeller housing to prevent the pump from becoming airlocked. Removable discharge fittings, including straight or 90-degree ports are available to suit your installation requirements as well.<\/p>\n<p>Rule Standard Bilge Pumps meet or exceed RoHS, IMCI, CE and ISO standards, are NMMA listed products, and come with a limited 3-year warranty.<\/p>","protected":false},"excerpt":{"rendered":"<p>Rule 12V Square Bilge Pump &#8211; 800 G.P.H Product Features Compact, efficient, long-life motors with ability to run dry for short periods Easy-clean, snap-lock strainer bases Stainless steel shafts Completely submersible Marine-grade blocked wiring Rust and corrosion protection Built-in Thermal Cut-Off (TCO) provides added protection for pump and vessel Silent operation with minimal vibration Ignition [&hellip;]<\/p>\n","protected":false},"featured_media":19622,"comment_status":"closed","ping_status":"closed","template":"","meta":{"_acf_changed":false},"product_brand":[],"product_cat":[852,749],"product_tag":[797],"class_list":{"0":"post-19623","1":"product","2":"type-product","3":"status-publish","4":"has-post-thumbnail","6":"product_cat-boat-pumps","7":"product_cat-rule-products","8":"product_tag-bilge-pump","10":"first","11":"instock","12":"taxable","13":"shipping-taxable","14":"purchasable","15":"product-type-simple"},"acf":[],"_links":{"self":[{"href":"https:\/\/testing.fishntech.com\/fr\/wp-json\/wp\/v2\/product\/19623","targetHints":{"allow":["GET"]}}],"collection":[{"href":"https:\/\/testing.fishntech.com\/fr\/wp-json\/wp\/v2\/product"}],"about":[{"href":"https:\/\/testing.fishntech.com\/fr\/wp-json\/wp\/v2\/types\/product"}],"replies":[{"embeddable":true,"href":"https:\/\/testing.fishntech.com\/fr\/wp-json\/wp\/v2\/comments?post=19623"}],"version-history":[{"count":1,"href":"https:\/\/testing.fishntech.com\/fr\/wp-json\/wp\/v2\/product\/19623\/revisions"}],"predecessor-version":[{"id":120702,"href":"https:\/\/testing.fishntech.com\/fr\/wp-json\/wp\/v2\/product\/19623\/revisions\/120702"}],"wp:featuredmedia":[{"embeddable":true,"href":"https:\/\/testing.fishntech.com\/fr\/wp-json\/wp\/v2\/media\/19622"}],"wp:attachment":[{"href":"https:\/\/testing.fishntech.com\/fr\/wp-json\/wp\/v2\/media?parent=19623"}],"wp:term":[{"taxonomy":"product_brand","embeddable":true,"href":"https:\/\/testing.fishntech.com\/fr\/wp-json\/wp\/v2\/product_brand?post=19623"},{"taxonomy":"product_cat","embeddable":true,"href":"https:\/\/testing.fishntech.com\/fr\/wp-json\/wp\/v2\/product_cat?post=19623"},{"taxonomy":"product_tag","embeddable":true,"href":"https:\/\/testing.fishntech.com\/fr\/wp-json\/wp\/v2\/product_tag?post=19623"}],"curies":[{"name":"wp","href":"https:\/\/api.w.org\/{rel}","templated":true}]}}