{"id":19785,"date":"2023-06-08T16:58:46","date_gmt":"2023-06-08T16:58:46","guid":{"rendered":"https:\/\/testing.fishntech.com\/?post_type=product&#038;p=19785"},"modified":"2025-06-05T17:42:26","modified_gmt":"2025-06-05T17:42:26","slug":"rule-24v-electronic-sensing-bilge-pumps","status":"publish","type":"product","link":"https:\/\/testing.fishntech.com\/fr\/product\/rule-24v-electronic-sensing-bilge-pumps\/","title":{"rendered":"Pompes de cale \u00e0 d\u00e9tection \u00e9lectronique Rule 24V"},"content":{"rendered":"<p><h3>Pompes de cale \u00e0 d\u00e9tection \u00e9lectronique Rule 24V<\/h3><\/p>\n<p><strong>Caract\u00e9ristiques du produit<\/strong><\/p>\n<ul>\n<li>Automatic water sensing (no separate float switch required)<\/li>\n<li>Flow rates of 500 and 1100 GPH<\/li>\n<li>24 volt<\/li>\n<li>Moteurs compacts, efficaces et \u00e0 longue dur\u00e9e de vie, pouvant fonctionner \u00e0 sec pendant de courtes p\u00e9riodes<\/li>\n<li>Bases de tamis faciles \u00e0 nettoyer et \u00e0 verrouiller par pression<\/li>\n<li>Arbres en acier inoxydable<\/li>\n<li>Enti\u00e8rement submersible<\/li>\n<li>C\u00e2blage bloqu\u00e9 de qualit\u00e9 marine<\/li>\n<li>Protection contre la rouille et la corrosion<\/li>\n<li>La coupure thermique int\u00e9gr\u00e9e (TCO) offre une protection suppl\u00e9mentaire \u00e0 la pompe et \u00e0 la cuve.<\/li>\n<li>Fonctionnement silencieux avec un minimum de vibrations<\/li>\n<li>Protection de l'allumage<\/li>\n<li>Certification CE et ISO 8849<\/li>\n<\/ul>\n<p>Rule Electronic Sensing Bilge Pumps check for water every 2 &frac12; minutes and keep bilge water at the lowest level of any automatic bilge pump. A standard pump and float switch allows water to reach 2&rdquo; (5cm) before it activates. Rule Electronic Sensing Bilge Pumps activate at 5\/8&rdquo; (1.6cm) and drain water down to &frac14;&rdquo; (0.6cm).<\/p>\n<p>Rule bilge pumps provide ultimate pumping performance, which helps keep your bilge clear of nuisance water. Rule bilge pumps are engineered and tested to the highest standard, achieving rated performance at 12V, resulting in high flow with best-in-class efficiency for the toughest applications. &nbsp;<\/p>","protected":false},"excerpt":{"rendered":"<p>Rule 24V Electronic Sensing Bilge Pumps Product Features Automatic water sensing (no separate float switch required) Flow rates of 500 and 1100 GPH 24 volt Compact, efficient, long-life motors with ability to run dry for short periods Easy-clean, snap-lock strainer bases Stainless steel shafts Completely submersible Marine-grade blocked wiring Rust and corrosion protection Built-in Thermal [&hellip;]<\/p>\n","protected":false},"featured_media":19620,"comment_status":"closed","ping_status":"closed","template":"","meta":{"_acf_changed":false},"product_brand":[],"product_cat":[852,749],"product_tag":[797],"class_list":{"0":"post-19785","1":"product","2":"type-product","3":"status-publish","4":"has-post-thumbnail","6":"product_cat-boat-pumps","7":"product_cat-rule-products","8":"product_tag-bilge-pump","10":"first","11":"instock","12":"taxable","13":"shipping-taxable","14":"purchasable","15":"product-type-variable"},"acf":[],"_links":{"self":[{"href":"https:\/\/testing.fishntech.com\/fr\/wp-json\/wp\/v2\/product\/19785","targetHints":{"allow":["GET"]}}],"collection":[{"href":"https:\/\/testing.fishntech.com\/fr\/wp-json\/wp\/v2\/product"}],"about":[{"href":"https:\/\/testing.fishntech.com\/fr\/wp-json\/wp\/v2\/types\/product"}],"replies":[{"embeddable":true,"href":"https:\/\/testing.fishntech.com\/fr\/wp-json\/wp\/v2\/comments?post=19785"}],"version-history":[{"count":1,"href":"https:\/\/testing.fishntech.com\/fr\/wp-json\/wp\/v2\/product\/19785\/revisions"}],"predecessor-version":[{"id":120713,"href":"https:\/\/testing.fishntech.com\/fr\/wp-json\/wp\/v2\/product\/19785\/revisions\/120713"}],"wp:featuredmedia":[{"embeddable":true,"href":"https:\/\/testing.fishntech.com\/fr\/wp-json\/wp\/v2\/media\/19620"}],"wp:attachment":[{"href":"https:\/\/testing.fishntech.com\/fr\/wp-json\/wp\/v2\/media?parent=19785"}],"wp:term":[{"taxonomy":"product_brand","embeddable":true,"href":"https:\/\/testing.fishntech.com\/fr\/wp-json\/wp\/v2\/product_brand?post=19785"},{"taxonomy":"product_cat","embeddable":true,"href":"https:\/\/testing.fishntech.com\/fr\/wp-json\/wp\/v2\/product_cat?post=19785"},{"taxonomy":"product_tag","embeddable":true,"href":"https:\/\/testing.fishntech.com\/fr\/wp-json\/wp\/v2\/product_tag?post=19785"}],"curies":[{"name":"wp","href":"https:\/\/api.w.org\/{rel}","templated":true}]}}