{"id":19797,"date":"2023-06-08T18:23:35","date_gmt":"2023-06-08T18:23:35","guid":{"rendered":"https:\/\/testing.fishntech.com\/?post_type=product&#038;p=19797"},"modified":"2025-06-05T17:42:37","modified_gmt":"2025-06-05T17:42:37","slug":"rule-mate-lopro-bilge-pumps","status":"publish","type":"product","link":"https:\/\/testing.fishntech.com\/fr\/product\/rule-mate-lopro-bilge-pumps\/","title":{"rendered":"Pompes de cale Rule-Mate LoPro"},"content":{"rendered":"<p><h3>Pompes de cale Rule-Mate LoPro<\/h3><\/p>\n<p><strong>Caract\u00e9ristiques du produit<\/strong><\/p>\n<ul>\n<li>Choice of operational mode to meet your specific requirements &ndash; high or low water sensing mode or automatic timed mode<\/li>\n<li>900 (gph) 3407 (lph)<\/li>\n<li>Moteurs compacts, efficaces et \u00e0 longue dur\u00e9e de vie, pouvant fonctionner \u00e0 sec pendant de courtes p\u00e9riodes<\/li>\n<li>Fail safe back up feature<\/li>\n<li>Fully rotating discharge body to ease install<\/li>\n<li>Choice of discharge ports supplied with each pump<\/li>\n<li>Backflow prevention valve<\/li>\n<li>Horizontal or vertical mounting to accommodate your boat&rsquo;s bilge<\/li>\n<li>La coupure thermique int\u00e9gr\u00e9e (TCO) offre une protection suppl\u00e9mentaire \u00e0 la pompe et \u00e0 la cuve.<\/li>\n<li>C\u00e2blage bloqu\u00e9 de qualit\u00e9 marine<\/li>\n<li>Fonctionnement silencieux avec un minimum de vibrations<\/li>\n<li>Protection de l'allumage<\/li>\n<li>Certification CE et ISO 8849<\/li>\n<\/ul>\n<p>The Rule LoPro bilge pump accommodates tight spaces and shallower bilges. Multiple operational modes are available to meet your specific requirements.&nbsp;<\/p>\n<p>The LP900S model features two automated modes. The first one engages the pump when the water level reaches your desired level of either 2&rdquo; (5 cm) or 1.3&rdquo; (3.25 cm); and the second one checks for water by briefly turning on the pump every 2.5 minutes.<\/p>\n<p>The LP900D model has no sensors and uses a traditional float and\/or panel switch for operation.<\/p>","protected":false},"excerpt":{"rendered":"<p>Rule-Mate LoPro Bilge Pumps Product Features Choice of operational mode to meet your specific requirements &ndash; high or low water sensing mode or automatic timed mode 900 (gph) 3407 (lph) Compact, efficient, long-life motors with ability to run dry for short periods Fail safe back up feature Fully rotating discharge body to ease install Choice [&hellip;]<\/p>\n","protected":false},"featured_media":19799,"comment_status":"closed","ping_status":"closed","template":"","meta":{"_acf_changed":false},"product_brand":[],"product_cat":[852,749],"product_tag":[797],"class_list":{"0":"post-19797","1":"product","2":"type-product","3":"status-publish","4":"has-post-thumbnail","6":"product_cat-boat-pumps","7":"product_cat-rule-products","8":"product_tag-bilge-pump","10":"first","11":"instock","12":"taxable","13":"shipping-taxable","14":"purchasable","15":"product-type-variable"},"acf":[],"_links":{"self":[{"href":"https:\/\/testing.fishntech.com\/fr\/wp-json\/wp\/v2\/product\/19797","targetHints":{"allow":["GET"]}}],"collection":[{"href":"https:\/\/testing.fishntech.com\/fr\/wp-json\/wp\/v2\/product"}],"about":[{"href":"https:\/\/testing.fishntech.com\/fr\/wp-json\/wp\/v2\/types\/product"}],"replies":[{"embeddable":true,"href":"https:\/\/testing.fishntech.com\/fr\/wp-json\/wp\/v2\/comments?post=19797"}],"version-history":[{"count":1,"href":"https:\/\/testing.fishntech.com\/fr\/wp-json\/wp\/v2\/product\/19797\/revisions"}],"predecessor-version":[{"id":120721,"href":"https:\/\/testing.fishntech.com\/fr\/wp-json\/wp\/v2\/product\/19797\/revisions\/120721"}],"wp:featuredmedia":[{"embeddable":true,"href":"https:\/\/testing.fishntech.com\/fr\/wp-json\/wp\/v2\/media\/19799"}],"wp:attachment":[{"href":"https:\/\/testing.fishntech.com\/fr\/wp-json\/wp\/v2\/media?parent=19797"}],"wp:term":[{"taxonomy":"product_brand","embeddable":true,"href":"https:\/\/testing.fishntech.com\/fr\/wp-json\/wp\/v2\/product_brand?post=19797"},{"taxonomy":"product_cat","embeddable":true,"href":"https:\/\/testing.fishntech.com\/fr\/wp-json\/wp\/v2\/product_cat?post=19797"},{"taxonomy":"product_tag","embeddable":true,"href":"https:\/\/testing.fishntech.com\/fr\/wp-json\/wp\/v2\/product_tag?post=19797"}],"curies":[{"name":"wp","href":"https:\/\/api.w.org\/{rel}","templated":true}]}}