{"id":4259,"date":"2021-03-14T23:35:13","date_gmt":"2021-03-14T23:35:13","guid":{"rendered":"https:\/\/testing.fishntech.com\/?post_type=product&#038;p=4259"},"modified":"2025-06-05T17:44:05","modified_gmt":"2025-06-05T17:44:05","slug":"th-marine-g-force-silencer-trolling-motor-vibration-pad","status":"publish","type":"product","link":"https:\/\/testing.fishntech.com\/fr\/product\/th-marine-g-force-silencer-trolling-motor-vibration-pad\/","title":{"rendered":"G-Force SILENCER Trolling Motor Vibration Pad"},"content":{"rendered":"<p><strong>G-Force SILENCER Trolling Motor Vibration Pad\u00a0<\/strong><\/p>\n<p>The G-Force SILENCER\u2122 is a simple trolling motor modification that can help extend the life of your investment and improve function. Custom cut to fit both Motorguide and Minn Kota trolling motor mounts, the G-Force SILENCER\u2122\u00a0creates a soft padded surface on your trolling motor mount that eliminates abrasive metal-on-metal contact. In addition to extending the life of trolling motor mounts, the G-Force SILENCER\u2122\u00a0also quiets the harsh \u201cclanking\u201d noise associated with pulling your trolling motor out of the water. Protect your investment with the simple and quick addition of the T-H Marine\u00a0G-Force SILENCER\u2122.<\/p>\n<p><strong>Caract\u00e9ristiques :<\/strong><\/p>\n<ul>\n<li>Extends life of trolling motor<\/li>\n<li>Reduces noise and vibration<\/li>\n<li>Eliminates metal-to-metal contact<\/li>\n<li>Prevents harsh clanking when stowing trolling motor<\/li>\n<li>Package will contain product for Motorguide and Minn Kota<\/li>\n<\/ul>\n<p><img decoding=\"async\" src=\"https:\/\/productimageserver.com\/prop65\/6pt.png\" alt=\"Avertissement\" \/><strong>AVERTISSEMENT :<\/strong> Ce produit peut vous exposer \u00e0 des produits chimiques qui sont reconnus par l'\u00c9tat de Californie comme causant le cancer, des malformations cong\u00e9nitales ou d'autres troubles de la reproduction. Pour plus d'informations, consultez le site <a href=\"http:\/\/P65Warnings.ca.gov\" target=\"_blank\" rel=\"noopener\">P65Avertissements.ca.gov<\/a>.<\/p>\n<p><!--- cis2:mm1rl5hl ---><\/p>","protected":false},"excerpt":{"rendered":"<p>G-Force SILENCER Trolling Motor Vibration Pad\u00a0 The G-Force SILENCER\u2122 is a simple trolling motor modification that can help extend the life of your investment and improve function. Custom cut to fit both Motorguide and Minn Kota trolling motor mounts, the G-Force SILENCER\u2122\u00a0creates a soft padded surface on your trolling motor mount that eliminates abrasive metal-on-metal [&hellip;]<\/p>\n","protected":false},"featured_media":4214,"comment_status":"closed","ping_status":"closed","template":"","meta":{"_acf_changed":false},"product_brand":[],"product_cat":[271,267],"product_tag":[272],"class_list":{"0":"post-4259","1":"product","2":"type-product","3":"status-publish","4":"has-post-thumbnail","6":"product_cat-g-force","7":"product_cat-th-marine","8":"product_tag-tmaccessory","10":"first","11":"instock","12":"taxable","13":"shipping-taxable","14":"purchasable","15":"product-type-variable"},"acf":[],"_links":{"self":[{"href":"https:\/\/testing.fishntech.com\/fr\/wp-json\/wp\/v2\/product\/4259","targetHints":{"allow":["GET"]}}],"collection":[{"href":"https:\/\/testing.fishntech.com\/fr\/wp-json\/wp\/v2\/product"}],"about":[{"href":"https:\/\/testing.fishntech.com\/fr\/wp-json\/wp\/v2\/types\/product"}],"replies":[{"embeddable":true,"href":"https:\/\/testing.fishntech.com\/fr\/wp-json\/wp\/v2\/comments?post=4259"}],"version-history":[{"count":1,"href":"https:\/\/testing.fishntech.com\/fr\/wp-json\/wp\/v2\/product\/4259\/revisions"}],"predecessor-version":[{"id":120889,"href":"https:\/\/testing.fishntech.com\/fr\/wp-json\/wp\/v2\/product\/4259\/revisions\/120889"}],"wp:featuredmedia":[{"embeddable":true,"href":"https:\/\/testing.fishntech.com\/fr\/wp-json\/wp\/v2\/media\/4214"}],"wp:attachment":[{"href":"https:\/\/testing.fishntech.com\/fr\/wp-json\/wp\/v2\/media?parent=4259"}],"wp:term":[{"taxonomy":"product_brand","embeddable":true,"href":"https:\/\/testing.fishntech.com\/fr\/wp-json\/wp\/v2\/product_brand?post=4259"},{"taxonomy":"product_cat","embeddable":true,"href":"https:\/\/testing.fishntech.com\/fr\/wp-json\/wp\/v2\/product_cat?post=4259"},{"taxonomy":"product_tag","embeddable":true,"href":"https:\/\/testing.fishntech.com\/fr\/wp-json\/wp\/v2\/product_tag?post=4259"}],"curies":[{"name":"wp","href":"https:\/\/api.w.org\/{rel}","templated":true}]}}