{"id":4480,"date":"2021-03-19T19:27:43","date_gmt":"2021-03-19T19:27:43","guid":{"rendered":"https:\/\/testing.fishntech.com\/product\/motorguide-quick-release-bracket-composite-white\/"},"modified":"2025-06-05T17:40:24","modified_gmt":"2025-06-05T17:40:24","slug":"motorguide-quick-release-bracket-composite-white","status":"publish","type":"product","link":"https:\/\/testing.fishntech.com\/fr\/product\/motorguide-quick-release-bracket-composite-white\/","title":{"rendered":"Quick Release Bracket Composite"},"content":{"rendered":"<p><strong>Quick-Release Bracket, Composite, White<\/strong><\/p>\n<p>The Quick-Release Bracket provides quick installation and removal of MotorGuide Xi5 trolling motors as well &nbsp;as competitive electric steer motors. Low profile and small foot print don&#8217;t take up much space on boat deck. Tough composite nylon construction with stainless steel hardware included. Bracket can be secured with a padlock for theft protection.&nbsp;<\/p>\n<p><strong>White model.<\/strong><\/p>\n<ul>\n<li>Low profile design<\/li>\n<li>Made out of composite material<\/li>\n<li>Blanc<\/li>\n<\/ul>\n<p><img decoding=\"async\" src=\"https:\/\/productimageserver.com\/prop65\/6pt.png\" alt=\"Avertissement\" \/><strong>AVERTISSEMENT :<\/strong> Ce produit peut vous exposer \u00e0 des produits chimiques qui sont reconnus par l'\u00c9tat de Californie comme causant le cancer, des malformations cong\u00e9nitales ou d'autres troubles de la reproduction. Pour plus d'informations, consultez le site <a href=\"http:\/\/P65Warnings.ca.gov\" target=\"_blank\" rel=\"noopener\">P65Avertissements.ca.gov<\/a>.<\/p>\n<p> <!--- cis2:mm1rl5hl ---><\/p>","protected":false},"excerpt":{"rendered":"<p>Quick-Release Bracket, Composite, White The Quick-Release Bracket provides quick installation and removal of MotorGuide Xi5 trolling motors as well &nbsp;as competitive electric steer motors. Low profile and small foot print don&#8217;t take up much space on boat deck. Tough composite nylon construction with stainless steel hardware included. Bracket can be secured with a padlock for [&hellip;]<\/p>\n","protected":false},"featured_media":4479,"comment_status":"closed","ping_status":"closed","template":"","meta":{"_acf_changed":false},"product_brand":[],"product_cat":[291],"product_tag":[272],"class_list":{"0":"post-4480","1":"product","2":"type-product","3":"status-publish","4":"has-post-thumbnail","6":"product_cat-motorguide","7":"product_tag-tmaccessory","9":"first","10":"instock","11":"taxable","12":"shipping-taxable","13":"purchasable","14":"product-type-simple"},"acf":[],"_links":{"self":[{"href":"https:\/\/testing.fishntech.com\/fr\/wp-json\/wp\/v2\/product\/4480","targetHints":{"allow":["GET"]}}],"collection":[{"href":"https:\/\/testing.fishntech.com\/fr\/wp-json\/wp\/v2\/product"}],"about":[{"href":"https:\/\/testing.fishntech.com\/fr\/wp-json\/wp\/v2\/types\/product"}],"replies":[{"embeddable":true,"href":"https:\/\/testing.fishntech.com\/fr\/wp-json\/wp\/v2\/comments?post=4480"}],"version-history":[{"count":1,"href":"https:\/\/testing.fishntech.com\/fr\/wp-json\/wp\/v2\/product\/4480\/revisions"}],"predecessor-version":[{"id":120399,"href":"https:\/\/testing.fishntech.com\/fr\/wp-json\/wp\/v2\/product\/4480\/revisions\/120399"}],"wp:featuredmedia":[{"embeddable":true,"href":"https:\/\/testing.fishntech.com\/fr\/wp-json\/wp\/v2\/media\/4479"}],"wp:attachment":[{"href":"https:\/\/testing.fishntech.com\/fr\/wp-json\/wp\/v2\/media?parent=4480"}],"wp:term":[{"taxonomy":"product_brand","embeddable":true,"href":"https:\/\/testing.fishntech.com\/fr\/wp-json\/wp\/v2\/product_brand?post=4480"},{"taxonomy":"product_cat","embeddable":true,"href":"https:\/\/testing.fishntech.com\/fr\/wp-json\/wp\/v2\/product_cat?post=4480"},{"taxonomy":"product_tag","embeddable":true,"href":"https:\/\/testing.fishntech.com\/fr\/wp-json\/wp\/v2\/product_tag?post=4480"}],"curies":[{"name":"wp","href":"https:\/\/api.w.org\/{rel}","templated":true}]}}