{"id":4486,"date":"2021-03-19T19:27:55","date_gmt":"2021-03-19T19:27:55","guid":{"rendered":"https:\/\/testing.fishntech.com\/product\/motorguide-trolling-motor-receptacle-medium-duty\/"},"modified":"2025-06-05T17:40:24","modified_gmt":"2025-06-05T17:40:24","slug":"motorguide-trolling-motor-receptacle-medium-duty","status":"publish","type":"product","link":"https:\/\/testing.fishntech.com\/fr\/product\/motorguide-trolling-motor-receptacle-medium-duty\/","title":{"rendered":"Trolling Motor Receptacle"},"content":{"rendered":"<p><b>Medium-Duty Trolling Motor Receptacle<\/b><\/p>\n<p>MotorGuide&#8217;s Medium-Duty Trolling Motor Receptacle is compatible with  12,<br \/>24 and 36 volt trolling motors.  Universal design for 2 or 3-wire<br \/>configuration.  Standard 1-1\/8&#8243; diameter mounting hole.  Watertight sealing<br \/>cap.  Drain holes in receptacle keep water away from electrical components.<br \/>Accepts 8 and 10 gauge wire.<\/p>\n<p><ul><li>Corrosion resistant<br \/><li>Plated brass electrical components<br \/><li>Easy to install<\/li><\/ul><\/p>\n<p><img decoding=\"async\" src=\"https:\/\/productimageserver.com\/prop65\/6pt.png\" alt=\"Avertissement\" \/><strong>AVERTISSEMENT :<\/strong> Ce produit peut vous exposer \u00e0 des produits chimiques qui sont reconnus par l'\u00c9tat de Californie comme causant le cancer, des malformations cong\u00e9nitales ou d'autres troubles de la reproduction. Pour plus d'informations, consultez le site <a href=\"http:\/\/P65Warnings.ca.gov\" target=\"_blank\" rel=\"noopener\">P65Avertissements.ca.gov<\/a>.<\/p>\n<p> <!--- cis2:mm1rl5hl ---><\/p>","protected":false},"excerpt":{"rendered":"<p>Medium-Duty Trolling Motor Receptacle MotorGuide&#8217;s Medium-Duty Trolling Motor Receptacle is compatible with 12,24 and 36 volt trolling motors. Universal design for 2 or 3-wireconfiguration. Standard 1-1\/8&#8243; diameter mounting hole. Watertight sealingcap. Drain holes in receptacle keep water away from electrical components.Accepts 8 and 10 gauge wire. Corrosion resistantPlated brass electrical componentsEasy to install WARNING: This [&hellip;]<\/p>\n","protected":false},"featured_media":4485,"comment_status":"closed","ping_status":"closed","template":"","meta":{"_acf_changed":false},"product_brand":[],"product_cat":[291],"product_tag":[272],"class_list":{"0":"post-4486","1":"product","2":"type-product","3":"status-publish","4":"has-post-thumbnail","6":"product_cat-motorguide","7":"product_tag-tmaccessory","9":"first","10":"instock","11":"taxable","12":"shipping-taxable","13":"purchasable","14":"product-type-simple"},"acf":[],"_links":{"self":[{"href":"https:\/\/testing.fishntech.com\/fr\/wp-json\/wp\/v2\/product\/4486","targetHints":{"allow":["GET"]}}],"collection":[{"href":"https:\/\/testing.fishntech.com\/fr\/wp-json\/wp\/v2\/product"}],"about":[{"href":"https:\/\/testing.fishntech.com\/fr\/wp-json\/wp\/v2\/types\/product"}],"replies":[{"embeddable":true,"href":"https:\/\/testing.fishntech.com\/fr\/wp-json\/wp\/v2\/comments?post=4486"}],"version-history":[{"count":1,"href":"https:\/\/testing.fishntech.com\/fr\/wp-json\/wp\/v2\/product\/4486\/revisions"}],"predecessor-version":[{"id":120402,"href":"https:\/\/testing.fishntech.com\/fr\/wp-json\/wp\/v2\/product\/4486\/revisions\/120402"}],"wp:featuredmedia":[{"embeddable":true,"href":"https:\/\/testing.fishntech.com\/fr\/wp-json\/wp\/v2\/media\/4485"}],"wp:attachment":[{"href":"https:\/\/testing.fishntech.com\/fr\/wp-json\/wp\/v2\/media?parent=4486"}],"wp:term":[{"taxonomy":"product_brand","embeddable":true,"href":"https:\/\/testing.fishntech.com\/fr\/wp-json\/wp\/v2\/product_brand?post=4486"},{"taxonomy":"product_cat","embeddable":true,"href":"https:\/\/testing.fishntech.com\/fr\/wp-json\/wp\/v2\/product_cat?post=4486"},{"taxonomy":"product_tag","embeddable":true,"href":"https:\/\/testing.fishntech.com\/fr\/wp-json\/wp\/v2\/product_tag?post=4486"}],"curies":[{"name":"wp","href":"https:\/\/api.w.org\/{rel}","templated":true}]}}