{"id":4488,"date":"2021-03-19T19:28:04","date_gmt":"2021-03-19T19:28:04","guid":{"rendered":"https:\/\/testing.fishntech.com\/product\/motorguide-6-gauge-wire-receptacle-adapter\/"},"modified":"2025-06-05T17:40:24","modified_gmt":"2025-06-05T17:40:24","slug":"motorguide-6-gauge-wire-receptacle-adapter","status":"publish","type":"product","link":"https:\/\/testing.fishntech.com\/fr\/product\/motorguide-6-gauge-wire-receptacle-adapter\/","title":{"rendered":"6-Gauge Wire Receptacle Adapter"},"content":{"rendered":"<p><b>6 Gauge Wire Receptacle Adapter<\/b><\/p>\n<p>MotorGuide&#8217;s 6 Gauge Wire Receptacle Adapter converts original receptacle to<br \/>6 gauge wiring.<\/p>\n<p><ul><li>Allows 6 gauge wire connection to MotorGuide medium-duty trolling<br \/>motor receptacle<br \/><li>Corrosion resistant<br \/><li>Plated brass electrical components<\/li><\/ul><\/p>\n<p><img decoding=\"async\" src=\"https:\/\/productimageserver.com\/prop65\/6pt.png\" alt=\"Avertissement\" \/><strong>AVERTISSEMENT :<\/strong> Ce produit peut vous exposer \u00e0 des produits chimiques qui sont reconnus par l'\u00c9tat de Californie comme causant le cancer, des malformations cong\u00e9nitales ou d'autres troubles de la reproduction. Pour plus d'informations, consultez le site <a href=\"http:\/\/P65Warnings.ca.gov\" target=\"_blank\" rel=\"noopener\">P65Avertissements.ca.gov<\/a>.<\/p>\n<p> <!--- cis2:mm1rl5hl ---><\/p>","protected":false},"excerpt":{"rendered":"<p>6 Gauge Wire Receptacle Adapter MotorGuide&#8217;s 6 Gauge Wire Receptacle Adapter converts original receptacle to6 gauge wiring. Allows 6 gauge wire connection to MotorGuide medium-duty trollingmotor receptacleCorrosion resistantPlated brass electrical components WARNING: This product can expose you to chemicals which are known to the State of California to cause cancer, birth defects or other reproductive [&hellip;]<\/p>\n","protected":false},"featured_media":4487,"comment_status":"closed","ping_status":"closed","template":"","meta":{"_acf_changed":false},"product_brand":[],"product_cat":[291],"product_tag":[272],"class_list":{"0":"post-4488","1":"product","2":"type-product","3":"status-publish","4":"has-post-thumbnail","6":"product_cat-motorguide","7":"product_tag-tmaccessory","9":"first","10":"instock","11":"taxable","12":"shipping-taxable","13":"purchasable","14":"product-type-simple"},"acf":[],"_links":{"self":[{"href":"https:\/\/testing.fishntech.com\/fr\/wp-json\/wp\/v2\/product\/4488","targetHints":{"allow":["GET"]}}],"collection":[{"href":"https:\/\/testing.fishntech.com\/fr\/wp-json\/wp\/v2\/product"}],"about":[{"href":"https:\/\/testing.fishntech.com\/fr\/wp-json\/wp\/v2\/types\/product"}],"replies":[{"embeddable":true,"href":"https:\/\/testing.fishntech.com\/fr\/wp-json\/wp\/v2\/comments?post=4488"}],"version-history":[{"count":1,"href":"https:\/\/testing.fishntech.com\/fr\/wp-json\/wp\/v2\/product\/4488\/revisions"}],"predecessor-version":[{"id":120403,"href":"https:\/\/testing.fishntech.com\/fr\/wp-json\/wp\/v2\/product\/4488\/revisions\/120403"}],"wp:featuredmedia":[{"embeddable":true,"href":"https:\/\/testing.fishntech.com\/fr\/wp-json\/wp\/v2\/media\/4487"}],"wp:attachment":[{"href":"https:\/\/testing.fishntech.com\/fr\/wp-json\/wp\/v2\/media?parent=4488"}],"wp:term":[{"taxonomy":"product_brand","embeddable":true,"href":"https:\/\/testing.fishntech.com\/fr\/wp-json\/wp\/v2\/product_brand?post=4488"},{"taxonomy":"product_cat","embeddable":true,"href":"https:\/\/testing.fishntech.com\/fr\/wp-json\/wp\/v2\/product_cat?post=4488"},{"taxonomy":"product_tag","embeddable":true,"href":"https:\/\/testing.fishntech.com\/fr\/wp-json\/wp\/v2\/product_tag?post=4488"}],"curies":[{"name":"wp","href":"https:\/\/api.w.org\/{rel}","templated":true}]}}