{"id":4492,"date":"2021-03-19T19:28:11","date_gmt":"2021-03-19T19:28:11","guid":{"rendered":"https:\/\/testing.fishntech.com\/product\/motorguide-wireless-foot-pedal-for-xi-series-motors-2-4ghz\/"},"modified":"2025-06-05T17:40:24","modified_gmt":"2025-06-05T17:40:24","slug":"motorguide-wireless-foot-pedal-for-xi-series-motors-2-4ghz","status":"publish","type":"product","link":"https:\/\/testing.fishntech.com\/fr\/product\/motorguide-wireless-foot-pedal-for-xi-series-motors-2-4ghz\/","title":{"rendered":"Wireless Foot Pedal for Xi Series Motors"},"content":{"rendered":"<p><b>Wireless Pedal for Precise Control<\/b><\/p>\n<p>Our wireless pedal provides outstanding motor control from anywhere on the<br \/>boat. The intuitive, pro-style &#8220;heel-toe&#8221; operation controls steering that&#8217;s<br \/>extremely quiet, precise and 50% faster than the competition. Digital<br \/>variable speed control enables exceptional low-speed trolling capability and<br \/>longer run time.<\/p>\n<p><img decoding=\"async\" src=\"https:\/\/productimageserver.com\/prop65\/6pt.png\" alt=\"Avertissement\" \/><strong>AVERTISSEMENT :<\/strong> Ce produit peut vous exposer \u00e0 des produits chimiques qui sont reconnus par l'\u00c9tat de Californie comme causant le cancer, des malformations cong\u00e9nitales ou d'autres troubles de la reproduction. Pour plus d'informations, consultez le site <a href=\"http:\/\/P65Warnings.ca.gov\" target=\"_blank\" rel=\"noopener\">P65Avertissements.ca.gov<\/a>.<\/p>\n<p> <!--- cis2:mm1rl5hl ---><\/p>","protected":false},"excerpt":{"rendered":"<p>Wireless Pedal for Precise Control Our wireless pedal provides outstanding motor control from anywhere on theboat. The intuitive, pro-style &#8220;heel-toe&#8221; operation controls steering that&#8217;sextremely quiet, precise and 50% faster than the competition. Digitalvariable speed control enables exceptional low-speed trolling capability andlonger run time. WARNING: This product can expose you to chemicals which are known to [&hellip;]<\/p>\n","protected":false},"featured_media":4491,"comment_status":"closed","ping_status":"closed","template":"","meta":{"_acf_changed":false},"product_brand":[],"product_cat":[291],"product_tag":[272],"class_list":{"0":"post-4492","1":"product","2":"type-product","3":"status-publish","4":"has-post-thumbnail","6":"product_cat-motorguide","7":"product_tag-tmaccessory","9":"first","10":"instock","11":"taxable","12":"shipping-taxable","13":"purchasable","14":"product-type-simple"},"acf":[],"_links":{"self":[{"href":"https:\/\/testing.fishntech.com\/fr\/wp-json\/wp\/v2\/product\/4492","targetHints":{"allow":["GET"]}}],"collection":[{"href":"https:\/\/testing.fishntech.com\/fr\/wp-json\/wp\/v2\/product"}],"about":[{"href":"https:\/\/testing.fishntech.com\/fr\/wp-json\/wp\/v2\/types\/product"}],"replies":[{"embeddable":true,"href":"https:\/\/testing.fishntech.com\/fr\/wp-json\/wp\/v2\/comments?post=4492"}],"version-history":[{"count":1,"href":"https:\/\/testing.fishntech.com\/fr\/wp-json\/wp\/v2\/product\/4492\/revisions"}],"predecessor-version":[{"id":120405,"href":"https:\/\/testing.fishntech.com\/fr\/wp-json\/wp\/v2\/product\/4492\/revisions\/120405"}],"wp:featuredmedia":[{"embeddable":true,"href":"https:\/\/testing.fishntech.com\/fr\/wp-json\/wp\/v2\/media\/4491"}],"wp:attachment":[{"href":"https:\/\/testing.fishntech.com\/fr\/wp-json\/wp\/v2\/media?parent=4492"}],"wp:term":[{"taxonomy":"product_brand","embeddable":true,"href":"https:\/\/testing.fishntech.com\/fr\/wp-json\/wp\/v2\/product_brand?post=4492"},{"taxonomy":"product_cat","embeddable":true,"href":"https:\/\/testing.fishntech.com\/fr\/wp-json\/wp\/v2\/product_cat?post=4492"},{"taxonomy":"product_tag","embeddable":true,"href":"https:\/\/testing.fishntech.com\/fr\/wp-json\/wp\/v2\/product_tag?post=4492"}],"curies":[{"name":"wp","href":"https:\/\/api.w.org\/{rel}","templated":true}]}}