{"id":4510,"date":"2021-03-19T19:29:00","date_gmt":"2021-03-19T19:29:00","guid":{"rendered":"https:\/\/testing.fishntech.com\/product\/motorguide-nmea2000-starter-kit\/"},"modified":"2025-06-05T17:40:25","modified_gmt":"2025-06-05T17:40:25","slug":"motorguide-nmea2000-starter-kit","status":"publish","type":"product","link":"https:\/\/testing.fishntech.com\/fr\/product\/motorguide-nmea2000-starter-kit\/","title":{"rendered":"NMEA2000 Starter Kit"},"content":{"rendered":"<p><b>NMEA2000&reg; Starter Kit<\/b><\/p>\n<p><b>Making the Connection<\/b><br \/>An on-board NMEA 2000&reg; network is required for connecting a MotorGuide&reg; Pinpoint&reg; GPS-equipped Xi5 trolling motor with a compatible Lowrance&reg; fish finder\/chartplotter.<\/p>\n<p>If the boat does not have an NMEA 2000 network, this NMEA 2000 Starter Kit is required to set it up<br \/>To complete the MotorGuide Lowrance connection, a MotorGuide Pinpoint GPS -NMEA 2000 Gateway Kit (sold separately) is also required <\/p>\n<p><b>NMEA 2000_ Starter Kit<\/b><br \/><ul><li>(2) &#8211; T-Connector<br \/><li>(1) &#8211; Power Node<br \/><li>(1) &#8211; Extension\/Drop Cable (6ft)<br \/><li>(1) &#8211; NMEA 2000 Backbone Cable (15ft)<br \/><li>(1) &#8211; 120 ohm Female<br \/><li>Termination Resistor<br \/><li>(1) &#8211; 120 ohm Male<br \/><li>Termination Resistor<\/li><\/ul><\/p>\n<p><img decoding=\"async\" src=\"https:\/\/productimageserver.com\/prop65\/6pt.png\" alt=\"Avertissement\" \/><strong>AVERTISSEMENT :<\/strong> Ce produit peut vous exposer \u00e0 des produits chimiques qui sont reconnus par l'\u00c9tat de Californie comme causant le cancer, des malformations cong\u00e9nitales ou d'autres troubles de la reproduction. Pour plus d'informations, consultez le site <a href=\"http:\/\/P65Warnings.ca.gov\" target=\"_blank\" rel=\"noopener\">P65Avertissements.ca.gov<\/a>.<\/p>\n<p> <!--- cis2:mm1rl5hl ---><\/p>","protected":false},"excerpt":{"rendered":"<p>NMEA2000&reg; Starter Kit Making the ConnectionAn on-board NMEA 2000&reg; network is required for connecting a MotorGuide&reg; Pinpoint&reg; GPS-equipped Xi5 trolling motor with a compatible Lowrance&reg; fish finder\/chartplotter. If the boat does not have an NMEA 2000 network, this NMEA 2000 Starter Kit is required to set it upTo complete the MotorGuide Lowrance connection, a MotorGuide [&hellip;]<\/p>\n","protected":false},"featured_media":4509,"comment_status":"closed","ping_status":"closed","template":"","meta":{"_acf_changed":false},"product_brand":[],"product_cat":[291],"product_tag":[272],"class_list":{"0":"post-4510","1":"product","2":"type-product","3":"status-publish","4":"has-post-thumbnail","6":"product_cat-motorguide","7":"product_tag-tmaccessory","9":"first","10":"instock","11":"taxable","12":"shipping-taxable","13":"purchasable","14":"product-type-simple"},"acf":[],"_links":{"self":[{"href":"https:\/\/testing.fishntech.com\/fr\/wp-json\/wp\/v2\/product\/4510","targetHints":{"allow":["GET"]}}],"collection":[{"href":"https:\/\/testing.fishntech.com\/fr\/wp-json\/wp\/v2\/product"}],"about":[{"href":"https:\/\/testing.fishntech.com\/fr\/wp-json\/wp\/v2\/types\/product"}],"replies":[{"embeddable":true,"href":"https:\/\/testing.fishntech.com\/fr\/wp-json\/wp\/v2\/comments?post=4510"}],"version-history":[{"count":1,"href":"https:\/\/testing.fishntech.com\/fr\/wp-json\/wp\/v2\/product\/4510\/revisions"}],"predecessor-version":[{"id":120413,"href":"https:\/\/testing.fishntech.com\/fr\/wp-json\/wp\/v2\/product\/4510\/revisions\/120413"}],"wp:featuredmedia":[{"embeddable":true,"href":"https:\/\/testing.fishntech.com\/fr\/wp-json\/wp\/v2\/media\/4509"}],"wp:attachment":[{"href":"https:\/\/testing.fishntech.com\/fr\/wp-json\/wp\/v2\/media?parent=4510"}],"wp:term":[{"taxonomy":"product_brand","embeddable":true,"href":"https:\/\/testing.fishntech.com\/fr\/wp-json\/wp\/v2\/product_brand?post=4510"},{"taxonomy":"product_cat","embeddable":true,"href":"https:\/\/testing.fishntech.com\/fr\/wp-json\/wp\/v2\/product_cat?post=4510"},{"taxonomy":"product_tag","embeddable":true,"href":"https:\/\/testing.fishntech.com\/fr\/wp-json\/wp\/v2\/product_tag?post=4510"}],"curies":[{"name":"wp","href":"https:\/\/api.w.org\/{rel}","templated":true}]}}