{"id":4530,"date":"2021-03-19T19:29:45","date_gmt":"2021-03-19T19:29:45","guid":{"rendered":"https:\/\/testing.fishntech.com\/product\/motorguide-mounting-isolator-kit\/"},"modified":"2025-06-05T17:40:27","modified_gmt":"2025-06-05T17:40:27","slug":"motorguide-mounting-isolator-kit","status":"publish","type":"product","link":"https:\/\/testing.fishntech.com\/fr\/product\/motorguide-mounting-isolator-kit\/","title":{"rendered":"Mounting Isolator Kit"},"content":{"rendered":"<p><b>Mounting Isolator Kit<\/b><\/p>\n<p>Absorbs shock and protects electronics. Ideal for mounting all marine accessories, electronics, and trolling motors without having to get under the deck or behind the console.  The rubber limits vibration and provides a solid installation. <\/p>\n<p>MotorGuide factory isolators come with many of our mounts and are a quick and simple way to mount a trolling motor with limited access.  Each rubber isolator has a molded-in nut inside the small end, that when tightened up against the underside of the deck by the stainless steel bolt forms a rubber mushroom shape that hold the mount in place.  Each kit comes with 4 stainless steel bolts and 4 rubber isolators, along with mounting instructions. <\/p>\n<p><img decoding=\"async\" src=\"https:\/\/productimageserver.com\/prop65\/6pt.png\" alt=\"Avertissement\" \/><strong>AVERTISSEMENT :<\/strong> Ce produit peut vous exposer \u00e0 des produits chimiques qui sont reconnus par l'\u00c9tat de Californie comme causant le cancer, des malformations cong\u00e9nitales ou d'autres troubles de la reproduction. Pour plus d'informations, consultez le site <a href=\"http:\/\/P65Warnings.ca.gov\" target=\"_blank\" rel=\"noopener\">P65Avertissements.ca.gov<\/a>.<\/p>\n<p> <!--- cis2:mm1rl5hl ---><\/p>","protected":false},"excerpt":{"rendered":"<p>Mounting Isolator Kit Absorbs shock and protects electronics. Ideal for mounting all marine accessories, electronics, and trolling motors without having to get under the deck or behind the console. The rubber limits vibration and provides a solid installation. MotorGuide factory isolators come with many of our mounts and are a quick and simple way to [&hellip;]<\/p>\n","protected":false},"featured_media":4529,"comment_status":"closed","ping_status":"closed","template":"","meta":{"_acf_changed":false},"product_brand":[],"product_cat":[291],"product_tag":[272],"class_list":{"0":"post-4530","1":"product","2":"type-product","3":"status-publish","4":"has-post-thumbnail","6":"product_cat-motorguide","7":"product_tag-tmaccessory","9":"first","10":"instock","11":"taxable","12":"shipping-taxable","13":"purchasable","14":"product-type-simple"},"acf":[],"_links":{"self":[{"href":"https:\/\/testing.fishntech.com\/fr\/wp-json\/wp\/v2\/product\/4530","targetHints":{"allow":["GET"]}}],"collection":[{"href":"https:\/\/testing.fishntech.com\/fr\/wp-json\/wp\/v2\/product"}],"about":[{"href":"https:\/\/testing.fishntech.com\/fr\/wp-json\/wp\/v2\/types\/product"}],"replies":[{"embeddable":true,"href":"https:\/\/testing.fishntech.com\/fr\/wp-json\/wp\/v2\/comments?post=4530"}],"version-history":[{"count":1,"href":"https:\/\/testing.fishntech.com\/fr\/wp-json\/wp\/v2\/product\/4530\/revisions"}],"predecessor-version":[{"id":120421,"href":"https:\/\/testing.fishntech.com\/fr\/wp-json\/wp\/v2\/product\/4530\/revisions\/120421"}],"wp:featuredmedia":[{"embeddable":true,"href":"https:\/\/testing.fishntech.com\/fr\/wp-json\/wp\/v2\/media\/4529"}],"wp:attachment":[{"href":"https:\/\/testing.fishntech.com\/fr\/wp-json\/wp\/v2\/media?parent=4530"}],"wp:term":[{"taxonomy":"product_brand","embeddable":true,"href":"https:\/\/testing.fishntech.com\/fr\/wp-json\/wp\/v2\/product_brand?post=4530"},{"taxonomy":"product_cat","embeddable":true,"href":"https:\/\/testing.fishntech.com\/fr\/wp-json\/wp\/v2\/product_cat?post=4530"},{"taxonomy":"product_tag","embeddable":true,"href":"https:\/\/testing.fishntech.com\/fr\/wp-json\/wp\/v2\/product_tag?post=4530"}],"curies":[{"name":"wp","href":"https:\/\/api.w.org\/{rel}","templated":true}]}}