{"id":4534,"date":"2021-03-19T19:29:51","date_gmt":"2021-03-19T19:29:51","guid":{"rendered":"https:\/\/testing.fishntech.com\/product\/motorguide-metal-machete-iii-blade-aluminum-weedless-prop-3-5\/"},"modified":"2025-06-05T17:40:27","modified_gmt":"2025-06-05T17:40:27","slug":"motorguide-metal-machete-iii-blade-aluminum-weedless-prop-3-5","status":"publish","type":"product","link":"https:\/\/testing.fishntech.com\/fr\/product\/motorguide-metal-machete-iii-blade-aluminum-weedless-prop-3-5\/","title":{"rendered":"Metal Machete III Blade Aluminum Weedless Prop 3.5&#8243;"},"content":{"rendered":"<p>Application: Shallow &#038; Durability<\/p>\n<p>Recommended only for 36-volt Digital lower units, the Metal Machete is made out of cast aluminum and provides incredible thrust and long lasting durability. Used by top professionals, this is MotorGuide&#8217;s most durable prop. (Includes propeller, prop pin and prop nut.)<\/p>\n<p><img decoding=\"async\" src=\"https:\/\/productimageserver.com\/prop65\/6pt.png\" alt=\"Avertissement\" \/><strong>AVERTISSEMENT :<\/strong> Ce produit peut vous exposer \u00e0 des produits chimiques qui sont reconnus par l'\u00c9tat de Californie comme causant le cancer, des malformations cong\u00e9nitales ou d'autres troubles de la reproduction. Pour plus d'informations, consultez le site <a href=\"http:\/\/P65Warnings.ca.gov\" target=\"_blank\" rel=\"noopener\">P65Avertissements.ca.gov<\/a>.<\/p>\n<p> <!--- cis2:mm1rl5hl ---><\/p>","protected":false},"excerpt":{"rendered":"<p>Application: Shallow &#038; Durability Recommended only for 36-volt Digital lower units, the Metal Machete is made out of cast aluminum and provides incredible thrust and long lasting durability. Used by top professionals, this is MotorGuide&#8217;s most durable prop. (Includes propeller, prop pin and prop nut.) WARNING: This product can expose you to chemicals which are [&hellip;]<\/p>\n","protected":false},"featured_media":4533,"comment_status":"closed","ping_status":"closed","template":"","meta":{"_acf_changed":false},"product_brand":[],"product_cat":[291],"product_tag":[272],"class_list":{"0":"post-4534","1":"product","2":"type-product","3":"status-publish","4":"has-post-thumbnail","6":"product_cat-motorguide","7":"product_tag-tmaccessory","9":"first","10":"instock","11":"taxable","12":"shipping-taxable","13":"purchasable","14":"product-type-simple"},"acf":[],"_links":{"self":[{"href":"https:\/\/testing.fishntech.com\/fr\/wp-json\/wp\/v2\/product\/4534","targetHints":{"allow":["GET"]}}],"collection":[{"href":"https:\/\/testing.fishntech.com\/fr\/wp-json\/wp\/v2\/product"}],"about":[{"href":"https:\/\/testing.fishntech.com\/fr\/wp-json\/wp\/v2\/types\/product"}],"replies":[{"embeddable":true,"href":"https:\/\/testing.fishntech.com\/fr\/wp-json\/wp\/v2\/comments?post=4534"}],"version-history":[{"count":1,"href":"https:\/\/testing.fishntech.com\/fr\/wp-json\/wp\/v2\/product\/4534\/revisions"}],"predecessor-version":[{"id":120423,"href":"https:\/\/testing.fishntech.com\/fr\/wp-json\/wp\/v2\/product\/4534\/revisions\/120423"}],"wp:featuredmedia":[{"embeddable":true,"href":"https:\/\/testing.fishntech.com\/fr\/wp-json\/wp\/v2\/media\/4533"}],"wp:attachment":[{"href":"https:\/\/testing.fishntech.com\/fr\/wp-json\/wp\/v2\/media?parent=4534"}],"wp:term":[{"taxonomy":"product_brand","embeddable":true,"href":"https:\/\/testing.fishntech.com\/fr\/wp-json\/wp\/v2\/product_brand?post=4534"},{"taxonomy":"product_cat","embeddable":true,"href":"https:\/\/testing.fishntech.com\/fr\/wp-json\/wp\/v2\/product_cat?post=4534"},{"taxonomy":"product_tag","embeddable":true,"href":"https:\/\/testing.fishntech.com\/fr\/wp-json\/wp\/v2\/product_tag?post=4534"}],"curies":[{"name":"wp","href":"https:\/\/api.w.org\/{rel}","templated":true}]}}