{"id":4546,"date":"2021-03-19T19:30:22","date_gmt":"2021-03-19T19:30:22","guid":{"rendered":"https:\/\/testing.fishntech.com\/product\/motorguide-great-white-removable-mounting-plate\/"},"modified":"2025-06-05T17:40:28","modified_gmt":"2025-06-05T17:40:28","slug":"motorguide-great-white-removable-mounting-plate","status":"publish","type":"product","link":"https:\/\/testing.fishntech.com\/fr\/product\/motorguide-great-white-removable-mounting-plate\/","title":{"rendered":"Great White Removable Mounting Plate"},"content":{"rendered":"<p>Made out of a high-impact composite, these mounting plates make removing your trolling motor and mount quick, fast, and simple. The universal hole-patterns fit most traditional trolling motor mounts and all traditional MotorGuide trolling motor mounts.  Fits Gator Flex 360, Gator 20.5, 20.8, 21, 21R mounts and can be modified by adding additional holes to fit our longer 23.5 and 24 mounts.  The smaller insert piece is secured to the boat with stainless steel bolts, washers, and nylon lock nuts providing a solid base.  The larger outside piece slides into place from the front of the boat and is held in place by a tab on the inner piece with a stainless steel pin running through both pieces at the back of the mount.<\/p>\n<p>These mounting plates are ideal for saltwater flats, ski, and fish boats, or anytime the trolling motor needs to be quickly removed.<\/p>\n<p><img decoding=\"async\" src=\"https:\/\/productimageserver.com\/prop65\/6pt.png\" alt=\"Avertissement\" \/><strong>AVERTISSEMENT :<\/strong> Ce produit peut vous exposer \u00e0 des produits chimiques qui sont reconnus par l'\u00c9tat de Californie comme causant le cancer, des malformations cong\u00e9nitales ou d'autres troubles de la reproduction. Pour plus d'informations, consultez le site <a href=\"http:\/\/P65Warnings.ca.gov\" target=\"_blank\" rel=\"noopener\">P65Avertissements.ca.gov<\/a>.<\/p>\n<p> <!--- cis2:mm1rl5hl ---><\/p>","protected":false},"excerpt":{"rendered":"<p>Made out of a high-impact composite, these mounting plates make removing your trolling motor and mount quick, fast, and simple. The universal hole-patterns fit most traditional trolling motor mounts and all traditional MotorGuide trolling motor mounts. Fits Gator Flex 360, Gator 20.5, 20.8, 21, 21R mounts and can be modified by adding additional holes to [&hellip;]<\/p>\n","protected":false},"featured_media":4545,"comment_status":"closed","ping_status":"closed","template":"","meta":{"_acf_changed":false},"product_brand":[],"product_cat":[291],"product_tag":[272],"class_list":{"0":"post-4546","1":"product","2":"type-product","3":"status-publish","4":"has-post-thumbnail","6":"product_cat-motorguide","7":"product_tag-tmaccessory","9":"first","10":"instock","11":"taxable","12":"shipping-taxable","13":"purchasable","14":"product-type-simple"},"acf":[],"_links":{"self":[{"href":"https:\/\/testing.fishntech.com\/fr\/wp-json\/wp\/v2\/product\/4546","targetHints":{"allow":["GET"]}}],"collection":[{"href":"https:\/\/testing.fishntech.com\/fr\/wp-json\/wp\/v2\/product"}],"about":[{"href":"https:\/\/testing.fishntech.com\/fr\/wp-json\/wp\/v2\/types\/product"}],"replies":[{"embeddable":true,"href":"https:\/\/testing.fishntech.com\/fr\/wp-json\/wp\/v2\/comments?post=4546"}],"version-history":[{"count":1,"href":"https:\/\/testing.fishntech.com\/fr\/wp-json\/wp\/v2\/product\/4546\/revisions"}],"predecessor-version":[{"id":120429,"href":"https:\/\/testing.fishntech.com\/fr\/wp-json\/wp\/v2\/product\/4546\/revisions\/120429"}],"wp:featuredmedia":[{"embeddable":true,"href":"https:\/\/testing.fishntech.com\/fr\/wp-json\/wp\/v2\/media\/4545"}],"wp:attachment":[{"href":"https:\/\/testing.fishntech.com\/fr\/wp-json\/wp\/v2\/media?parent=4546"}],"wp:term":[{"taxonomy":"product_brand","embeddable":true,"href":"https:\/\/testing.fishntech.com\/fr\/wp-json\/wp\/v2\/product_brand?post=4546"},{"taxonomy":"product_cat","embeddable":true,"href":"https:\/\/testing.fishntech.com\/fr\/wp-json\/wp\/v2\/product_cat?post=4546"},{"taxonomy":"product_tag","embeddable":true,"href":"https:\/\/testing.fishntech.com\/fr\/wp-json\/wp\/v2\/product_tag?post=4546"}],"curies":[{"name":"wp","href":"https:\/\/api.w.org\/{rel}","templated":true}]}}