{"id":6850,"date":"2021-04-17T19:37:00","date_gmt":"2021-04-17T19:37:00","guid":{"rendered":"https:\/\/testing.fishntech.com\/?post_type=product&#038;p=6850"},"modified":"2025-06-05T17:43:49","modified_gmt":"2025-06-05T17:43:49","slug":"th-marine-atlas-heavy-duty-hydraulic-jack-plate","status":"publish","type":"product","link":"https:\/\/testing.fishntech.com\/fr\/product\/th-marine-atlas-heavy-duty-hydraulic-jack-plate\/","title":{"rendered":"ATLAS Heavy Duty Hydraulic Jack Plate"},"content":{"rendered":"<p><strong>ATLAS\u2122 Heavy Duty Set Back Hydraulic Jack Plate\u00a0<\/strong><\/p>\n<p>T-H Marine\u2019s ATLAS\u2122 Hydraulic Jack Plate is now available in a \u201cHEAVY DUTY\u201d upgrade.T-H Marine\u2019s ATLAS\u2122 Hydraulic Jack Plate is the #1 selling jack plate in the world and the #1 Choice by fishing professionals and boat manufacturers. With the ATLAS\u2122 HEAVY DUTY, the product is available for applications on even larger outboards, rated for engines up to 400 hp.<\/p>\n<p><strong>5 REASONS YOU SHOULD CHOOSE THE ATLAS\u2122 HYDRAULIC JACK PLATE\u00a0<\/strong><\/p>\n<ul>\n<li>ATLAS\u2122 is truly the best hydraulic jack plate in the world<\/li>\n<li>ATLAS\u2122 is factory installed by more boat manufacturers than any other plate<\/li>\n<li>ATLAS\u2122 is used by more professional fisherman than any other hydraulic jack plate<\/li>\n<li>ATLAS\u2122 is the #1 selling hydraulic plate in the world \u2013 sold &amp; serviced by more outlets<\/li>\n<li>ATLAS\u2122 hydraulic actuator is made in the U.S.A. vs. our competitors being from China<\/li>\n<\/ul>\n<p><strong>6 WAYS THE ATLAS\u2122 CHANGED HYDRAULIC JACK PLATES FOREVER<\/strong><\/p>\n<ul>\n<li>ATLAS\u2122 is made by T-H Marine\/CMC, who were the FIRST to offer an actuator inside the jack plate \u2013 the competition copied<\/li>\n<li>ATLAS\u2122 was the first plate to offer predrilling for shallow water anchors \u2013 the competition copied<\/li>\n<li>ATLAS\u2122 was the first and only plate that did not require regular grease lubrication \u2013 the competition design cannot do that<\/li>\n<li>ATLAS\u2122 was the first plate to include a heavy duty safety cable to protect boaters from engine entering cockpit upon failure<\/li>\n<li>ATLAS\u2122 was the first plate to offer a very simple actuator replacement in the field<\/li>\n<li>ATLAS\u2122 was the first major development in hydraulic jack plates in over a decade \u2013 spurring hydraulic jack plate improvement<\/li>\n<\/ul>\n<p><img decoding=\"async\" src=\"https:\/\/productimageserver.com\/prop65\/6pt.png\" alt=\"Avertissement\" \/><strong>AVERTISSEMENT :<\/strong> Ce produit peut vous exposer \u00e0 des produits chimiques qui sont reconnus par l'\u00c9tat de Californie comme causant le cancer, des malformations cong\u00e9nitales ou d'autres troubles de la reproduction. Pour plus d'informations, consultez le site <a href=\"http:\/\/P65Warnings.ca.gov\" target=\"_blank\" rel=\"noopener\">P65Avertissements.ca.gov<\/a>.<\/p>\n<p><!--- cis2:mm1rl5hl ---><\/p>","protected":false},"excerpt":{"rendered":"<p>ATLAS\u2122 Heavy Duty Set Back Hydraulic Jack Plate\u00a0 T-H Marine\u2019s ATLAS\u2122 Hydraulic Jack Plate is now available in a \u201cHEAVY DUTY\u201d upgrade.T-H Marine\u2019s ATLAS\u2122 Hydraulic Jack Plate is the #1 selling jack plate in the world and the #1 Choice by fishing professionals and boat manufacturers. With the ATLAS\u2122 HEAVY DUTY, the product is available [&hellip;]<\/p>\n","protected":false},"featured_media":6356,"comment_status":"closed","ping_status":"closed","template":"","meta":{"_acf_changed":false},"product_brand":[],"product_cat":[415,267],"product_tag":[],"class_list":{"0":"post-6850","1":"product","2":"type-product","3":"status-publish","4":"has-post-thumbnail","6":"product_cat-atlas-jack-plates","7":"product_cat-th-marine","9":"first","10":"onbackorder","11":"taxable","12":"shipping-taxable","13":"purchasable","14":"product-type-variable"},"acf":[],"_links":{"self":[{"href":"https:\/\/testing.fishntech.com\/fr\/wp-json\/wp\/v2\/product\/6850","targetHints":{"allow":["GET"]}}],"collection":[{"href":"https:\/\/testing.fishntech.com\/fr\/wp-json\/wp\/v2\/product"}],"about":[{"href":"https:\/\/testing.fishntech.com\/fr\/wp-json\/wp\/v2\/types\/product"}],"replies":[{"embeddable":true,"href":"https:\/\/testing.fishntech.com\/fr\/wp-json\/wp\/v2\/comments?post=6850"}],"version-history":[{"count":1,"href":"https:\/\/testing.fishntech.com\/fr\/wp-json\/wp\/v2\/product\/6850\/revisions"}],"predecessor-version":[{"id":120874,"href":"https:\/\/testing.fishntech.com\/fr\/wp-json\/wp\/v2\/product\/6850\/revisions\/120874"}],"wp:featuredmedia":[{"embeddable":true,"href":"https:\/\/testing.fishntech.com\/fr\/wp-json\/wp\/v2\/media\/6356"}],"wp:attachment":[{"href":"https:\/\/testing.fishntech.com\/fr\/wp-json\/wp\/v2\/media?parent=6850"}],"wp:term":[{"taxonomy":"product_brand","embeddable":true,"href":"https:\/\/testing.fishntech.com\/fr\/wp-json\/wp\/v2\/product_brand?post=6850"},{"taxonomy":"product_cat","embeddable":true,"href":"https:\/\/testing.fishntech.com\/fr\/wp-json\/wp\/v2\/product_cat?post=6850"},{"taxonomy":"product_tag","embeddable":true,"href":"https:\/\/testing.fishntech.com\/fr\/wp-json\/wp\/v2\/product_tag?post=6850"}],"curies":[{"name":"wp","href":"https:\/\/api.w.org\/{rel}","templated":true}]}}