{"id":6861,"date":"2021-04-17T19:37:02","date_gmt":"2021-04-17T19:37:02","guid":{"rendered":"https:\/\/testing.fishntech.com\/product\/t-h-marine-atlas-jack-plate-replacement-rocker-switch\/"},"modified":"2025-06-05T17:43:14","modified_gmt":"2025-06-05T17:43:14","slug":"t-h-marine-atlas-jack-plate-replacement-rocker-switch","status":"publish","type":"product","link":"https:\/\/testing.fishntech.com\/fr\/product\/t-h-marine-atlas-jack-plate-replacement-rocker-switch\/","title":{"rendered":"ATLAS Jack Plate Replacement Rocker Switch"},"content":{"rendered":"<p><strong>ATLAS&trade; Jack Plate Replacement Rocker Switch<\/strong><\/p>\n<p>Genuine Replacement Parts for Atlas Hydraulic Jack Plate.&nbsp;<\/p>\n<p><img decoding=\"async\" src=\"https:\/\/productimageserver.com\/prop65\/6pt.png\" alt=\"Avertissement\" \/><strong>AVERTISSEMENT :<\/strong> Ce produit peut vous exposer \u00e0 des produits chimiques qui sont reconnus par l'\u00c9tat de Californie comme causant le cancer, des malformations cong\u00e9nitales ou d'autres troubles de la reproduction. Pour plus d'informations, consultez le site <a href=\"http:\/\/P65Warnings.ca.gov\" target=\"_blank\" rel=\"noopener\">P65Avertissements.ca.gov<\/a>.<\/p>\n<p> <!--- cis2:mm1rl5hl ---><\/p>","protected":false},"excerpt":{"rendered":"<p>ATLAS&trade; Jack Plate Replacement Rocker Switch Genuine Replacement Parts for Atlas Hydraulic Jack Plate.&nbsp; WARNING: This product can expose you to chemicals which are known to the State of California to cause cancer, birth defects or other reproductive harm. For more information go to P65Warnings.ca.gov.<\/p>","protected":false},"featured_media":6339,"comment_status":"closed","ping_status":"closed","template":"","meta":{"_acf_changed":false},"product_brand":[],"product_cat":[415,267],"product_tag":[],"class_list":{"0":"post-6861","1":"product","2":"type-product","3":"status-publish","4":"has-post-thumbnail","6":"product_cat-atlas-jack-plates","7":"product_cat-th-marine","9":"first","10":"onbackorder","11":"taxable","12":"shipping-taxable","13":"purchasable","14":"product-type-simple"},"acf":[],"_links":{"self":[{"href":"https:\/\/testing.fishntech.com\/fr\/wp-json\/wp\/v2\/product\/6861","targetHints":{"allow":["GET"]}}],"collection":[{"href":"https:\/\/testing.fishntech.com\/fr\/wp-json\/wp\/v2\/product"}],"about":[{"href":"https:\/\/testing.fishntech.com\/fr\/wp-json\/wp\/v2\/types\/product"}],"replies":[{"embeddable":true,"href":"https:\/\/testing.fishntech.com\/fr\/wp-json\/wp\/v2\/comments?post=6861"}],"version-history":[{"count":1,"href":"https:\/\/testing.fishntech.com\/fr\/wp-json\/wp\/v2\/product\/6861\/revisions"}],"predecessor-version":[{"id":120801,"href":"https:\/\/testing.fishntech.com\/fr\/wp-json\/wp\/v2\/product\/6861\/revisions\/120801"}],"wp:featuredmedia":[{"embeddable":true,"href":"https:\/\/testing.fishntech.com\/fr\/wp-json\/wp\/v2\/media\/6339"}],"wp:attachment":[{"href":"https:\/\/testing.fishntech.com\/fr\/wp-json\/wp\/v2\/media?parent=6861"}],"wp:term":[{"taxonomy":"product_brand","embeddable":true,"href":"https:\/\/testing.fishntech.com\/fr\/wp-json\/wp\/v2\/product_brand?post=6861"},{"taxonomy":"product_cat","embeddable":true,"href":"https:\/\/testing.fishntech.com\/fr\/wp-json\/wp\/v2\/product_cat?post=6861"},{"taxonomy":"product_tag","embeddable":true,"href":"https:\/\/testing.fishntech.com\/fr\/wp-json\/wp\/v2\/product_tag?post=6861"}],"curies":[{"name":"wp","href":"https:\/\/api.w.org\/{rel}","templated":true}]}}