{"id":6880,"date":"2021-04-17T19:37:07","date_gmt":"2021-04-17T19:37:07","guid":{"rendered":"https:\/\/testing.fishntech.com\/?post_type=product&#038;p=6880"},"modified":"2025-06-05T17:43:50","modified_gmt":"2025-06-05T17:43:50","slug":"battery-holder-trays-with-poly-strap-hold-down","status":"publish","type":"product","link":"https:\/\/testing.fishntech.com\/fr\/product\/battery-holder-trays-with-poly-strap-hold-down\/","title":{"rendered":"Supports de batterie avec sangle de maintien en poly\u00e9thyl\u00e8ne"},"content":{"rendered":"<p><strong>Supports de batterie avec sangle de maintien en poly\u00e9thyl\u00e8ne<\/strong><\/p>\n<p>&nbsp;<\/p>\n<p>At last, a battery holder that fits into a limited space and is simple to install. The polypropylene hold down strap with positive locking quick disconnect buckle matched with a molded base that mounts with four (4) #10 pan head screws provides not only simple installation but changing or replacing batteries is quick and easy. Meets NMMA specs.<\/p>\n<table class=\"Table-Basic\" style=\"background-color: #366092; width: 100%; height: 198px;\" border=\"5\" cellspacing=\"1\" cellpadding=\"1\" align=\"center\">\n<caption><span style=\"color: #000000;\"><b>Battery Tray Specifications<\/b><\/span><\/caption>\n<tbody>\n<tr>\n<td style=\"text-align: center; vertical-align: middle; height: 20px;\">\n<p style=\"text-align: center;\"><span style=\"font-size: 12px; color: #ffffff;\"><strong>Series<\/strong><\/span><\/p>\n<\/td>\n<td style=\"text-align: center; vertical-align: middle; height: 20px;\">\n<p style=\"text-align: center;\"><span style=\"font-size: 12px; color: #ffffff;\"><strong>Length (In)<\/strong><\/span><\/p>\n<\/td>\n<td style=\"text-align: center; vertical-align: middle; height: 20px;\">\n<p style=\"text-align: center;\"><span style=\"font-size: 12px; color: #ffffff;\"><strong>Width (In)<\/strong><\/span><\/p>\n<\/td>\n<td style=\"text-align: center; vertical-align: middle; height: 20px;\">\n<p style=\"text-align: center;\"><span style=\"font-size: 12px; color: #ffffff;\"><strong>Width w\/tabs (Out)<\/strong><\/span><\/p>\n<\/td>\n<td style=\"text-align: center; vertical-align: middle; height: 20px;\">\n<p style=\"text-align: center;\"><span style=\"font-size: 12px; color: #ffffff;\"><strong>Hauteur<\/strong><\/span><\/p>\n<\/td>\n<\/tr>\n<tr>\n<td style=\"text-align: center; vertical-align: middle; background-color: #ffffff; height: 20px;\">\n<p style=\"text-align: center;\"><b><span style=\"font-size: 12px;\">24<\/span><\/b><\/p>\n<\/td>\n<td style=\"text-align: center; vertical-align: middle; background-color: #ffffff; height: 20px;\">\n<p style=\"text-align: center;\"><b><span style=\"font-size: 12px;\">11-1\/8&#8243;<\/span><\/b><\/p>\n<\/td>\n<td style=\"text-align: center; vertical-align: middle; background-color: #ffffff; height: 20px;\">\n<p style=\"text-align: center;\"><b><span style=\"font-size: 12px;\">7-1\/4&#8243;<\/span><\/b><\/p>\n<\/td>\n<td style=\"text-align: center; vertical-align: middle; background-color: #ffffff; height: 20px;\">\n<p style=\"text-align: center;\"><b><span style=\"font-size: 12px;\">8-5\/8&#8243;<\/span><\/b><\/p>\n<\/td>\n<td style=\"text-align: center; vertical-align: middle; background-color: #ffffff; height: 20px;\">\n<p style=\"text-align: center;\"><b><span style=\"font-size: 12px;\">1&#8243;<\/span><\/b><\/p>\n<\/td>\n<\/tr>\n<tr>\n<td style=\"text-align: center; vertical-align: middle; background-color: #ffffff; height: 20px;\">\n<p style=\"text-align: center;\"><b><span style=\"font-size: 12px;\">27<\/span><\/b><\/p>\n<\/td>\n<td style=\"text-align: center; vertical-align: middle; background-color: #ffffff; height: 20px;\">\n<p style=\"text-align: center;\"><b><span style=\"font-size: 12px;\">12-3\/8&#8243;<\/span><\/b><\/p>\n<\/td>\n<td style=\"text-align: center; vertical-align: middle; background-color: #ffffff; height: 20px;\">\n<p style=\"text-align: center;\"><b><span style=\"font-size: 12px;\">7-1\/4&#8243;<\/span><\/b><\/p>\n<\/td>\n<td style=\"text-align: center; vertical-align: middle; background-color: #ffffff; height: 20px;\">\n<p style=\"text-align: center;\"><b><span style=\"font-size: 12px;\">8-5\/8&#8243;<\/span><\/b><\/p>\n<\/td>\n<td style=\"text-align: center; vertical-align: middle; background-color: #ffffff; height: 20px;\">\n<p style=\"text-align: center;\"><b><span style=\"font-size: 12px;\">1&#8243;<\/span><\/b><\/p>\n<\/td>\n<\/tr>\n<tr>\n<td style=\"text-align: center; vertical-align: middle; background-color: #ffffff; height: 20px;\">\n<p style=\"text-align: center;\"><b><span style=\"font-size: 12px;\">31<\/span><\/b><\/p>\n<\/td>\n<td style=\"text-align: center; vertical-align: middle; background-color: #ffffff; height: 20px;\">\n<p style=\"text-align: center;\"><b><span style=\"font-size: 12px;\">13&#8243;<\/span><\/b><\/p>\n<\/td>\n<td style=\"text-align: center; vertical-align: middle; background-color: #ffffff; height: 20px;\">\n<p style=\"text-align: center;\"><b><span style=\"font-size: 12px;\">7-1\/4&#8243;<\/span><\/b><\/p>\n<\/td>\n<td style=\"text-align: center; vertical-align: middle; background-color: #ffffff; height: 20px;\">\n<p style=\"text-align: center;\"><b><span style=\"font-size: 12px;\">8-5\/8&#8243;<\/span><\/b><\/p>\n<\/td>\n<td style=\"text-align: center; vertical-align: middle; background-color: #ffffff; height: 20px;\">\n<p style=\"text-align: center;\"><b><span style=\"font-size: 12px;\">1&#8243;<\/span><\/b><\/p>\n<\/td>\n<\/tr>\n<\/tbody>\n<\/table>","protected":false},"excerpt":{"rendered":"<p>Battery Holder Trays with Poly Strap Hold Down &nbsp; At last, a battery holder that fits into a limited space and is simple to install. The polypropylene hold down strap with positive locking quick disconnect buckle matched with a molded base that mounts with four (4) #10 pan head screws provides not only simple installation [&hellip;]<\/p>\n","protected":false},"featured_media":6548,"comment_status":"closed","ping_status":"closed","template":"","meta":{"_acf_changed":false},"product_brand":[],"product_cat":[419,267],"product_tag":[],"class_list":{"0":"post-6880","1":"product","2":"type-product","3":"status-publish","4":"has-post-thumbnail","6":"product_cat-battery-trays-and-accessories","7":"product_cat-th-marine","9":"first","10":"instock","11":"sale","12":"taxable","13":"shipping-taxable","14":"purchasable","15":"product-type-variable"},"acf":[],"_links":{"self":[{"href":"https:\/\/testing.fishntech.com\/fr\/wp-json\/wp\/v2\/product\/6880","targetHints":{"allow":["GET"]}}],"collection":[{"href":"https:\/\/testing.fishntech.com\/fr\/wp-json\/wp\/v2\/product"}],"about":[{"href":"https:\/\/testing.fishntech.com\/fr\/wp-json\/wp\/v2\/types\/product"}],"replies":[{"embeddable":true,"href":"https:\/\/testing.fishntech.com\/fr\/wp-json\/wp\/v2\/comments?post=6880"}],"version-history":[{"count":1,"href":"https:\/\/testing.fishntech.com\/fr\/wp-json\/wp\/v2\/product\/6880\/revisions"}],"predecessor-version":[{"id":120878,"href":"https:\/\/testing.fishntech.com\/fr\/wp-json\/wp\/v2\/product\/6880\/revisions\/120878"}],"wp:featuredmedia":[{"embeddable":true,"href":"https:\/\/testing.fishntech.com\/fr\/wp-json\/wp\/v2\/media\/6548"}],"wp:attachment":[{"href":"https:\/\/testing.fishntech.com\/fr\/wp-json\/wp\/v2\/media?parent=6880"}],"wp:term":[{"taxonomy":"product_brand","embeddable":true,"href":"https:\/\/testing.fishntech.com\/fr\/wp-json\/wp\/v2\/product_brand?post=6880"},{"taxonomy":"product_cat","embeddable":true,"href":"https:\/\/testing.fishntech.com\/fr\/wp-json\/wp\/v2\/product_cat?post=6880"},{"taxonomy":"product_tag","embeddable":true,"href":"https:\/\/testing.fishntech.com\/fr\/wp-json\/wp\/v2\/product_tag?post=6880"}],"curies":[{"name":"wp","href":"https:\/\/api.w.org\/{rel}","templated":true}]}}