{"id":6895,"date":"2021-04-17T19:37:09","date_gmt":"2021-04-17T19:37:09","guid":{"rendered":"https:\/\/testing.fishntech.com\/product\/twist-step-emergency-jack-plate-ladder\/"},"modified":"2025-06-05T17:43:16","modified_gmt":"2025-06-05T17:43:16","slug":"twist-step-emergency-jack-plate-ladder","status":"publish","type":"product","link":"https:\/\/testing.fishntech.com\/fr\/product\/twist-step-emergency-jack-plate-ladder\/","title":{"rendered":"TWIST STEP Emergency Jack Plate Ladder"},"content":{"rendered":"<p><strong>TWIST STEP\u2122 \u00c9chelle \u00e0 v\u00e9rins d'urgence<\/p>\n<p><\/strong><\/p>\n<p>TWIST STEP&#8482; permits easy and convenient re-entry into boat in Emergencies.<\/p>\n<ul>\n<li>Permanently Attaches to Engine or Jack Plate<\/li>\n<li>Easily Rotates and Drops Into Position When Needed<\/li>\n<li>Non Corrosive All Aluminum Design<\/li>\n<li>Meets ABYC Regs for Reboarding Device<\/li>\n<li>Mounts to Any Engine with Bracket Or Directly to Pre-Drilled Atlas Jack Plates<\/li>\n<li>Non-Slip Material on Both Steps<\/li>\n<li>Snaps Securely into Slot When Not in Use<\/li>\n<\/ul>\n<p><strong>PLEASE NOTE : Starboard mount ladders have been discontinued.<\/strong><\/p>","protected":false},"excerpt":{"rendered":"<p>TWIST STEP&#8482; Emergency Jack Plate Ladder TWIST STEP&#8482; permits easy and convenient re-entry into boat in Emergencies. Permanently Attaches to Engine or Jack Plate Easily Rotates and Drops Into Position When Needed Non Corrosive All Aluminum Design Meets ABYC Regs for Reboarding Device Mounts to Any Engine with Bracket Or Directly to Pre-Drilled Atlas Jack [&hellip;]<\/p>\n","protected":false},"featured_media":6525,"comment_status":"closed","ping_status":"closed","template":"","meta":{"_acf_changed":false},"product_brand":[],"product_cat":[415,267],"product_tag":[],"class_list":{"0":"post-6895","1":"product","2":"type-product","3":"status-publish","4":"has-post-thumbnail","6":"product_cat-atlas-jack-plates","7":"product_cat-th-marine","9":"first","10":"instock","11":"taxable","12":"shipping-taxable","13":"purchasable","14":"product-type-simple"},"acf":[],"_links":{"self":[{"href":"https:\/\/testing.fishntech.com\/fr\/wp-json\/wp\/v2\/product\/6895","targetHints":{"allow":["GET"]}}],"collection":[{"href":"https:\/\/testing.fishntech.com\/fr\/wp-json\/wp\/v2\/product"}],"about":[{"href":"https:\/\/testing.fishntech.com\/fr\/wp-json\/wp\/v2\/types\/product"}],"replies":[{"embeddable":true,"href":"https:\/\/testing.fishntech.com\/fr\/wp-json\/wp\/v2\/comments?post=6895"}],"version-history":[{"count":1,"href":"https:\/\/testing.fishntech.com\/fr\/wp-json\/wp\/v2\/product\/6895\/revisions"}],"predecessor-version":[{"id":120810,"href":"https:\/\/testing.fishntech.com\/fr\/wp-json\/wp\/v2\/product\/6895\/revisions\/120810"}],"wp:featuredmedia":[{"embeddable":true,"href":"https:\/\/testing.fishntech.com\/fr\/wp-json\/wp\/v2\/media\/6525"}],"wp:attachment":[{"href":"https:\/\/testing.fishntech.com\/fr\/wp-json\/wp\/v2\/media?parent=6895"}],"wp:term":[{"taxonomy":"product_brand","embeddable":true,"href":"https:\/\/testing.fishntech.com\/fr\/wp-json\/wp\/v2\/product_brand?post=6895"},{"taxonomy":"product_cat","embeddable":true,"href":"https:\/\/testing.fishntech.com\/fr\/wp-json\/wp\/v2\/product_cat?post=6895"},{"taxonomy":"product_tag","embeddable":true,"href":"https:\/\/testing.fishntech.com\/fr\/wp-json\/wp\/v2\/product_tag?post=6895"}],"curies":[{"name":"wp","href":"https:\/\/api.w.org\/{rel}","templated":true}]}}