{"id":6932,"date":"2021-04-17T19:37:18","date_gmt":"2021-04-17T19:37:18","guid":{"rendered":"https:\/\/testing.fishntech.com\/product\/t-h-marine-additional-remote-control-unit-for-2-way-boat-alarm-system\/"},"modified":"2025-06-05T17:43:25","modified_gmt":"2025-06-05T17:43:25","slug":"t-h-marine-additional-remote-control-unit-for-2-way-boat-alarm-system","status":"publish","type":"product","link":"https:\/\/testing.fishntech.com\/fr\/product\/t-h-marine-additional-remote-control-unit-for-2-way-boat-alarm-system\/","title":{"rendered":"Additional Remote Control Unit For 2-Way Boat Alarm System"},"content":{"rendered":"<p><strong>Additional Remote Control Unit f\/2-Way Boat Alarm System<br \/><\/strong><\/p>\n<p>Protects your boat and valuable equipment from theft.<\/p>\n<p><strong>Caract\u00e9ristiques :<\/strong><\/p>\n<ul>\n<li>Two Way Remote Alerts with Sound, Light &amp; Vibration<\/li>\n<\/ul>\n<p><img decoding=\"async\" src=\"https:\/\/productimageserver.com\/prop65\/6pt.png\" alt=\"Avertissement\" \/><strong>AVERTISSEMENT :<\/strong> Ce produit peut vous exposer \u00e0 des produits chimiques qui sont reconnus par l'\u00c9tat de Californie comme causant le cancer, des malformations cong\u00e9nitales ou d'autres troubles de la reproduction. Pour plus d'informations, consultez le site <a href=\"http:\/\/P65Warnings.ca.gov\" target=\"_blank\" rel=\"noopener\">P65Avertissements.ca.gov<\/a>.<\/p>\n<p> <!--- cis2:mm1rl5hl ---><\/p>","protected":false},"excerpt":{"rendered":"<p>Additional Remote Control Unit f\/2-Way Boat Alarm System Protects your boat and valuable equipment from theft. Features: Two Way Remote Alerts with Sound, Light &amp; Vibration WARNING: This product can expose you to chemicals which are known to the State of California to cause cancer, birth defects or other reproductive harm. For more information go [&hellip;]<\/p>\n","protected":false},"featured_media":6625,"comment_status":"closed","ping_status":"closed","template":"","meta":{"_acf_changed":false},"product_brand":[],"product_cat":[424,267],"product_tag":[427],"class_list":{"0":"post-6932","1":"product","2":"type-product","3":"status-publish","4":"has-post-thumbnail","6":"product_cat-th-marine-boating-accessories","7":"product_cat-th-marine","8":"product_tag-security","10":"first","11":"instock","12":"taxable","13":"shipping-taxable","14":"purchasable","15":"product-type-simple"},"acf":[],"_links":{"self":[{"href":"https:\/\/testing.fishntech.com\/fr\/wp-json\/wp\/v2\/product\/6932","targetHints":{"allow":["GET"]}}],"collection":[{"href":"https:\/\/testing.fishntech.com\/fr\/wp-json\/wp\/v2\/product"}],"about":[{"href":"https:\/\/testing.fishntech.com\/fr\/wp-json\/wp\/v2\/types\/product"}],"replies":[{"embeddable":true,"href":"https:\/\/testing.fishntech.com\/fr\/wp-json\/wp\/v2\/comments?post=6932"}],"version-history":[{"count":1,"href":"https:\/\/testing.fishntech.com\/fr\/wp-json\/wp\/v2\/product\/6932\/revisions"}],"predecessor-version":[{"id":120868,"href":"https:\/\/testing.fishntech.com\/fr\/wp-json\/wp\/v2\/product\/6932\/revisions\/120868"}],"wp:featuredmedia":[{"embeddable":true,"href":"https:\/\/testing.fishntech.com\/fr\/wp-json\/wp\/v2\/media\/6625"}],"wp:attachment":[{"href":"https:\/\/testing.fishntech.com\/fr\/wp-json\/wp\/v2\/media?parent=6932"}],"wp:term":[{"taxonomy":"product_brand","embeddable":true,"href":"https:\/\/testing.fishntech.com\/fr\/wp-json\/wp\/v2\/product_brand?post=6932"},{"taxonomy":"product_cat","embeddable":true,"href":"https:\/\/testing.fishntech.com\/fr\/wp-json\/wp\/v2\/product_cat?post=6932"},{"taxonomy":"product_tag","embeddable":true,"href":"https:\/\/testing.fishntech.com\/fr\/wp-json\/wp\/v2\/product_tag?post=6932"}],"curies":[{"name":"wp","href":"https:\/\/api.w.org\/{rel}","templated":true}]}}