{"id":6941,"date":"2021-04-17T19:37:32","date_gmt":"2021-04-17T19:37:32","guid":{"rendered":"https:\/\/testing.fishntech.com\/product\/t-h-marine-hot-foot-pro-top-load-foot-throttle-for-chrysler-yamaha\/"},"modified":"2025-06-05T17:43:18","modified_gmt":"2025-06-05T17:43:18","slug":"th-marine-hot-foot-pro-top-load-foot-throttle-for-chrysler-yamaha","status":"publish","type":"product","link":"https:\/\/testing.fishntech.com\/fr\/product\/th-marine-hot-foot-pro-top-load-foot-throttle-for-chrysler-yamaha\/","title":{"rendered":"HOT FOOT Pro &#8211; Top Load Foot Throttle For Chrysler Yamaha"},"content":{"rendered":"<p><strong>HOT FOOT&trade; Pro &#8211; Top Load Foot Throttle for Chrysler Yamaha<\/strong><\/p>\n<p>HOT FOOT&trade; Pro is the ultimate upgrade for the boater looking for safety and performance features that made Hot Foot&trade; the foot throttle boaters demand. HOT FOOT&trade; Pro sports a rugged aluminum finish with great color graphics on the pedal to accent any high performance boat. The top loading feature for the throttle cable* makes HOT FOOT&trade; Pro easier to install and gives more foot and leg room. Standard features include a patented idle stop for the Ficht and Optimax engines, stainless steel return spring, Teflon bushings on all critical pivot points and tow clip for added security.<\/p>\n<p><strong>Caract\u00e9ristiques :<\/strong><\/p>\n<ul>\n<li>Drive your boat like you drive your car<\/li>\n<li>Improved Safety &amp; Throttle Control<\/li>\n<li>Attractive Full Color Pedal Graphics<\/li>\n<li>Topside Cable Connections<\/li>\n<li>Patented Idle Stop for FICHT &amp; Optimax<\/li>\n<li>Stainless Steel Hardware with Teflon Bushings<\/li>\n<\/ul>\n<p>*Requires Longer Throttle Cable (Not Included)<\/p>\n<p>Optional Slide Mount (HFM-1-DP) available for comfort and multiple drivers.<\/p>\n<p><img decoding=\"async\" src=\"https:\/\/productimageserver.com\/prop65\/6pt.png\" alt=\"Avertissement\" \/><strong>AVERTISSEMENT :<\/strong> Ce produit peut vous exposer \u00e0 des produits chimiques qui sont reconnus par l'\u00c9tat de Californie comme causant le cancer, des malformations cong\u00e9nitales ou d'autres troubles de la reproduction. Pour plus d'informations, consultez le site <a href=\"http:\/\/P65Warnings.ca.gov\" target=\"_blank\" rel=\"noopener\">P65Avertissements.ca.gov<\/a>.<\/p>\n<p> <!--- cis2:mm1rl5hl ---><\/p>","protected":false},"excerpt":{"rendered":"<p>HOT FOOT&trade; Pro &#8211; Top Load Foot Throttle for Chrysler Yamaha HOT FOOT&trade; Pro is the ultimate upgrade for the boater looking for safety and performance features that made Hot Foot&trade; the foot throttle boaters demand. HOT FOOT&trade; Pro sports a rugged aluminum finish with great color graphics on the pedal to accent any high [&hellip;]<\/p>\n","protected":false},"featured_media":6633,"comment_status":"closed","ping_status":"closed","template":"","meta":{"_acf_changed":false},"product_brand":[],"product_cat":[426,267],"product_tag":[437],"class_list":{"0":"post-6941","1":"product","2":"type-product","3":"status-publish","4":"has-post-thumbnail","6":"product_cat-hot-foot","7":"product_cat-th-marine","8":"product_tag-outboard_performance","10":"first","11":"instock","12":"taxable","13":"shipping-taxable","14":"purchasable","15":"product-type-simple"},"acf":[],"_links":{"self":[{"href":"https:\/\/testing.fishntech.com\/fr\/wp-json\/wp\/v2\/product\/6941","targetHints":{"allow":["GET"]}}],"collection":[{"href":"https:\/\/testing.fishntech.com\/fr\/wp-json\/wp\/v2\/product"}],"about":[{"href":"https:\/\/testing.fishntech.com\/fr\/wp-json\/wp\/v2\/types\/product"}],"replies":[{"embeddable":true,"href":"https:\/\/testing.fishntech.com\/fr\/wp-json\/wp\/v2\/comments?post=6941"}],"version-history":[{"count":1,"href":"https:\/\/testing.fishntech.com\/fr\/wp-json\/wp\/v2\/product\/6941\/revisions"}],"predecessor-version":[{"id":120824,"href":"https:\/\/testing.fishntech.com\/fr\/wp-json\/wp\/v2\/product\/6941\/revisions\/120824"}],"wp:featuredmedia":[{"embeddable":true,"href":"https:\/\/testing.fishntech.com\/fr\/wp-json\/wp\/v2\/media\/6633"}],"wp:attachment":[{"href":"https:\/\/testing.fishntech.com\/fr\/wp-json\/wp\/v2\/media?parent=6941"}],"wp:term":[{"taxonomy":"product_brand","embeddable":true,"href":"https:\/\/testing.fishntech.com\/fr\/wp-json\/wp\/v2\/product_brand?post=6941"},{"taxonomy":"product_cat","embeddable":true,"href":"https:\/\/testing.fishntech.com\/fr\/wp-json\/wp\/v2\/product_cat?post=6941"},{"taxonomy":"product_tag","embeddable":true,"href":"https:\/\/testing.fishntech.com\/fr\/wp-json\/wp\/v2\/product_tag?post=6941"}],"curies":[{"name":"wp","href":"https:\/\/api.w.org\/{rel}","templated":true}]}}