{"id":6944,"date":"2021-04-17T19:37:32","date_gmt":"2021-04-17T19:37:32","guid":{"rendered":"https:\/\/testing.fishntech.com\/product\/t-h-marine-hot-foot-adjustable-slide-mount\/"},"modified":"2025-06-05T17:43:18","modified_gmt":"2025-06-05T17:43:18","slug":"th-marine-hot-foot-adjustable-slide-mount","status":"publish","type":"product","link":"https:\/\/testing.fishntech.com\/fr\/product\/th-marine-hot-foot-adjustable-slide-mount\/","title":{"rendered":"HOT FOOT Adjustable Slide Mount"},"content":{"rendered":"<p><strong>HOT FOOT&trade; Adjustable Slide Mount<\/strong><\/p>\n<p>This sliding mount allows easy adjustment of the Hot Foot&trade; throttle position for different drivers or driving conditions. Mount allows over 5&#8243; of adjustment for people of different heights.<\/p>\n<p><strong>Caract\u00e9ristiques :<\/strong><\/p>\n<ul>\n<li>Easy Adjustment of Hot Foot&trade; position<\/li>\n<li>Stainless Steel Fasteners &amp; Release Pin<\/li>\n<li>Allows 5&rdquo; of Slide Adjustment<\/li>\n<li>Great for multiple drivers of different heights<\/li>\n<li>Allows change of throttle position for longer runs<\/li>\n<li>All extruded aluminum and stainless steel construction<\/li>\n<\/ul>\n<p><img decoding=\"async\" src=\"https:\/\/productimageserver.com\/prop65\/6pt.png\" alt=\"Avertissement\" \/><strong>AVERTISSEMENT :<\/strong> Ce produit peut vous exposer \u00e0 des produits chimiques qui sont reconnus par l'\u00c9tat de Californie comme causant le cancer, des malformations cong\u00e9nitales ou d'autres troubles de la reproduction. Pour plus d'informations, consultez le site <a href=\"http:\/\/P65Warnings.ca.gov\" target=\"_blank\" rel=\"noopener\">P65Avertissements.ca.gov<\/a>.<\/p>\n<p> <!--- cis2:mm1rl5hl ---><\/p>","protected":false},"excerpt":{"rendered":"<p>HOT FOOT&trade; Adjustable Slide Mount This sliding mount allows easy adjustment of the Hot Foot&trade; throttle position for different drivers or driving conditions. Mount allows over 5&#8243; of adjustment for people of different heights. Features: Easy Adjustment of Hot Foot&trade; position Stainless Steel Fasteners &amp; Release Pin Allows 5&rdquo; of Slide Adjustment Great for multiple [&hellip;]<\/p>\n","protected":false},"featured_media":6639,"comment_status":"closed","ping_status":"closed","template":"","meta":{"_acf_changed":false},"product_brand":[],"product_cat":[426,267],"product_tag":[437],"class_list":{"0":"post-6944","1":"product","2":"type-product","3":"status-publish","4":"has-post-thumbnail","6":"product_cat-hot-foot","7":"product_cat-th-marine","8":"product_tag-outboard_performance","10":"first","11":"instock","12":"taxable","13":"shipping-taxable","14":"purchasable","15":"product-type-simple"},"acf":[],"_links":{"self":[{"href":"https:\/\/testing.fishntech.com\/fr\/wp-json\/wp\/v2\/product\/6944","targetHints":{"allow":["GET"]}}],"collection":[{"href":"https:\/\/testing.fishntech.com\/fr\/wp-json\/wp\/v2\/product"}],"about":[{"href":"https:\/\/testing.fishntech.com\/fr\/wp-json\/wp\/v2\/types\/product"}],"replies":[{"embeddable":true,"href":"https:\/\/testing.fishntech.com\/fr\/wp-json\/wp\/v2\/comments?post=6944"}],"version-history":[{"count":1,"href":"https:\/\/testing.fishntech.com\/fr\/wp-json\/wp\/v2\/product\/6944\/revisions"}],"predecessor-version":[{"id":120826,"href":"https:\/\/testing.fishntech.com\/fr\/wp-json\/wp\/v2\/product\/6944\/revisions\/120826"}],"wp:featuredmedia":[{"embeddable":true,"href":"https:\/\/testing.fishntech.com\/fr\/wp-json\/wp\/v2\/media\/6639"}],"wp:attachment":[{"href":"https:\/\/testing.fishntech.com\/fr\/wp-json\/wp\/v2\/media?parent=6944"}],"wp:term":[{"taxonomy":"product_brand","embeddable":true,"href":"https:\/\/testing.fishntech.com\/fr\/wp-json\/wp\/v2\/product_brand?post=6944"},{"taxonomy":"product_cat","embeddable":true,"href":"https:\/\/testing.fishntech.com\/fr\/wp-json\/wp\/v2\/product_cat?post=6944"},{"taxonomy":"product_tag","embeddable":true,"href":"https:\/\/testing.fishntech.com\/fr\/wp-json\/wp\/v2\/product_tag?post=6944"}],"curies":[{"name":"wp","href":"https:\/\/api.w.org\/{rel}","templated":true}]}}