{"id":6946,"date":"2021-04-17T19:37:33","date_gmt":"2021-04-17T19:37:33","guid":{"rendered":"https:\/\/testing.fishntech.com\/product\/t-h-marine-g-force-conservation-cull-system-gen-2\/"},"modified":"2025-06-05T17:43:17","modified_gmt":"2025-06-05T17:43:17","slug":"th-marine-g-force-conservation-cull-system-gen-2","status":"publish","type":"product","link":"https:\/\/testing.fishntech.com\/fr\/product\/th-marine-g-force-conservation-cull-system-gen-2\/","title":{"rendered":"G-Force Conservation Cull System Gen 2"},"content":{"rendered":"<p><strong>G-Force Conservation Cull System Gen 2<\/strong><\/p>\n<p><strong>Caract\u00e9ristiques :<\/strong><\/p>\n<ul>\n<li>Simplified Cull Clip<\/li>\n<li>Stainless Steel Spring Loaded One Hand Operation<\/li>\n<li>Removable Floats<\/li>\n<li>Color Coded Line<\/li>\n<li>Non-penetrating Clip<\/li>\n<li>Balance beam included<\/li>\n<li>6 color-coded buoys<\/li>\n<li>Allows quicker culling- More fishing time!<\/li>\n<li>Uses a stronger plastic clip to hold tight around the lip<\/li>\n<li>Buoy holder for quick and easy storage of each Cull Ball<\/li>\n<\/ul>\n<p><img decoding=\"async\" src=\"https:\/\/productimageserver.com\/prop65\/6pt.png\" alt=\"Avertissement\" \/><strong>AVERTISSEMENT :<\/strong> Ce produit peut vous exposer \u00e0 des produits chimiques qui sont reconnus par l'\u00c9tat de Californie comme causant le cancer, des malformations cong\u00e9nitales ou d'autres troubles de la reproduction. Pour plus d'informations, consultez le site <a href=\"http:\/\/P65Warnings.ca.gov\" target=\"_blank\" rel=\"noopener\">P65Avertissements.ca.gov<\/a>.<\/p>\n<p> <!--- cis2:mm1rl5hl ---><\/p>","protected":false},"excerpt":{"rendered":"<p>G-Force Conservation Cull System Gen 2 Features: Simplified Cull Clip Stainless Steel Spring Loaded One Hand Operation Removable Floats Color Coded Line Non-penetrating Clip Balance beam included 6 color-coded buoys Allows quicker culling- More fishing time! Uses a stronger plastic clip to hold tight around the lip Buoy holder for quick and easy storage of [&hellip;]<\/p>\n","protected":false},"featured_media":6654,"comment_status":"closed","ping_status":"closed","template":"","meta":{"_acf_changed":false},"product_brand":[],"product_cat":[425,267],"product_tag":[],"class_list":{"0":"post-6946","1":"product","2":"type-product","3":"status-publish","4":"has-post-thumbnail","6":"product_cat-th-marine-fishing-accessories","7":"product_cat-th-marine","9":"first","10":"instock","11":"taxable","12":"shipping-taxable","13":"purchasable","14":"product-type-simple"},"acf":[],"_links":{"self":[{"href":"https:\/\/testing.fishntech.com\/fr\/wp-json\/wp\/v2\/product\/6946","targetHints":{"allow":["GET"]}}],"collection":[{"href":"https:\/\/testing.fishntech.com\/fr\/wp-json\/wp\/v2\/product"}],"about":[{"href":"https:\/\/testing.fishntech.com\/fr\/wp-json\/wp\/v2\/types\/product"}],"replies":[{"embeddable":true,"href":"https:\/\/testing.fishntech.com\/fr\/wp-json\/wp\/v2\/comments?post=6946"}],"version-history":[{"count":1,"href":"https:\/\/testing.fishntech.com\/fr\/wp-json\/wp\/v2\/product\/6946\/revisions"}],"predecessor-version":[{"id":120813,"href":"https:\/\/testing.fishntech.com\/fr\/wp-json\/wp\/v2\/product\/6946\/revisions\/120813"}],"wp:featuredmedia":[{"embeddable":true,"href":"https:\/\/testing.fishntech.com\/fr\/wp-json\/wp\/v2\/media\/6654"}],"wp:attachment":[{"href":"https:\/\/testing.fishntech.com\/fr\/wp-json\/wp\/v2\/media?parent=6946"}],"wp:term":[{"taxonomy":"product_brand","embeddable":true,"href":"https:\/\/testing.fishntech.com\/fr\/wp-json\/wp\/v2\/product_brand?post=6946"},{"taxonomy":"product_cat","embeddable":true,"href":"https:\/\/testing.fishntech.com\/fr\/wp-json\/wp\/v2\/product_cat?post=6946"},{"taxonomy":"product_tag","embeddable":true,"href":"https:\/\/testing.fishntech.com\/fr\/wp-json\/wp\/v2\/product_tag?post=6946"}],"curies":[{"name":"wp","href":"https:\/\/api.w.org\/{rel}","templated":true}]}}