{"id":6947,"date":"2021-04-17T19:37:33","date_gmt":"2021-04-17T19:37:33","guid":{"rendered":"https:\/\/testing.fishntech.com\/product\/t-h-marine-g-force-conservation-cull-system-weight-kit-3-per-pack\/"},"modified":"2025-06-05T17:43:17","modified_gmt":"2025-06-05T17:43:17","slug":"th-marine-g-force-conservation-cull-system-weight-kit-3-per-pack","status":"publish","type":"product","link":"https:\/\/testing.fishntech.com\/fr\/product\/th-marine-g-force-conservation-cull-system-weight-kit-3-per-pack\/","title":{"rendered":"G-Force Conservation Cull System Weight Kit &#8211; 3 Per Pack"},"content":{"rendered":"<p><strong>G-Force Conservation Cull System Weight Kit &#8211; 3 Per Pack<\/strong><\/p>\n<p>WEIGHT ONLY- CLIP NOT INCLUDED<\/p>\n<p><strong>Caract\u00e9ristiques :<\/strong><\/p>\n<ul>\n<li>Reduce Stress<\/li>\n<li>2 oz Weight<\/li>\n<li>Increase chance of survival<\/li>\n<li>Stabilizes the bass without harming them<\/li>\n<li>More than 1 clip may be needed for larger fish<\/li>\n<li>Simple to use clip, attaches to the G-FORCE Cull Clip<\/li>\n<li>Works for Gen 1 and Gen 2 Conservation Culling System<\/li>\n<li>Package comes with 3 weights<\/li>\n<\/ul>\n<p><img decoding=\"async\" src=\"https:\/\/productimageserver.com\/prop65\/6pt.png\" alt=\"Avertissement\" \/><strong>AVERTISSEMENT :<\/strong> Ce produit peut vous exposer \u00e0 des produits chimiques qui sont reconnus par l'\u00c9tat de Californie comme causant le cancer, des malformations cong\u00e9nitales ou d'autres troubles de la reproduction. Pour plus d'informations, consultez le site <a href=\"http:\/\/P65Warnings.ca.gov\" target=\"_blank\" rel=\"noopener\">P65Avertissements.ca.gov<\/a>.<\/p>\n<p> <!--- cis2:mm1rl5hl ---><\/p>","protected":false},"excerpt":{"rendered":"<p>G-Force Conservation Cull System Weight Kit &#8211; 3 Per Pack WEIGHT ONLY- CLIP NOT INCLUDED Features: Reduce Stress 2 oz Weight Increase chance of survival Stabilizes the bass without harming them More than 1 clip may be needed for larger fish Simple to use clip, attaches to the G-FORCE Cull Clip Works for Gen 1 [&hellip;]<\/p>\n","protected":false},"featured_media":6656,"comment_status":"closed","ping_status":"closed","template":"","meta":{"_acf_changed":false},"product_brand":[],"product_cat":[425,267],"product_tag":[],"class_list":{"0":"post-6947","1":"product","2":"type-product","3":"status-publish","4":"has-post-thumbnail","6":"product_cat-th-marine-fishing-accessories","7":"product_cat-th-marine","9":"first","10":"instock","11":"taxable","12":"shipping-taxable","13":"purchasable","14":"product-type-simple"},"acf":[],"_links":{"self":[{"href":"https:\/\/testing.fishntech.com\/fr\/wp-json\/wp\/v2\/product\/6947","targetHints":{"allow":["GET"]}}],"collection":[{"href":"https:\/\/testing.fishntech.com\/fr\/wp-json\/wp\/v2\/product"}],"about":[{"href":"https:\/\/testing.fishntech.com\/fr\/wp-json\/wp\/v2\/types\/product"}],"replies":[{"embeddable":true,"href":"https:\/\/testing.fishntech.com\/fr\/wp-json\/wp\/v2\/comments?post=6947"}],"version-history":[{"count":1,"href":"https:\/\/testing.fishntech.com\/fr\/wp-json\/wp\/v2\/product\/6947\/revisions"}],"predecessor-version":[{"id":120814,"href":"https:\/\/testing.fishntech.com\/fr\/wp-json\/wp\/v2\/product\/6947\/revisions\/120814"}],"wp:featuredmedia":[{"embeddable":true,"href":"https:\/\/testing.fishntech.com\/fr\/wp-json\/wp\/v2\/media\/6656"}],"wp:attachment":[{"href":"https:\/\/testing.fishntech.com\/fr\/wp-json\/wp\/v2\/media?parent=6947"}],"wp:term":[{"taxonomy":"product_brand","embeddable":true,"href":"https:\/\/testing.fishntech.com\/fr\/wp-json\/wp\/v2\/product_brand?post=6947"},{"taxonomy":"product_cat","embeddable":true,"href":"https:\/\/testing.fishntech.com\/fr\/wp-json\/wp\/v2\/product_cat?post=6947"},{"taxonomy":"product_tag","embeddable":true,"href":"https:\/\/testing.fishntech.com\/fr\/wp-json\/wp\/v2\/product_tag?post=6947"}],"curies":[{"name":"wp","href":"https:\/\/api.w.org\/{rel}","templated":true}]}}