{"id":9014,"date":"2021-05-11T20:58:57","date_gmt":"2021-05-11T20:58:57","guid":{"rendered":"https:\/\/testing.fishntech.com\/?post_type=product&#038;p=9014"},"modified":"2025-06-05T17:44:44","modified_gmt":"2025-06-05T17:44:44","slug":"trccovers-com-spinning-rod-cover-with-strap-6-to-6-%c2%bd-foot-rod","status":"publish","type":"product","link":"https:\/\/testing.fishntech.com\/fr\/product\/trccovers-com-spinning-rod-cover-with-strap-6-to-6-%c2%bd-foot-rod\/","title":{"rendered":"Spinning Rod Cover With Strap \u2013 6 to 6 \u00bd foot Rod"},"content":{"rendered":"<p>Des housses de canne \u00e0 p\u00eache qui flottent et qui ne s'emm\u00ealent pas ! Comprend un \u00e9lastique pour fixer la housse \u00e0 la poign\u00e9e du moulinet.<\/p>","protected":false},"excerpt":{"rendered":"<p>Des housses de canne \u00e0 p\u00eache qui flottent et qui ne s'emm\u00ealent pas ! Comprend un \u00e9lastique pour fixer la housse \u00e0 la poign\u00e9e du moulinet.<\/p>","protected":false},"featured_media":9057,"comment_status":"closed","ping_status":"closed","template":"","meta":{"_acf_changed":false},"product_brand":[],"product_cat":[503],"product_tag":[],"class_list":{"0":"post-9014","1":"product","2":"type-product","3":"status-publish","4":"has-post-thumbnail","6":"product_cat-trc-covers","8":"first","9":"instock","10":"taxable","11":"shipping-taxable","12":"purchasable","13":"product-type-variable"},"acf":[],"_links":{"self":[{"href":"https:\/\/testing.fishntech.com\/fr\/wp-json\/wp\/v2\/product\/9014","targetHints":{"allow":["GET"]}}],"collection":[{"href":"https:\/\/testing.fishntech.com\/fr\/wp-json\/wp\/v2\/product"}],"about":[{"href":"https:\/\/testing.fishntech.com\/fr\/wp-json\/wp\/v2\/types\/product"}],"replies":[{"embeddable":true,"href":"https:\/\/testing.fishntech.com\/fr\/wp-json\/wp\/v2\/comments?post=9014"}],"version-history":[{"count":1,"href":"https:\/\/testing.fishntech.com\/fr\/wp-json\/wp\/v2\/product\/9014\/revisions"}],"predecessor-version":[{"id":120926,"href":"https:\/\/testing.fishntech.com\/fr\/wp-json\/wp\/v2\/product\/9014\/revisions\/120926"}],"wp:featuredmedia":[{"embeddable":true,"href":"https:\/\/testing.fishntech.com\/fr\/wp-json\/wp\/v2\/media\/9057"}],"wp:attachment":[{"href":"https:\/\/testing.fishntech.com\/fr\/wp-json\/wp\/v2\/media?parent=9014"}],"wp:term":[{"taxonomy":"product_brand","embeddable":true,"href":"https:\/\/testing.fishntech.com\/fr\/wp-json\/wp\/v2\/product_brand?post=9014"},{"taxonomy":"product_cat","embeddable":true,"href":"https:\/\/testing.fishntech.com\/fr\/wp-json\/wp\/v2\/product_cat?post=9014"},{"taxonomy":"product_tag","embeddable":true,"href":"https:\/\/testing.fishntech.com\/fr\/wp-json\/wp\/v2\/product_tag?post=9014"}],"curies":[{"name":"wp","href":"https:\/\/api.w.org\/{rel}","templated":true}]}}