{"id":9361,"date":"2021-05-23T11:27:33","date_gmt":"2021-05-23T11:27:33","guid":{"rendered":"https:\/\/testing.fishntech.com\/product\/ram-trolling-motor-stabilizer-with-tough-claw\/"},"modified":"2025-06-05T17:41:53","modified_gmt":"2025-06-05T17:41:53","slug":"rap-400-202u","status":"publish","type":"product","link":"https:\/\/testing.fishntech.com\/fr\/product\/rap-400-202u\/","title":{"rendered":"RAP-400-202U - RAM Mounts Stabilisateur de moteur de p\u00eache \u00e0 la tra\u00eene avec Tough-Claw"},"content":{"rendered":"<h4>RAM Mounts Trolling Motor Stabilizer with Tough-Claw<\/h4>\n<p>The RAP-400-202U consists of the small Tough-Claw<sup>\u2122<\/sup>\u00a0base, double socket arm and round base adapter. The RAM<sup>\u00ae<\/sup>\u00a0Tough-Claw<sup>\u2122<\/sup>\u00a0is the perfect mounting base for quick and easy tool-less installation and removal on round, square, odd shaped rails and bars. The Tough-Claw<sup>\u2122<\/sup>\u00a0can be clamped on rails from 0.625&#8243; &#8211; 1.14&#8243; outer diameter. The round base adapter contains the industry standard universal AMPS hole pattern, which will connect to a large variety of RAM<sup>\u00ae<\/sup>\u00a0Mount and third party cradles. The mount is designed with a RAM 1.5&#8243; diameter patented rubber ball and socket system that has adjustment points at both ends of the double socket arm; this allowing for almost infinite adjustment and perfect viewing angles.<\/p>\n<h4 class=\"text-left uppercase pb-4 text-lg\">Caract\u00e9ristiques :<\/h4>\n<ul class=\"list-disc pl-4\">\n<li>Includes small version of the RAM<sup>\u00ae<\/sup>\u00a0Tough-Claw<sup>\u2122<\/sup>, medium length C size RAM<sup>\u00ae<\/sup>\u00a0double socket arm, and 2.5&#8243; round plate with C size 1.5&#8243; RAM<sup>\u00ae<\/sup>\u00a0rubber ball<\/li>\n<li>Small version of the RAM<sup>\u00ae<\/sup>\u00a0Tough-Claw<sup>\u2122<\/sup>\u00a0base is designed to quickly clamp to round, square, and odd-shaped rails and bars ranging from .625&#8243; to 1.14&#8243; in outer diameter; rubber pads provide stable gripping and protection of mounting surface<\/li>\n<li>Made of powder-coated, marine-grade aluminum and high-strength composite for durability and reliability in the most demanding environments<\/li>\n<li>Backed by a lifetime warranty<\/li>\n<\/ul>\n<p>&nbsp;<\/p>\n<p><b>Socket to Socket Length:<\/b> 4.66&#8243;<\/p>\n<p><strong>Ball Size:<\/strong> C Size (1.5&#8243;)<\/p>\n<p><strong>Plate Size:<\/strong> 2.5&#8243; Diameter<\/p>\n<p><strong>Clamp Range:<\/strong> .625&#8243; &#8211; 1.14&#8243; diameter<\/p>\n<p><strong>Weight Capacity:\u00a0<\/strong><\/p>\n<ul>\n<li>Standard Use: 4 lbs<\/li>\n<li>Heavy-Duty Use: 3 lbs<\/li>\n<\/ul>\n<p><strong>Materials:<\/strong> Marine-grade aluminum &#8211; High strength composite<\/p>","protected":false},"excerpt":{"rendered":"<p>RAM Mounts Trolling Motor Stabilizer with Tough-Claw The RAP-400-202U consists of the small Tough-Claw\u2122\u00a0base, double socket arm and round base adapter. The RAM\u00ae\u00a0Tough-Claw\u2122\u00a0is the perfect mounting base for quick and easy tool-less installation and removal on round, square, odd shaped rails and bars. The Tough-Claw\u2122\u00a0can be clamped on rails from 0.625&#8243; &#8211; 1.14&#8243; outer diameter. [&hellip;]<\/p>\n","protected":false},"featured_media":4417,"comment_status":"closed","ping_status":"closed","template":"","meta":{"_acf_changed":false},"product_brand":[],"product_cat":[289,506,510],"product_tag":[272],"class_list":{"0":"post-9361","1":"product","2":"type-product","3":"status-publish","4":"has-post-thumbnail","6":"product_cat-ram-mounts","7":"product_cat-size-c","8":"product_cat-trolling-motor-mounts","9":"product_tag-tmaccessory","11":"first","12":"instock","13":"taxable","14":"shipping-taxable","15":"purchasable","16":"product-type-simple"},"acf":[],"_links":{"self":[{"href":"https:\/\/testing.fishntech.com\/fr\/wp-json\/wp\/v2\/product\/9361","targetHints":{"allow":["GET"]}}],"collection":[{"href":"https:\/\/testing.fishntech.com\/fr\/wp-json\/wp\/v2\/product"}],"about":[{"href":"https:\/\/testing.fishntech.com\/fr\/wp-json\/wp\/v2\/types\/product"}],"replies":[{"embeddable":true,"href":"https:\/\/testing.fishntech.com\/fr\/wp-json\/wp\/v2\/comments?post=9361"}],"version-history":[{"count":0,"href":"https:\/\/testing.fishntech.com\/fr\/wp-json\/wp\/v2\/product\/9361\/revisions"}],"wp:featuredmedia":[{"embeddable":true,"href":"https:\/\/testing.fishntech.com\/fr\/wp-json\/wp\/v2\/media\/4417"}],"wp:attachment":[{"href":"https:\/\/testing.fishntech.com\/fr\/wp-json\/wp\/v2\/media?parent=9361"}],"wp:term":[{"taxonomy":"product_brand","embeddable":true,"href":"https:\/\/testing.fishntech.com\/fr\/wp-json\/wp\/v2\/product_brand?post=9361"},{"taxonomy":"product_cat","embeddable":true,"href":"https:\/\/testing.fishntech.com\/fr\/wp-json\/wp\/v2\/product_cat?post=9361"},{"taxonomy":"product_tag","embeddable":true,"href":"https:\/\/testing.fishntech.com\/fr\/wp-json\/wp\/v2\/product_tag?post=9361"}],"curies":[{"name":"wp","href":"https:\/\/api.w.org\/{rel}","templated":true}]}}