{"id":9541,"date":"2021-05-26T17:10:10","date_gmt":"2021-05-26T17:10:10","guid":{"rendered":"https:\/\/testing.fishntech.com\/product\/cannon-uni-troll-10-stx-ts-tournament-series-manual-downrigger\/"},"modified":"2025-06-05T17:34:47","modified_gmt":"2025-06-05T17:34:47","slug":"cannon-uni-troll-10-ts-tournament-series-manual-downrigger","status":"publish","type":"product","link":"https:\/\/testing.fishntech.com\/fr\/product\/cannon-uni-troll-10-ts-tournament-series-manual-downrigger\/","title":{"rendered":"Downrigger manuel Uni-Troll 10 TS Tournament Series"},"content":{"rendered":"<p><strong>Uni-Troll 10 STX Tournament Series<\/strong><\/p>\n<p>Plus de contr\u00f4le \u00e0 chaque instant.<\/p>\n<p>Prenez les commandes d'une p\u00eache \u00e0 profondeur contr\u00f4l\u00e9e en \u00e9quipant votre bateau de nos downriggers manuels Uni-Troll\u2122. Parfait pour les petits bateaux, chaque mod\u00e8le permet une r\u00e9cup\u00e9ration rapide de la ligne et une descente contr\u00f4l\u00e9e du poids d'une seule main.<\/p>\n<p><strong>TAUX DE R\u00c9CUP\u00c9RATION RAPIDE<\/strong><\/p>\n<p>Nos mod\u00e8les Uni-Troll et Easi-Troll sont dot\u00e9s d'un design innovant qui vous permet de remonter vos lignes avec moins d'effort de manivelle. Plus vite vous r\u00e9cup\u00e9rez vos lignes, plus vite vous pouvez vous remettre \u00e0 p\u00eacher.<\/p>\n<p><strong>DESCENTE CONTR\u00d4L\u00c9E DU POIDS<\/strong><\/p>\n<p>Obtenez un positionnement contr\u00f4l\u00e9 et pr\u00e9cis de votre app\u00e2t gr\u00e2ce \u00e0 l'embrayage \u00e0 une main de tous les downriggers manuels Cannon. Il est con\u00e7u pour faire descendre progressivement et pr\u00e9cis\u00e9ment votre poids et votre app\u00e2t dans la zone de touche.<\/p>\n<p><strong>Caract\u00e9ristiques :<\/strong><\/p>\n<ul>\n<li>Vitesse de r\u00e9cup\u00e9ration 2:1 rapide et sans effort<\/li>\n<li>D\u00e9ploiement de l'embrayage d'une seule main pour un positionnement simple et pr\u00e9cis de l'app\u00e2t<\/li>\n<li>La poulie d'extr\u00e9mit\u00e9 de fl\u00e8che ferm\u00e9e emp\u00eache les sauts de ligne<\/li>\n<li>Base de montage universelle facile d'acc\u00e8s - identique \u00e0 nos mod\u00e8les \u00e9lectriques<\/li>\n<li>Support de canne \u00e0 p\u00eache \u00e0 deux axes - enti\u00e8rement r\u00e9glable, d'avant en arri\u00e8re et d'un c\u00f4t\u00e9 \u00e0 l'autre<\/li>\n<li>Manivelle ergonomique<\/li>\n<li>Crochet de rangement des balles int\u00e9gr\u00e9<\/li>\n<li>Compteur de profondeur \u00e0 trois chiffres<\/li>\n<li>Pr\u00e9-\u00e9quip\u00e9 de 200\u2032 de c\u00e2ble en acier inoxydable de 150 livres de test et d'un largueur de ligne.<\/li>\n<li>Garantie limit\u00e9e \u00e0 vie<\/li>\n<\/ul>\n<p><img decoding=\"async\" src=\"https:\/\/productimageserver.com\/prop65\/6pt.png\" alt=\"Avertissement\" \/><strong>AVERTISSEMENT :<\/strong> Ce produit peut vous exposer \u00e0 des produits chimiques, notamment le di(2-\u00e9thylhexyl)phtalate (dehp), reconnu par l'\u00c9tat de Californie comme pouvant provoquer des cancers, des malformations cong\u00e9nitales ou d'autres troubles de la reproduction. Pour plus d'informations, consultez le site <a href=\"http:\/\/P65Warnings.ca.gov\" target=\"_blank\" rel=\"noopener\">P65Avertissements.ca.gov<\/a>.<\/p>\n<p> <!--- cis2:mm1rl5hl ---><\/p>","protected":false},"excerpt":{"rendered":"<p>Uni-Troll 10 STX Tournament Series More control at every turn. Take command of controlled depth fishing when you equip your boat with our Uni-Troll&trade; manual downriggers. Perfect for smaller boats, each model allows for quick line retrieval and controlled, one-handed weight descent. FAST RETRIEVAL RATE Our Uni-Troll and Easi-Troll models feature an innovative design that [&hellip;]<\/p>\n","protected":false},"featured_media":9540,"comment_status":"closed","ping_status":"closed","template":"","meta":{"_acf_changed":false},"product_brand":[],"product_cat":[879,829,516,518,77],"product_tag":[848],"class_list":{"0":"post-9541","1":"product","2":"type-product","3":"status-publish","4":"has-post-thumbnail","6":"product_cat-cannon-downriggers","7":"product_cat-downriggers","8":"product_cat-cannon-manual-series","9":"product_cat-cannon-tournament-series","10":"product_cat-cannon","11":"product_tag-uni-troll","13":"first","14":"instock","15":"taxable","16":"shipping-taxable","17":"purchasable","18":"product-type-simple"},"acf":[],"_links":{"self":[{"href":"https:\/\/testing.fishntech.com\/fr\/wp-json\/wp\/v2\/product\/9541","targetHints":{"allow":["GET"]}}],"collection":[{"href":"https:\/\/testing.fishntech.com\/fr\/wp-json\/wp\/v2\/product"}],"about":[{"href":"https:\/\/testing.fishntech.com\/fr\/wp-json\/wp\/v2\/types\/product"}],"replies":[{"embeddable":true,"href":"https:\/\/testing.fishntech.com\/fr\/wp-json\/wp\/v2\/comments?post=9541"}],"version-history":[{"count":2,"href":"https:\/\/testing.fishntech.com\/fr\/wp-json\/wp\/v2\/product\/9541\/revisions"}],"predecessor-version":[{"id":119539,"href":"https:\/\/testing.fishntech.com\/fr\/wp-json\/wp\/v2\/product\/9541\/revisions\/119539"}],"wp:featuredmedia":[{"embeddable":true,"href":"https:\/\/testing.fishntech.com\/fr\/wp-json\/wp\/v2\/media\/9540"}],"wp:attachment":[{"href":"https:\/\/testing.fishntech.com\/fr\/wp-json\/wp\/v2\/media?parent=9541"}],"wp:term":[{"taxonomy":"product_brand","embeddable":true,"href":"https:\/\/testing.fishntech.com\/fr\/wp-json\/wp\/v2\/product_brand?post=9541"},{"taxonomy":"product_cat","embeddable":true,"href":"https:\/\/testing.fishntech.com\/fr\/wp-json\/wp\/v2\/product_cat?post=9541"},{"taxonomy":"product_tag","embeddable":true,"href":"https:\/\/testing.fishntech.com\/fr\/wp-json\/wp\/v2\/product_tag?post=9541"}],"curies":[{"name":"wp","href":"https:\/\/api.w.org\/{rel}","templated":true}]}}