{"id":9558,"date":"2021-05-26T17:10:33","date_gmt":"2021-05-26T17:10:33","guid":{"rendered":"https:\/\/testing.fishntech.com\/product\/cannon-mag-10-stx-electric-downrigger\/"},"modified":"2025-06-05T17:34:47","modified_gmt":"2025-06-05T17:34:47","slug":"cannon-mag-10-electric-downrigger","status":"publish","type":"product","link":"https:\/\/testing.fishntech.com\/fr\/product\/cannon-mag-10-electric-downrigger\/","title":{"rendered":"Downrigger \u00e9lectrique MAG 10"},"content":{"rendered":"<p><b>MAG 10 STX<\/b><\/p>\n<p>The Magnum 10STX features the fastest retrieval rate on the market (250 feet per minute) and a Short-Stop feature that protects the boat from swinging weight. Includes mounting base, low-profile swivel base, and a telescopic stainless steel boom that extends from 24&#8243; to 53&#8243;. Magnum is built tougher and smarter to make you a better angler. Cannon Edge Design features fewer moving parts, one-piece composite construction, a redesigned boom end, protected circuit boards, and easy access to the spool, switches, plugs and mounting knobs.<\/p>\n<p><b>Caract\u00e9ristiques :<\/b><\/p>\n<p>&nbsp;<\/p>\n<ul>\n<li>250-feet-per-minute retrieval rate is the fastest in the industry<\/li>\n<li>Short-Stop &#8211; at the push of button, Short Stop automatically retrieves the weight and stops it at the waterline, so you can get back to fishing without worrying about boat damage from swinging weights<\/li>\n<li>Positive Ion Control emits positive ions from the cable to combat the negative ions from your boat, creating a fish-attracting field of energy<\/li>\n<li>Dual axis adjustable rod holder<\/li>\n<li>IP 68 waterproof power cord<\/li>\n<li>Easy spool access<\/li>\n<li>Compteur de profondeur \u00e0 trois chiffres<\/li>\n<li>Crochet de rangement des balles int\u00e9gr\u00e9<\/li>\n<li>20-lb weight capacity<\/li>\n<li>Includes line release and 250&#8242; of 150-lb test stainless steel cable<\/li>\n<li>Corrosion-resistant construction<\/li>\n<li>Garantie limit\u00e9e \u00e0 vie<\/li>\n<\/ul>\n<p><img decoding=\"async\" src=\"https:\/\/productimageserver.com\/prop65\/6pt.png\" alt=\"Avertissement\" \/><strong>AVERTISSEMENT :<\/strong> Ce produit peut vous exposer \u00e0 des produits chimiques, notamment le di(2-\u00e9thylhexyl)phtalate (dehp), reconnu par l'\u00c9tat de Californie comme pouvant provoquer des cancers, des malformations cong\u00e9nitales ou d'autres troubles de la reproduction. Pour plus d'informations, consultez le site <a href=\"http:\/\/P65Warnings.ca.gov\" target=\"_blank\" rel=\"noopener\">P65Avertissements.ca.gov<\/a>.<\/p>\n<p><!--- cis2:mm1rl5hl ---><\/p>","protected":false},"excerpt":{"rendered":"<p>MAG 10 STX The Magnum 10STX features the fastest retrieval rate on the market (250 feet per minute) and a Short-Stop feature that protects the boat from swinging weight. Includes mounting base, low-profile swivel base, and a telescopic stainless steel boom that extends from 24&#8243; to 53&#8243;. Magnum is built tougher and smarter to make [&hellip;]<\/p>\n","protected":false},"featured_media":9557,"comment_status":"closed","ping_status":"closed","template":"","meta":{"_acf_changed":false},"product_brand":[],"product_cat":[879,829,517,77],"product_tag":[838],"class_list":{"0":"post-9558","1":"product","2":"type-product","3":"status-publish","4":"has-post-thumbnail","6":"product_cat-cannon-downriggers","7":"product_cat-downriggers","8":"product_cat-cannon-electric-series","9":"product_cat-cannon","10":"product_tag-magnum","12":"first","13":"instock","14":"taxable","15":"shipping-taxable","16":"purchasable","17":"product-type-simple"},"acf":[],"_links":{"self":[{"href":"https:\/\/testing.fishntech.com\/fr\/wp-json\/wp\/v2\/product\/9558","targetHints":{"allow":["GET"]}}],"collection":[{"href":"https:\/\/testing.fishntech.com\/fr\/wp-json\/wp\/v2\/product"}],"about":[{"href":"https:\/\/testing.fishntech.com\/fr\/wp-json\/wp\/v2\/types\/product"}],"replies":[{"embeddable":true,"href":"https:\/\/testing.fishntech.com\/fr\/wp-json\/wp\/v2\/comments?post=9558"}],"version-history":[{"count":2,"href":"https:\/\/testing.fishntech.com\/fr\/wp-json\/wp\/v2\/product\/9558\/revisions"}],"predecessor-version":[{"id":119543,"href":"https:\/\/testing.fishntech.com\/fr\/wp-json\/wp\/v2\/product\/9558\/revisions\/119543"}],"wp:featuredmedia":[{"embeddable":true,"href":"https:\/\/testing.fishntech.com\/fr\/wp-json\/wp\/v2\/media\/9557"}],"wp:attachment":[{"href":"https:\/\/testing.fishntech.com\/fr\/wp-json\/wp\/v2\/media?parent=9558"}],"wp:term":[{"taxonomy":"product_brand","embeddable":true,"href":"https:\/\/testing.fishntech.com\/fr\/wp-json\/wp\/v2\/product_brand?post=9558"},{"taxonomy":"product_cat","embeddable":true,"href":"https:\/\/testing.fishntech.com\/fr\/wp-json\/wp\/v2\/product_cat?post=9558"},{"taxonomy":"product_tag","embeddable":true,"href":"https:\/\/testing.fishntech.com\/fr\/wp-json\/wp\/v2\/product_tag?post=9558"}],"curies":[{"name":"wp","href":"https:\/\/api.w.org\/{rel}","templated":true}]}}