{"id":9605,"date":"2021-05-26T17:11:43","date_gmt":"2021-05-26T17:11:43","guid":{"rendered":"https:\/\/testing.fishntech.com\/product\/cannon-stainless-steel-mounting-base\/"},"modified":"2025-06-05T17:34:49","modified_gmt":"2025-06-05T17:34:49","slug":"cannon-stainless-steel-mounting-base","status":"publish","type":"product","link":"https:\/\/testing.fishntech.com\/fr\/product\/cannon-stainless-steel-mounting-base\/","title":{"rendered":"Base de montage en acier inoxydable"},"content":{"rendered":"<p><b>STAINLESS STEEL MOUNTING BASE<\/b><br \/>Magnum and Digi-Troll<br \/>For large-body electric Cannon downriggers, our standard base features heavy-duty Lexan construction for strength and UV resistance. Upgrade to the 316-grade stainless steel model for unrivaled protection against rusting, pitting and corroding.<\/p>\n<p><img decoding=\"async\" src=\"https:\/\/productimageserver.com\/prop65\/6pt.png\" alt=\"Avertissement\" \/><strong>AVERTISSEMENT :<\/strong> Ce produit peut vous exposer \u00e0 des produits chimiques, notamment le di(2-\u00e9thylhexyl)phtalate (dehp), reconnu par l'\u00c9tat de Californie comme pouvant provoquer des cancers, des malformations cong\u00e9nitales ou d'autres troubles de la reproduction. Pour plus d'informations, consultez le site <a href=\"http:\/\/P65Warnings.ca.gov\" target=\"_blank\" rel=\"noopener\">P65Avertissements.ca.gov<\/a>.<\/p>\n<p> <!--- cis2:mm1rl5hl ---><\/p>","protected":false},"excerpt":{"rendered":"<p>STAINLESS STEEL MOUNTING BASEMagnum and Digi-TrollFor large-body electric Cannon downriggers, our standard base features heavy-duty Lexan construction for strength and UV resistance. Upgrade to the 316-grade stainless steel model for unrivaled protection against rusting, pitting and corroding. WARNING: This product can expose you to chemicals including di(2-ethylhexyl)phthalate (dehp) which is known to the State of [&hellip;]<\/p>\n","protected":false},"featured_media":9604,"comment_status":"closed","ping_status":"closed","template":"","meta":{"_acf_changed":false},"product_brand":[],"product_cat":[531,77],"product_tag":[],"class_list":{"0":"post-9605","1":"product","2":"type-product","3":"status-publish","4":"has-post-thumbnail","6":"product_cat-cannon-mounting-bases","7":"product_cat-cannon","9":"first","10":"instock","11":"taxable","12":"shipping-taxable","13":"purchasable","14":"product-type-simple"},"acf":[],"_links":{"self":[{"href":"https:\/\/testing.fishntech.com\/fr\/wp-json\/wp\/v2\/product\/9605","targetHints":{"allow":["GET"]}}],"collection":[{"href":"https:\/\/testing.fishntech.com\/fr\/wp-json\/wp\/v2\/product"}],"about":[{"href":"https:\/\/testing.fishntech.com\/fr\/wp-json\/wp\/v2\/types\/product"}],"replies":[{"embeddable":true,"href":"https:\/\/testing.fishntech.com\/fr\/wp-json\/wp\/v2\/comments?post=9605"}],"version-history":[{"count":2,"href":"https:\/\/testing.fishntech.com\/fr\/wp-json\/wp\/v2\/product\/9605\/revisions"}],"predecessor-version":[{"id":119555,"href":"https:\/\/testing.fishntech.com\/fr\/wp-json\/wp\/v2\/product\/9605\/revisions\/119555"}],"wp:featuredmedia":[{"embeddable":true,"href":"https:\/\/testing.fishntech.com\/fr\/wp-json\/wp\/v2\/media\/9604"}],"wp:attachment":[{"href":"https:\/\/testing.fishntech.com\/fr\/wp-json\/wp\/v2\/media?parent=9605"}],"wp:term":[{"taxonomy":"product_brand","embeddable":true,"href":"https:\/\/testing.fishntech.com\/fr\/wp-json\/wp\/v2\/product_brand?post=9605"},{"taxonomy":"product_cat","embeddable":true,"href":"https:\/\/testing.fishntech.com\/fr\/wp-json\/wp\/v2\/product_cat?post=9605"},{"taxonomy":"product_tag","embeddable":true,"href":"https:\/\/testing.fishntech.com\/fr\/wp-json\/wp\/v2\/product_tag?post=9605"}],"curies":[{"name":"wp","href":"https:\/\/api.w.org\/{rel}","templated":true}]}}