{"id":9611,"date":"2021-05-26T17:11:51","date_gmt":"2021-05-26T17:11:51","guid":{"rendered":"https:\/\/testing.fishntech.com\/product\/cannon-downrigger-mount-rod-holder-silver\/"},"modified":"2025-06-05T17:34:49","modified_gmt":"2025-06-05T17:34:49","slug":"cannon-downrigger-mount-rod-holder-silver","status":"publish","type":"product","link":"https:\/\/testing.fishntech.com\/fr\/product\/cannon-downrigger-mount-rod-holder-silver\/","title":{"rendered":"Support de canne \u00e0 p\u00eache pour Downrigger - Argent"},"content":{"rendered":"<p><b>DUAL AXIS ADJUSTABLE ROD HOLDERS DOWNRIGGER MOUNT<\/b><br \/>Mount our dual axis rod holders between the mounting base and swivel base of your Cannon downrigger for unparalleled rod positioning. A pistol grip release allows for quick, one-handed angle changes, and the innovative ratcheting adjustment system allows you to easily pull the holder to a vertical position. Full 360 degree rotation makes it the ultimate fishing accessory.<\/p>\n<p><img decoding=\"async\" src=\"https:\/\/productimageserver.com\/prop65\/6pt.png\" alt=\"Avertissement\" \/><strong>AVERTISSEMENT :<\/strong> Ce produit peut vous exposer \u00e0 des produits chimiques, notamment le di(2-\u00e9thylhexyl)phtalate (dehp), reconnu par l'\u00c9tat de Californie comme pouvant provoquer des cancers, des malformations cong\u00e9nitales ou d'autres troubles de la reproduction. Pour plus d'informations, consultez le site <a href=\"http:\/\/P65Warnings.ca.gov\" target=\"_blank\" rel=\"noopener\">P65Avertissements.ca.gov<\/a>.<\/p>\n<p> <!--- cis2:mm1rl5hl ---><\/p>","protected":false},"excerpt":{"rendered":"<p>DUAL AXIS ADJUSTABLE ROD HOLDERS DOWNRIGGER MOUNTMount our dual axis rod holders between the mounting base and swivel base of your Cannon downrigger for unparalleled rod positioning. A pistol grip release allows for quick, one-handed angle changes, and the innovative ratcheting adjustment system allows you to easily pull the holder to a vertical position. Full [&hellip;]<\/p>\n","protected":false},"featured_media":9610,"comment_status":"closed","ping_status":"closed","template":"","meta":{"_acf_changed":false},"product_brand":[],"product_cat":[520,77],"product_tag":[],"class_list":{"0":"post-9611","1":"product","2":"type-product","3":"status-publish","4":"has-post-thumbnail","6":"product_cat-cannon-rod-holders","7":"product_cat-cannon","9":"first","10":"instock","11":"taxable","12":"shipping-taxable","13":"purchasable","14":"product-type-simple"},"acf":[],"_links":{"self":[{"href":"https:\/\/testing.fishntech.com\/fr\/wp-json\/wp\/v2\/product\/9611","targetHints":{"allow":["GET"]}}],"collection":[{"href":"https:\/\/testing.fishntech.com\/fr\/wp-json\/wp\/v2\/product"}],"about":[{"href":"https:\/\/testing.fishntech.com\/fr\/wp-json\/wp\/v2\/types\/product"}],"replies":[{"embeddable":true,"href":"https:\/\/testing.fishntech.com\/fr\/wp-json\/wp\/v2\/comments?post=9611"}],"version-history":[{"count":1,"href":"https:\/\/testing.fishntech.com\/fr\/wp-json\/wp\/v2\/product\/9611\/revisions"}],"predecessor-version":[{"id":119559,"href":"https:\/\/testing.fishntech.com\/fr\/wp-json\/wp\/v2\/product\/9611\/revisions\/119559"}],"wp:featuredmedia":[{"embeddable":true,"href":"https:\/\/testing.fishntech.com\/fr\/wp-json\/wp\/v2\/media\/9610"}],"wp:attachment":[{"href":"https:\/\/testing.fishntech.com\/fr\/wp-json\/wp\/v2\/media?parent=9611"}],"wp:term":[{"taxonomy":"product_brand","embeddable":true,"href":"https:\/\/testing.fishntech.com\/fr\/wp-json\/wp\/v2\/product_brand?post=9611"},{"taxonomy":"product_cat","embeddable":true,"href":"https:\/\/testing.fishntech.com\/fr\/wp-json\/wp\/v2\/product_cat?post=9611"},{"taxonomy":"product_tag","embeddable":true,"href":"https:\/\/testing.fishntech.com\/fr\/wp-json\/wp\/v2\/product_tag?post=9611"}],"curies":[{"name":"wp","href":"https:\/\/api.w.org\/{rel}","templated":true}]}}