{"id":9621,"date":"2021-05-26T17:12:08","date_gmt":"2021-05-26T17:12:08","guid":{"rendered":"https:\/\/testing.fishntech.com\/product\/cannon-rear-mount-rod-holder-for-downriggers\/"},"modified":"2025-06-05T17:34:50","modified_gmt":"2025-06-05T17:34:50","slug":"support-de-canne-a-peche-cannon-pour-downriggers","status":"publish","type":"product","link":"https:\/\/testing.fishntech.com\/fr\/product\/cannon-rear-mount-rod-holder-for-downriggers\/","title":{"rendered":"Rear Mount Rod Holder for Downriggers"},"content":{"rendered":"<p><b>SINGLE Rod Holder<\/b> <br \/>Downrigger-mounted rodholder features dual axis adjustability. Fits all 2011 Cannon electric downriggers.<\/p>\n<p><img decoding=\"async\" src=\"https:\/\/productimageserver.com\/prop65\/6pt.png\" alt=\"Avertissement\" \/><strong>AVERTISSEMENT :<\/strong> Ce produit peut vous exposer \u00e0 des produits chimiques, notamment le di(2-\u00e9thylhexyl)phtalate (dehp), reconnu par l'\u00c9tat de Californie comme pouvant provoquer des cancers, des malformations cong\u00e9nitales ou d'autres troubles de la reproduction. Pour plus d'informations, consultez le site <a href=\"http:\/\/P65Warnings.ca.gov\" target=\"_blank\" rel=\"noopener\">P65Avertissements.ca.gov<\/a>.<\/p>\n<p> <!--- cis2:mm1rl5hl ---><\/p>","protected":false},"excerpt":{"rendered":"<p>SINGLE Rod Holder Downrigger-mounted rodholder features dual axis adjustability. Fits all 2011 Cannon electric downriggers. WARNING: This product can expose you to chemicals including di(2-ethylhexyl)phthalate (dehp) which is known to the State of California to cause cancer, birth defects or other reproductive harm. For more information go to P65Warnings.ca.gov.<\/p>","protected":false},"featured_media":9620,"comment_status":"closed","ping_status":"closed","template":"","meta":{"_acf_changed":false},"product_brand":[],"product_cat":[520,77],"product_tag":[],"class_list":{"0":"post-9621","1":"product","2":"type-product","3":"status-publish","4":"has-post-thumbnail","6":"product_cat-cannon-rod-holders","7":"product_cat-cannon","9":"first","10":"instock","11":"taxable","12":"shipping-taxable","13":"purchasable","14":"product-type-simple"},"acf":[],"_links":{"self":[{"href":"https:\/\/testing.fishntech.com\/fr\/wp-json\/wp\/v2\/product\/9621","targetHints":{"allow":["GET"]}}],"collection":[{"href":"https:\/\/testing.fishntech.com\/fr\/wp-json\/wp\/v2\/product"}],"about":[{"href":"https:\/\/testing.fishntech.com\/fr\/wp-json\/wp\/v2\/types\/product"}],"replies":[{"embeddable":true,"href":"https:\/\/testing.fishntech.com\/fr\/wp-json\/wp\/v2\/comments?post=9621"}],"version-history":[{"count":1,"href":"https:\/\/testing.fishntech.com\/fr\/wp-json\/wp\/v2\/product\/9621\/revisions"}],"predecessor-version":[{"id":119564,"href":"https:\/\/testing.fishntech.com\/fr\/wp-json\/wp\/v2\/product\/9621\/revisions\/119564"}],"wp:featuredmedia":[{"embeddable":true,"href":"https:\/\/testing.fishntech.com\/fr\/wp-json\/wp\/v2\/media\/9620"}],"wp:attachment":[{"href":"https:\/\/testing.fishntech.com\/fr\/wp-json\/wp\/v2\/media?parent=9621"}],"wp:term":[{"taxonomy":"product_brand","embeddable":true,"href":"https:\/\/testing.fishntech.com\/fr\/wp-json\/wp\/v2\/product_brand?post=9621"},{"taxonomy":"product_cat","embeddable":true,"href":"https:\/\/testing.fishntech.com\/fr\/wp-json\/wp\/v2\/product_cat?post=9621"},{"taxonomy":"product_tag","embeddable":true,"href":"https:\/\/testing.fishntech.com\/fr\/wp-json\/wp\/v2\/product_tag?post=9621"}],"curies":[{"name":"wp","href":"https:\/\/api.w.org\/{rel}","templated":true}]}}