{"id":9631,"date":"2021-05-26T17:12:33","date_gmt":"2021-05-26T17:12:33","guid":{"rendered":"https:\/\/testing.fishntech.com\/product\/cannon-low-profile-swivel-base-mounting-system\/"},"modified":"2025-06-05T17:34:51","modified_gmt":"2025-06-05T17:34:51","slug":"cannon-low-profile-swivel-base-mounting-system","status":"publish","type":"product","link":"https:\/\/testing.fishntech.com\/fr\/product\/cannon-low-profile-swivel-base-mounting-system\/","title":{"rendered":"Syst\u00e8me de montage sur base pivotante \u00e0 profil bas"},"content":{"rendered":"<p><b>Low-Profile Swivel Base<\/b><\/p>\n<p>Heavy-duty Lexan&reg; and stainless steel swivel base. 1 1\/8&quot; tall. Six-point locking including two 45-degree positions. Measures 5&quot; x 5&quot; x 1 1\/8&quot;. For all Cannon downriggers. Includes four 1\/4&quot; &#8211; 20 x 1 truss head screws<\/p>\n<p><img decoding=\"async\" src=\"https:\/\/productimageserver.com\/prop65\/6pt.png\" alt=\"Avertissement\" \/><strong>AVERTISSEMENT :<\/strong> Ce produit peut vous exposer \u00e0 des produits chimiques, notamment le di(2-\u00e9thylhexyl)phtalate (dehp), reconnu par l'\u00c9tat de Californie comme pouvant provoquer des cancers, des malformations cong\u00e9nitales ou d'autres troubles de la reproduction. Pour plus d'informations, consultez le site <a href=\"http:\/\/P65Warnings.ca.gov\" target=\"_blank\" rel=\"noopener\">P65Avertissements.ca.gov<\/a>.<\/p>\n<p> <!--- cis2:mm1rl5hl ---><\/p>","protected":false},"excerpt":{"rendered":"<p>Low-Profile Swivel Base Heavy-duty Lexan&reg; and stainless steel swivel base. 1 1\/8&quot; tall. Six-point locking including two 45-degree positions. Measures 5&quot; x 5&quot; x 1 1\/8&quot;. For all Cannon downriggers. Includes four 1\/4&quot; &#8211; 20 x 1 truss head screws WARNING: This product can expose you to chemicals including di(2-ethylhexyl)phthalate (dehp) which is known to [&hellip;]<\/p>\n","protected":false},"featured_media":9630,"comment_status":"closed","ping_status":"closed","template":"","meta":{"_acf_changed":false},"product_brand":[],"product_cat":[531,77],"product_tag":[],"class_list":{"0":"post-9631","1":"product","2":"type-product","3":"status-publish","4":"has-post-thumbnail","6":"product_cat-cannon-mounting-bases","7":"product_cat-cannon","9":"first","10":"instock","11":"taxable","12":"shipping-taxable","13":"purchasable","14":"product-type-simple"},"acf":[],"_links":{"self":[{"href":"https:\/\/testing.fishntech.com\/fr\/wp-json\/wp\/v2\/product\/9631","targetHints":{"allow":["GET"]}}],"collection":[{"href":"https:\/\/testing.fishntech.com\/fr\/wp-json\/wp\/v2\/product"}],"about":[{"href":"https:\/\/testing.fishntech.com\/fr\/wp-json\/wp\/v2\/types\/product"}],"replies":[{"embeddable":true,"href":"https:\/\/testing.fishntech.com\/fr\/wp-json\/wp\/v2\/comments?post=9631"}],"version-history":[{"count":2,"href":"https:\/\/testing.fishntech.com\/fr\/wp-json\/wp\/v2\/product\/9631\/revisions"}],"predecessor-version":[{"id":119569,"href":"https:\/\/testing.fishntech.com\/fr\/wp-json\/wp\/v2\/product\/9631\/revisions\/119569"}],"wp:featuredmedia":[{"embeddable":true,"href":"https:\/\/testing.fishntech.com\/fr\/wp-json\/wp\/v2\/media\/9630"}],"wp:attachment":[{"href":"https:\/\/testing.fishntech.com\/fr\/wp-json\/wp\/v2\/media?parent=9631"}],"wp:term":[{"taxonomy":"product_brand","embeddable":true,"href":"https:\/\/testing.fishntech.com\/fr\/wp-json\/wp\/v2\/product_brand?post=9631"},{"taxonomy":"product_cat","embeddable":true,"href":"https:\/\/testing.fishntech.com\/fr\/wp-json\/wp\/v2\/product_cat?post=9631"},{"taxonomy":"product_tag","embeddable":true,"href":"https:\/\/testing.fishntech.com\/fr\/wp-json\/wp\/v2\/product_tag?post=9631"}],"curies":[{"name":"wp","href":"https:\/\/api.w.org\/{rel}","templated":true}]}}