{"id":9648,"date":"2021-05-26T17:12:51","date_gmt":"2021-05-26T17:12:51","guid":{"rendered":"https:\/\/testing.fishntech.com\/product\/cannon-universal-stacker-release\/"},"modified":"2025-06-05T17:34:52","modified_gmt":"2025-06-05T17:34:52","slug":"cannon-universal-stacker-release","status":"publish","type":"product","link":"https:\/\/testing.fishntech.com\/fr\/product\/cannon-universal-stacker-release\/","title":{"rendered":"Universal Stacker Release"},"content":{"rendered":"<p><b>Universal Line Release<\/b><\/p>\n<p>It&#8217;s truly a &quot;universal&quot; release because it can cover so many different tension settings. It has two adjustment points to allow tension settings from 2 to 22 lb. Perfect for slow trolling with live baits or going after light-hitting walleyes. Tough enough to handle heavy saltwater plugs.<\/p>\n<p><img decoding=\"async\" src=\"https:\/\/productimageserver.com\/prop65\/6pt.png\" alt=\"Avertissement\" \/><strong>AVERTISSEMENT :<\/strong> Ce produit peut vous exposer \u00e0 des produits chimiques, notamment le di(2-\u00e9thylhexyl)phtalate (dehp), reconnu par l'\u00c9tat de Californie comme pouvant provoquer des cancers, des malformations cong\u00e9nitales ou d'autres troubles de la reproduction. Pour plus d'informations, consultez le site <a href=\"http:\/\/P65Warnings.ca.gov\" target=\"_blank\" rel=\"noopener\">P65Avertissements.ca.gov<\/a>.<\/p>\n<p> <!--- cis2:mm1rl5hl ---><\/p>","protected":false},"excerpt":{"rendered":"<p>Universal Line Release It&#8217;s truly a &quot;universal&quot; release because it can cover so many different tension settings. It has two adjustment points to allow tension settings from 2 to 22 lb. Perfect for slow trolling with live baits or going after light-hitting walleyes. Tough enough to handle heavy saltwater plugs. WARNING: This product can expose [&hellip;]<\/p>\n","protected":false},"featured_media":9647,"comment_status":"closed","ping_status":"closed","template":"","meta":{"_acf_changed":false},"product_brand":[],"product_cat":[530,77],"product_tag":[],"class_list":{"0":"post-9648","1":"product","2":"type-product","3":"status-publish","4":"has-post-thumbnail","6":"product_cat-cannon-line-releases","7":"product_cat-cannon","9":"first","10":"instock","11":"taxable","12":"shipping-taxable","13":"purchasable","14":"product-type-simple"},"acf":[],"_links":{"self":[{"href":"https:\/\/testing.fishntech.com\/fr\/wp-json\/wp\/v2\/product\/9648","targetHints":{"allow":["GET"]}}],"collection":[{"href":"https:\/\/testing.fishntech.com\/fr\/wp-json\/wp\/v2\/product"}],"about":[{"href":"https:\/\/testing.fishntech.com\/fr\/wp-json\/wp\/v2\/types\/product"}],"replies":[{"embeddable":true,"href":"https:\/\/testing.fishntech.com\/fr\/wp-json\/wp\/v2\/comments?post=9648"}],"version-history":[{"count":1,"href":"https:\/\/testing.fishntech.com\/fr\/wp-json\/wp\/v2\/product\/9648\/revisions"}],"predecessor-version":[{"id":119573,"href":"https:\/\/testing.fishntech.com\/fr\/wp-json\/wp\/v2\/product\/9648\/revisions\/119573"}],"wp:featuredmedia":[{"embeddable":true,"href":"https:\/\/testing.fishntech.com\/fr\/wp-json\/wp\/v2\/media\/9647"}],"wp:attachment":[{"href":"https:\/\/testing.fishntech.com\/fr\/wp-json\/wp\/v2\/media?parent=9648"}],"wp:term":[{"taxonomy":"product_brand","embeddable":true,"href":"https:\/\/testing.fishntech.com\/fr\/wp-json\/wp\/v2\/product_brand?post=9648"},{"taxonomy":"product_cat","embeddable":true,"href":"https:\/\/testing.fishntech.com\/fr\/wp-json\/wp\/v2\/product_cat?post=9648"},{"taxonomy":"product_tag","embeddable":true,"href":"https:\/\/testing.fishntech.com\/fr\/wp-json\/wp\/v2\/product_tag?post=9648"}],"curies":[{"name":"wp","href":"https:\/\/api.w.org\/{rel}","templated":true}]}}