{"id":9664,"date":"2021-05-26T17:13:10","date_gmt":"2021-05-26T17:13:10","guid":{"rendered":"https:\/\/testing.fishntech.com\/product\/cannon-quick-stacker\/"},"modified":"2025-06-05T17:34:53","modified_gmt":"2025-06-05T17:34:53","slug":"cannon-quick-stacker","status":"publish","type":"product","link":"https:\/\/testing.fishntech.com\/fr\/product\/cannon-quick-stacker\/","title":{"rendered":"Quick Stacker"},"content":{"rendered":"<p><b>Quick Stacker&#8482;<\/b><\/p>\n<p>Attaches directly to your downrigger cable for stacking applications. Quick and easy to use with no twisting, winding, or looping to damage your line. Adjustable tension lets you match your line weight and fishing style.<\/p>\n<p>Part Number:  2250120-1<\/p>\n<p><img decoding=\"async\" src=\"https:\/\/productimageserver.com\/prop65\/6pt.png\" alt=\"Avertissement\" \/><strong>AVERTISSEMENT :<\/strong> Ce produit peut vous exposer \u00e0 des produits chimiques, notamment le di(2-\u00e9thylhexyl)phtalate (dehp), reconnu par l'\u00c9tat de Californie comme pouvant provoquer des cancers, des malformations cong\u00e9nitales ou d'autres troubles de la reproduction. Pour plus d'informations, consultez le site <a href=\"http:\/\/P65Warnings.ca.gov\" target=\"_blank\" rel=\"noopener\">P65Avertissements.ca.gov<\/a>.<\/p>\n<p> <!--- cis2:mm1rl5hl ---><\/p>","protected":false},"excerpt":{"rendered":"<p>Quick Stacker&#8482; Attaches directly to your downrigger cable for stacking applications. Quick and easy to use with no twisting, winding, or looping to damage your line. Adjustable tension lets you match your line weight and fishing style. Part Number: 2250120-1 WARNING: This product can expose you to chemicals including di(2-ethylhexyl)phthalate (dehp) which is known to [&hellip;]<\/p>\n","protected":false},"featured_media":9663,"comment_status":"closed","ping_status":"closed","template":"","meta":{"_acf_changed":false},"product_brand":[],"product_cat":[530,77],"product_tag":[],"class_list":{"0":"post-9664","1":"product","2":"type-product","3":"status-publish","4":"has-post-thumbnail","6":"product_cat-cannon-line-releases","7":"product_cat-cannon","9":"first","10":"instock","11":"taxable","12":"shipping-taxable","13":"purchasable","14":"product-type-simple"},"acf":[],"_links":{"self":[{"href":"https:\/\/testing.fishntech.com\/fr\/wp-json\/wp\/v2\/product\/9664","targetHints":{"allow":["GET"]}}],"collection":[{"href":"https:\/\/testing.fishntech.com\/fr\/wp-json\/wp\/v2\/product"}],"about":[{"href":"https:\/\/testing.fishntech.com\/fr\/wp-json\/wp\/v2\/types\/product"}],"replies":[{"embeddable":true,"href":"https:\/\/testing.fishntech.com\/fr\/wp-json\/wp\/v2\/comments?post=9664"}],"version-history":[{"count":1,"href":"https:\/\/testing.fishntech.com\/fr\/wp-json\/wp\/v2\/product\/9664\/revisions"}],"predecessor-version":[{"id":119584,"href":"https:\/\/testing.fishntech.com\/fr\/wp-json\/wp\/v2\/product\/9664\/revisions\/119584"}],"wp:featuredmedia":[{"embeddable":true,"href":"https:\/\/testing.fishntech.com\/fr\/wp-json\/wp\/v2\/media\/9663"}],"wp:attachment":[{"href":"https:\/\/testing.fishntech.com\/fr\/wp-json\/wp\/v2\/media?parent=9664"}],"wp:term":[{"taxonomy":"product_brand","embeddable":true,"href":"https:\/\/testing.fishntech.com\/fr\/wp-json\/wp\/v2\/product_brand?post=9664"},{"taxonomy":"product_cat","embeddable":true,"href":"https:\/\/testing.fishntech.com\/fr\/wp-json\/wp\/v2\/product_cat?post=9664"},{"taxonomy":"product_tag","embeddable":true,"href":"https:\/\/testing.fishntech.com\/fr\/wp-json\/wp\/v2\/product_tag?post=9664"}],"curies":[{"name":"wp","href":"https:\/\/api.w.org\/{rel}","templated":true}]}}