{"id":9688,"date":"2021-05-26T17:13:51","date_gmt":"2021-05-26T17:13:51","guid":{"rendered":"https:\/\/testing.fishntech.com\/product\/cannon-dual-rod-holder-front-mount\/"},"modified":"2025-06-05T17:34:53","modified_gmt":"2025-06-05T17:34:53","slug":"cannon-dual-rod-holder-front-mount","status":"publish","type":"product","link":"https:\/\/testing.fishntech.com\/fr\/product\/cannon-dual-rod-holder-front-mount\/","title":{"rendered":"Dual Rod Holder &#8211; Front Mount"},"content":{"rendered":"<p><b>Dual Rod Holder\/Front Mount<\/b><\/p>\n<p>Front-mount rod holder fits all 1 5\/16&quot; diameter Cannon booms, including telescopic boom. Also fits several other downrigger makes. Each holder has a separate angle adjustment. Comes with two rugged rod tubes with gimbal and drain hole, two aluminum tube clamps, and Lexan&reg; dual-mounting bracked.<\/p>\n<p><img decoding=\"async\" src=\"https:\/\/productimageserver.com\/prop65\/6pt.png\" alt=\"Avertissement\" \/><strong>AVERTISSEMENT :<\/strong> Ce produit peut vous exposer \u00e0 des produits chimiques, notamment le di(2-\u00e9thylhexyl)phtalate (dehp), reconnu par l'\u00c9tat de Californie comme pouvant provoquer des cancers, des malformations cong\u00e9nitales ou d'autres troubles de la reproduction. Pour plus d'informations, consultez le site <a href=\"http:\/\/P65Warnings.ca.gov\" target=\"_blank\" rel=\"noopener\">P65Avertissements.ca.gov<\/a>.<\/p>\n<p> <!--- cis2:mm1rl5hl ---><\/p>","protected":false},"excerpt":{"rendered":"<p>Dual Rod Holder\/Front Mount Front-mount rod holder fits all 1 5\/16&quot; diameter Cannon booms, including telescopic boom. Also fits several other downrigger makes. Each holder has a separate angle adjustment. Comes with two rugged rod tubes with gimbal and drain hole, two aluminum tube clamps, and Lexan&reg; dual-mounting bracked. WARNING: This product can expose you [&hellip;]<\/p>\n","protected":false},"featured_media":9687,"comment_status":"closed","ping_status":"closed","template":"","meta":{"_acf_changed":false},"product_brand":[],"product_cat":[520,77],"product_tag":[],"class_list":{"0":"post-9688","1":"product","2":"type-product","3":"status-publish","4":"has-post-thumbnail","6":"product_cat-cannon-rod-holders","7":"product_cat-cannon","9":"first","10":"instock","11":"taxable","12":"shipping-taxable","13":"purchasable","14":"product-type-simple"},"acf":[],"_links":{"self":[{"href":"https:\/\/testing.fishntech.com\/fr\/wp-json\/wp\/v2\/product\/9688","targetHints":{"allow":["GET"]}}],"collection":[{"href":"https:\/\/testing.fishntech.com\/fr\/wp-json\/wp\/v2\/product"}],"about":[{"href":"https:\/\/testing.fishntech.com\/fr\/wp-json\/wp\/v2\/types\/product"}],"replies":[{"embeddable":true,"href":"https:\/\/testing.fishntech.com\/fr\/wp-json\/wp\/v2\/comments?post=9688"}],"version-history":[{"count":1,"href":"https:\/\/testing.fishntech.com\/fr\/wp-json\/wp\/v2\/product\/9688\/revisions"}],"predecessor-version":[{"id":119583,"href":"https:\/\/testing.fishntech.com\/fr\/wp-json\/wp\/v2\/product\/9688\/revisions\/119583"}],"wp:featuredmedia":[{"embeddable":true,"href":"https:\/\/testing.fishntech.com\/fr\/wp-json\/wp\/v2\/media\/9687"}],"wp:attachment":[{"href":"https:\/\/testing.fishntech.com\/fr\/wp-json\/wp\/v2\/media?parent=9688"}],"wp:term":[{"taxonomy":"product_brand","embeddable":true,"href":"https:\/\/testing.fishntech.com\/fr\/wp-json\/wp\/v2\/product_brand?post=9688"},{"taxonomy":"product_cat","embeddable":true,"href":"https:\/\/testing.fishntech.com\/fr\/wp-json\/wp\/v2\/product_cat?post=9688"},{"taxonomy":"product_tag","embeddable":true,"href":"https:\/\/testing.fishntech.com\/fr\/wp-json\/wp\/v2\/product_tag?post=9688"}],"curies":[{"name":"wp","href":"https:\/\/api.w.org\/{rel}","templated":true}]}}