{"id":9710,"date":"2021-05-26T17:20:03","date_gmt":"2021-05-26T17:20:03","guid":{"rendered":"https:\/\/testing.fishntech.com\/?post_type=product&#038;p=9710"},"modified":"2025-06-05T17:35:05","modified_gmt":"2025-06-05T17:35:05","slug":"braided-downrigger-cable","status":"publish","type":"product","link":"https:\/\/testing.fishntech.com\/fr\/product\/braided-downrigger-cable\/","title":{"rendered":"Braided Downrigger Cable"},"content":{"rendered":"<h4>C\u00e2ble tress\u00e9 pour Downrigger Cannon<\/h4>\n<p>S\u00e9lection de la longueur du c\u00e2ble :<\/p>\n<ul>\n<li>150&#8242; length of 7-strand, 302-grade stainless steel cable. Each cable is 150-lb test (2215392)<br \/>\n<!--- cis2:mm1rl5hl ---><\/li>\n<li>200&#8242; length of 7-strand, 316-grade stainless steel cable. Each cable is 150-lb test (2215396)<\/li>\n<li>250&#8242; length of 7-strand, 316-grade stainless steel cable. Each cable is 150-lb test (3775394)<\/li>\n<li>400&#8242; lengths of 7-strand, 316-grade stainless steel cable. Each cable is 150-lb test (2215397)<\/li>\n<\/ul>\n<p><b>Cannon<\/b> fournit un \u00e9quipement de la plus haute qualit\u00e9 pour localiser, attirer et attraper le poisson. En tant que leader de l'\u00e9quipement de p\u00eache au downrigger, Cannon fera passer votre potentiel de capture de poissons au niveau sup\u00e9rieur gr\u00e2ce \u00e0 sa technologie et \u00e0 ses innovations les plus r\u00e9centes. Cannon\u00ae est anim\u00e9 par la m\u00eame passion que celle qui anime les p\u00eacheurs. Et cette passion est profonde.<\/p>","protected":false},"excerpt":{"rendered":"<p>Cannon Braided Downrigger Cable Cable Length Selection: 150&#8242; length of 7-strand, 302-grade stainless steel cable. Each cable is 150-lb test (2215392) 200&#8242; length of 7-strand, 316-grade stainless steel cable. Each cable is 150-lb test (2215396) 250&#8242; length of 7-strand, 316-grade stainless steel cable. Each cable is 150-lb test (3775394) 400&#8242; lengths of 7-strand, 316-grade stainless [&hellip;]<\/p>\n","protected":false},"featured_media":12755,"comment_status":"closed","ping_status":"closed","template":"","meta":{"_acf_changed":false},"product_brand":[],"product_cat":[519,77],"product_tag":[623],"class_list":{"0":"post-9710","1":"product","2":"type-product","3":"status-publish","4":"has-post-thumbnail","6":"product_cat-cannon-downrigger-accessories","7":"product_cat-cannon","8":"product_tag-downrigger-replacement-cables","10":"first","11":"instock","12":"taxable","13":"shipping-taxable","14":"purchasable","15":"product-type-variable"},"acf":[],"_links":{"self":[{"href":"https:\/\/testing.fishntech.com\/fr\/wp-json\/wp\/v2\/product\/9710","targetHints":{"allow":["GET"]}}],"collection":[{"href":"https:\/\/testing.fishntech.com\/fr\/wp-json\/wp\/v2\/product"}],"about":[{"href":"https:\/\/testing.fishntech.com\/fr\/wp-json\/wp\/v2\/types\/product"}],"replies":[{"embeddable":true,"href":"https:\/\/testing.fishntech.com\/fr\/wp-json\/wp\/v2\/comments?post=9710"}],"version-history":[{"count":2,"href":"https:\/\/testing.fishntech.com\/fr\/wp-json\/wp\/v2\/product\/9710\/revisions"}],"predecessor-version":[{"id":119590,"href":"https:\/\/testing.fishntech.com\/fr\/wp-json\/wp\/v2\/product\/9710\/revisions\/119590"}],"wp:featuredmedia":[{"embeddable":true,"href":"https:\/\/testing.fishntech.com\/fr\/wp-json\/wp\/v2\/media\/12755"}],"wp:attachment":[{"href":"https:\/\/testing.fishntech.com\/fr\/wp-json\/wp\/v2\/media?parent=9710"}],"wp:term":[{"taxonomy":"product_brand","embeddable":true,"href":"https:\/\/testing.fishntech.com\/fr\/wp-json\/wp\/v2\/product_brand?post=9710"},{"taxonomy":"product_cat","embeddable":true,"href":"https:\/\/testing.fishntech.com\/fr\/wp-json\/wp\/v2\/product_cat?post=9710"},{"taxonomy":"product_tag","embeddable":true,"href":"https:\/\/testing.fishntech.com\/fr\/wp-json\/wp\/v2\/product_tag?post=9710"}],"curies":[{"name":"wp","href":"https:\/\/api.w.org\/{rel}","templated":true}]}}