{"id":9718,"date":"2021-05-26T17:20:06","date_gmt":"2021-05-26T17:20:06","guid":{"rendered":"https:\/\/testing.fishntech.com\/product\/cannon-fixed-angled-rod-holder\/"},"modified":"2025-06-05T17:34:49","modified_gmt":"2025-06-05T17:34:49","slug":"cannon-fixed-angled-rod-holder","status":"publish","type":"product","link":"https:\/\/testing.fishntech.com\/fr\/product\/cannon-fixed-angled-rod-holder\/","title":{"rendered":"Fixed Angled Rod Holder"},"content":{"rendered":"<p class=\"\">The Cannon Fixed Angled Rod Holder is made for reliable performance and long-lasting service. It is made from clear anodized aluminum providing corrosion resistance and super strength. This 10&#8243; rod holder is angled at 60 degrees, with 90 degrees of side-to-side rotation adjustments and its UV-resistant end caps protect the finishes on rods and reels.<\/p>\n<h4>Caract\u00e9ristiques :<\/h4>\n<ul>\n<li>Angled Fixed Position Rod Holder<\/li>\n<li>10&#8243; Rod Holder<\/li>\n<li>60\u00b0 Angle<\/li>\n<li>90\u00b0 Side-to-Side Rotation<\/li>\n<li>Anodized Aluminum f\/ Strength &amp; Corrosion Resistance<\/li>\n<li>UV-Resistant End Caps<\/li>\n<\/ul>\n<p>&nbsp;<\/p>\n<p><img decoding=\"async\" src=\"https:\/\/productimageserver.com\/prop65\/6pt.png\" alt=\"Avertissement\" \/><strong>AVERTISSEMENT :<\/strong> Ce produit peut vous exposer \u00e0 des produits chimiques, notamment le di(2-\u00e9thylhexyl)phtalate (dehp), reconnu par l'\u00c9tat de Californie comme pouvant provoquer des cancers, des malformations cong\u00e9nitales ou d'autres troubles de la reproduction. Pour plus d'informations, consultez le site <a href=\"http:\/\/P65Warnings.ca.gov\" target=\"_blank\" rel=\"noopener\">P65Avertissements.ca.gov<\/a>.<\/p>\n<p><!--- cis2:mm1rl5hl ---><\/p>","protected":false},"excerpt":{"rendered":"<p>The Cannon Fixed Angled Rod Holder is made for reliable performance and long-lasting service. It is made from clear anodized aluminum providing corrosion resistance and super strength. This 10&#8243; rod holder is angled at 60 degrees, with 90 degrees of side-to-side rotation adjustments and its UV-resistant end caps protect the finishes on rods and reels. [&hellip;]<\/p>\n","protected":false},"featured_media":9691,"comment_status":"closed","ping_status":"closed","template":"","meta":{"_acf_changed":false},"product_brand":[],"product_cat":[520,77],"product_tag":[],"class_list":{"0":"post-9718","1":"product","2":"type-product","3":"status-publish","4":"has-post-thumbnail","6":"product_cat-cannon-rod-holders","7":"product_cat-cannon","9":"first","10":"instock","11":"taxable","12":"shipping-taxable","13":"purchasable","14":"product-type-simple"},"acf":[],"_links":{"self":[{"href":"https:\/\/testing.fishntech.com\/fr\/wp-json\/wp\/v2\/product\/9718","targetHints":{"allow":["GET"]}}],"collection":[{"href":"https:\/\/testing.fishntech.com\/fr\/wp-json\/wp\/v2\/product"}],"about":[{"href":"https:\/\/testing.fishntech.com\/fr\/wp-json\/wp\/v2\/types\/product"}],"replies":[{"embeddable":true,"href":"https:\/\/testing.fishntech.com\/fr\/wp-json\/wp\/v2\/comments?post=9718"}],"version-history":[{"count":1,"href":"https:\/\/testing.fishntech.com\/fr\/wp-json\/wp\/v2\/product\/9718\/revisions"}],"predecessor-version":[{"id":119556,"href":"https:\/\/testing.fishntech.com\/fr\/wp-json\/wp\/v2\/product\/9718\/revisions\/119556"}],"wp:featuredmedia":[{"embeddable":true,"href":"https:\/\/testing.fishntech.com\/fr\/wp-json\/wp\/v2\/media\/9691"}],"wp:attachment":[{"href":"https:\/\/testing.fishntech.com\/fr\/wp-json\/wp\/v2\/media?parent=9718"}],"wp:term":[{"taxonomy":"product_brand","embeddable":true,"href":"https:\/\/testing.fishntech.com\/fr\/wp-json\/wp\/v2\/product_brand?post=9718"},{"taxonomy":"product_cat","embeddable":true,"href":"https:\/\/testing.fishntech.com\/fr\/wp-json\/wp\/v2\/product_cat?post=9718"},{"taxonomy":"product_tag","embeddable":true,"href":"https:\/\/testing.fishntech.com\/fr\/wp-json\/wp\/v2\/product_tag?post=9718"}],"curies":[{"name":"wp","href":"https:\/\/api.w.org\/{rel}","templated":true}]}}