{"id":9719,"date":"2021-05-26T17:20:06","date_gmt":"2021-05-26T17:20:06","guid":{"rendered":"https:\/\/testing.fishntech.com\/product\/cannon-downrigger-spare-spool\/"},"modified":"2025-06-05T17:34:48","modified_gmt":"2025-06-05T17:34:48","slug":"cannon-downrigger-spare-spool","status":"publish","type":"product","link":"https:\/\/testing.fishntech.com\/fr\/product\/cannon-downrigger-spare-spool\/","title":{"rendered":"Downrigger Spare Spool"},"content":{"rendered":"<h4><b>Cannon Downrigger Spare Spool 1903050<\/b><\/p>\n<p>Spare or replacement downrigger cable spool capable of supporting either monofilament or any of the popular braided lines.<\/h4>\n<h4><b>Compatible With:<\/b><\/h4>\n<ul>\n<li>Mag 5 ST (1902300)<\/li>\n<li>Mag 10 STX (1902305)<\/li>\n<li>Digi-Troll 5 (1902315)<\/li>\n<li>Digi-Troll 10 (1902325)<br \/>\n<!--- cis2:mm1rl5hl ---><\/li>\n<li>Optimum (1902335)<\/li>\n<\/ul>\n<p><b>Cannon<\/b> fournit un \u00e9quipement de la plus haute qualit\u00e9 pour localiser, attirer et attraper le poisson. En tant que leader de l'\u00e9quipement de p\u00eache au downrigger, Cannon fera passer votre potentiel de capture de poissons au niveau sup\u00e9rieur gr\u00e2ce \u00e0 sa technologie et \u00e0 ses innovations les plus r\u00e9centes. Cannon\u00ae est anim\u00e9 par la m\u00eame passion que celle qui anime les p\u00eacheurs. Et cette passion est profonde.<\/p>","protected":false},"excerpt":{"rendered":"<p>Cannon Downrigger Spare Spool 1903050 Spare or replacement downrigger cable spool capable of supporting either monofilament or any of the popular braided lines. Compatible With: Mag 5 ST (1902300) Mag 10 STX (1902305) Digi-Troll 5 (1902315) Digi-Troll 10 (1902325) Optimum (1902335) Cannon delivers the highest quality equipment to locate, entice and catch fish. As the [&hellip;]<\/p>\n","protected":false},"featured_media":9693,"comment_status":"closed","ping_status":"closed","template":"","meta":{"_acf_changed":false},"product_brand":[],"product_cat":[519,77],"product_tag":[],"class_list":{"0":"post-9719","1":"product","2":"type-product","3":"status-publish","4":"has-post-thumbnail","6":"product_cat-cannon-downrigger-accessories","7":"product_cat-cannon","9":"first","10":"instock","11":"taxable","12":"shipping-taxable","13":"purchasable","14":"product-type-simple"},"acf":[],"_links":{"self":[{"href":"https:\/\/testing.fishntech.com\/fr\/wp-json\/wp\/v2\/product\/9719","targetHints":{"allow":["GET"]}}],"collection":[{"href":"https:\/\/testing.fishntech.com\/fr\/wp-json\/wp\/v2\/product"}],"about":[{"href":"https:\/\/testing.fishntech.com\/fr\/wp-json\/wp\/v2\/types\/product"}],"replies":[{"embeddable":true,"href":"https:\/\/testing.fishntech.com\/fr\/wp-json\/wp\/v2\/comments?post=9719"}],"version-history":[{"count":1,"href":"https:\/\/testing.fishntech.com\/fr\/wp-json\/wp\/v2\/product\/9719\/revisions"}],"predecessor-version":[{"id":119550,"href":"https:\/\/testing.fishntech.com\/fr\/wp-json\/wp\/v2\/product\/9719\/revisions\/119550"}],"wp:featuredmedia":[{"embeddable":true,"href":"https:\/\/testing.fishntech.com\/fr\/wp-json\/wp\/v2\/media\/9693"}],"wp:attachment":[{"href":"https:\/\/testing.fishntech.com\/fr\/wp-json\/wp\/v2\/media?parent=9719"}],"wp:term":[{"taxonomy":"product_brand","embeddable":true,"href":"https:\/\/testing.fishntech.com\/fr\/wp-json\/wp\/v2\/product_brand?post=9719"},{"taxonomy":"product_cat","embeddable":true,"href":"https:\/\/testing.fishntech.com\/fr\/wp-json\/wp\/v2\/product_cat?post=9719"},{"taxonomy":"product_tag","embeddable":true,"href":"https:\/\/testing.fishntech.com\/fr\/wp-json\/wp\/v2\/product_tag?post=9719"}],"curies":[{"name":"wp","href":"https:\/\/api.w.org\/{rel}","templated":true}]}}