{"id":97629,"date":"2024-07-24T20:26:10","date_gmt":"2024-07-24T20:26:10","guid":{"rendered":"https:\/\/testing.fishntech.com\/product\/gpsmap-1243xsv-with-gmr-18-hd3-radome\/"},"modified":"2025-06-05T17:38:06","modified_gmt":"2025-06-05T17:38:06","slug":"gpsmap-1243xsv-with-gmr-18-hd3-radome","status":"publish","type":"product","link":"https:\/\/testing.fishntech.com\/fr\/product\/gpsmap-1243xsv-with-gmr-18-hd3-radome\/","title":{"rendered":"GPSMAP 1243xsv avec rad\u00f4me GMR 18 HD3"},"content":{"rendered":"<h3>GPSMAP 1243xsv avec rad\u00f4me GMR 18 HD3<\/h3>\n<p>><\/p>\n<p><strong>GPSMAP&reg; 1243xsv with GMR&trade; 18 HD3 Radome<\/strong><\/p>\n<p>With its sleek design, powerful processing, and upgraded IPS display, this advanced 12&#8243; chartplotter integrates seamlessly into your Garmin marine system.<\/p>\n<p><strong>Caract\u00e9ristiques :<\/strong><\/p>\n<ul>\n<li>Easily integrate with more engines<\/li>\n<li>Connect to compatible third-party devices with OneHelm&trade; digital switching<\/li>\n<li>Easily build your marine system using the best network connectivity<\/li>\n<li>Navigate any waters with preloaded Garmin Navionics+&trade; charts and mapping<\/li>\n<li>See below for your boat&#8217;s built-in sonar capabilities<\/li>\n<li>Manage your marine experience from nearly anywhere<\/li>\n<\/ul>\n<p><strong>Ultra-High-Definition Scanning Sonar<\/strong><\/p>\n<p>Get built-in ultra-high-definition sidev&uuml; and clearv&uuml;&trade; scanning sonars with vivid, high-contrast color palettes to help distinguish fish from structure. Gpsmap&reg; X3 series also supports 1 KW chirp traditional sonar capabilities.<\/p>\n<p><strong>Panoptix&trade; Sonar Support<\/strong><\/p>\n<p>Pair with panoptix or livescope&trade; easy-to-interpret live sonar (transducer required, sold separately) to see all around your boat in real-time.<\/p>\n<p><strong>Faster, Sharper, Smarter<\/strong><\/p>\n<p>With its added processing power and slimline design featuring edge-to-edge glass and a smaller unit footprint, it&rsquo;s easy to retrofit this plotter in a wider range of dash configurations.<\/p>\n<p><strong>Improved Display Optics<\/strong><\/p>\n<p>This higher-resolution display offers improved sunlight readability and visibility from any angle, with 50% more pixels than previous-generation GPSMAP devices.<\/p>\n<p><strong>Preloaded Mapping<\/strong><\/p>\n<p>Experience unparalleled coverage and detail with built-in Garmin Navionics+ integrated coastal and inland mapping that includes Auto Guidance+&trade; technology3 and a 1-year subscription for downloadable daily updates and more on select chartplotters.<\/p>\n<p><strong>Optional Charts &amp; Maps<\/strong><\/p>\n<p>Bring a fresh look and feel to your chartplotter with the optional upgrade to Garmin Navionics Vision+&trade; premium chart subscription, featuring downloadable high-resolution relief shading, satellite imagery, sonar imagery, and more.<\/p>\n<p><strong>Optional Radar Bundle<\/strong><\/p>\n<p>To help you avoid weather and traffic on the water, the compact 4 kW GMR&trade; 18 HD+ dome radar is available as a bundled option with your GPSMAP chartplotter\/sonar package.<\/p>\n<p><strong>Power-Pole&reg; Shallow Water Anchor<\/strong><\/p>\n<p>By networking select Garmin chartplotters with a force&reg; trolling motor and your compatible power-pole shallow water anchoring system, you can access advanced boat control features from your plotter, including smart anchor auto-deployment, smart anchor jog, auto stow, anchor drag detection, and auto guidance end-of-route anchoring. Spend more time fishing and less time positioning.<\/p>\n<p><strong>Garmin Sailassist&trade; Sailing Features&nbsp;<\/strong><\/p>\n<p>View laylines, race start line guidance, enhanced wind rose, heading and course-over-ground lines, true wind data fields, tide\/current\/time slider, wind angle, set and drift, wind speed, polars, and more.<\/p>\n<p><strong>Sailing Polars<\/strong><\/p>\n<p>Use the polar table to see key data, including how fast you should go at a certain wind angle and speed, so you know whether you need to adjust sail trim.<\/p>\n<p><strong>Garmin Marine Network<\/strong><\/p>\n<p>If you have multiple compatible Garmin devices on your boat, you can share information&mdash;such as maps, user data, radar, and IP camera video&mdash;among them.<\/p>\n<p><strong>NMEA 2000&reg; and NMEA 0183 Networks<\/strong><\/p>\n<p>Connect to compatible autopilots, digital switching, weather, fusion-link&trade; audio system, media, VHF, AIS, and more from one screen.<\/p>\n<p><strong>Activecaptain&reg; App<\/strong><\/p>\n<p>Built-in wi-fi&reg; connectivity pairs with the free all-in-one mobile app for access to the onechart&trade; feature, smart notifications, software updates, helm, Garmin quickdraw&trade; community data, and more.<\/p>\n<p><strong>Integrated Ant&reg; Technology<\/strong><\/p>\n<p>Connect with some of your favorite devices, such as Quatix&reg; marine watches, gWind&trade; wireless 2 transducers, GNX&trade; wind marine instruments, and wireless remote controls.<\/p>\n<p><strong>Engine Connectivity<\/strong><\/p>\n<p>Now you can connect your chartplotter to different kinds of engines, including select Yamaha engines.<\/p>\n<p><strong>OneHelm Feature<\/strong><\/p>\n<p>This feature brings together all the operations and capabilities of select third-party devices, such as EmpirBus&trade; digital switching, on one screen.<\/p>\n<p><strong>Send inReach&reg; Device Messages<\/strong><\/p>\n<p>Pair your inreach satellite COMMUNICATOR5 to your chartplotter and type custom messages using your mfd&rsquo;s on-screen keyboard. Access your contact list or enter an email, inreach address, or phone number. You can also group messages by conversation for a texting-like experience.<\/p>\n<p><strong>In the Box (chartplotter):<\/strong><\/p>\n<ul>\n<li>GPSMAP 1243xsv chartplotter<\/li>\n<li>microSD&trade; card preinstalled<\/li>\n<li>C\u00e2ble d'alimentation<\/li>\n<li>NMEA 2000&reg; T-connector<\/li>\n<li>NMEA 2000 drop cable (2 meters)<\/li>\n<li>8-pin transducer to 12-pin sounder adapter cable<\/li>\n<li>Bail mount kit with knobs<\/li>\n<li>Flush mount kit with gasket<\/li>\n<li>Housse de protection<\/li>\n<li>Trim-piece snap covers<\/li>\n<li>Documentation<\/li>\n<\/ul>\n<p><strong>In the Box (radome):<\/strong><\/p>\n<ul>\n<li>GMR 18 HD3 dome radar<\/li>\n<li>Power cable (49.21 ft)<\/li>\n<li>Network cable (49.21 ft)<\/li>\n<li>Mounting hardware kit and template<\/li>\n<li>Installation instructions<\/li>\n<\/ul>\n<p><strong>G\u00e9n\u00e9ralit\u00e9s :<\/strong><\/p>\n<ul>\n<li>Dimension: 12.1&#8243; x 8.9&#8243; x 3.2&#8243; (30.8 x 22.8 x 8.2 cm)<\/li>\n<li>Weight: 6.6 lbs (3.0 KG)<\/li>\n<li>Imperm\u00e9able \u00e0 l'eau : IPX7<\/li>\n<li>\u00c9cran tactile : Oui<\/li>\n<li>Display Type: WXGA<\/li>\n<li>Display Size: 10.3&#8243; x 6.4&#8243;; 12.1&#8243; diagonal (26.2 x 16.3 cm; 30.7 cm diagonal)<\/li>\n<li>Display Resolution: 1280 x 720 pixels<\/li>\n<li>Mounting Options: Bail, flush, or flat (Garmin does not offer any hardware or accessories for a flat-mount installation. Professional tools and knowledge is required.)<\/li>\n<li>Entr\u00e9e : \u00c9cran tactile<\/li>\n<\/ul>\n<p><strong>Cartes et m\u00e9moire :<\/strong><\/p>\n<ul>\n<li>Accepts Data Cards: 2 MicroSD cards (Back of Unit)<\/li>\n<li>Points de rep\u00e8re : 5000<\/li>\n<li>Points de piste : 50,000<\/li>\n<li>Pistes : 50 pistes enregistr\u00e9es<\/li>\n<li>Routes de navigation : 100<\/li>\n<\/ul>\n<p><strong>Capteurs :<\/strong><\/p>\n<ul>\n<li>GPS : Oui &nbsp; &nbsp;<\/li>\n<li>Glonass: Yes<\/li>\n<li>Galileo: Yes<\/li>\n<li>Has Built-In Receiver: Yes &nbsp; &nbsp;<\/li>\n<li>Receiver: 10Hz<\/li>\n<li>Compatible NMEA 2000 : Oui<\/li>\n<li>Compatible NMEA 0183 : Oui<\/li>\n<li>Supports WAAS: Yes<\/li>\n<\/ul>\n<p><strong>Built-In Maps:<\/strong><\/p>\n<ul>\n<li>Built-in Auto Guidance+: Yes<\/li>\n<li>Garmin Navionics+ Inland &amp; Coastal: Yes<\/li>\n<li>Tide Tables: Yes<\/li>\n<\/ul>\n<p><strong>Support de cartes en option :&nbsp;<\/strong><\/p>\n<ul>\n<li>Garmin Navionics+\u2122 : Oui<\/li>\n<li>Garmin Navionics Vision+\u2122 : Oui<\/li>\n<li>Topo 100K : Oui<\/li>\n<li>Cartographie standard : Oui<\/li>\n<li>Garmin Quickdraw Contours : Oui<\/li>\n<li>Prise en charge des cartes matricielles : Oui<\/li>\n<\/ul>\n<p><strong>Traceur de cartes Caract\u00e9ristiques :<\/strong><\/p>\n<ul>\n<li>Compatible avec le mode intelligent : Oui<\/li>\n<li>AIS : Oui &nbsp; &nbsp;<\/li>\n<li>DSC : Oui<\/li>\n<li>Prend en charge les radios compatibles Fusion-Link\u2122 : Oui<\/li>\n<li>Prise en charge du sonar GSD Black Box : Oui<\/li>\n<li>Prise en charge du sonar GCV Black Box : Oui<\/li>\n<li>Compatible avec Activecaptain\u00ae : Oui<\/li>\n<li>Compatible avec la grille (dispositif d'entr\u00e9e \u00e0 distance Garmin) : Oui<\/li>\n<li>Compatible avec la t\u00e9l\u00e9commande sans fil : Oui<\/li>\n<li>Caract\u00e9ristiques de navigation : Oui<\/li>\n<li>Alertes audio vocales : Oui<\/li>\n<li>Support Onehelm : Oui<\/li>\n<\/ul>\n<p><strong>Caract\u00e9ristiques \u00e9lectriques :<\/strong><\/p>\n<ul>\n<li>Power Input: 10 to 32 Vdc<\/li>\n<li>Typical Current Draw at 12 Vdc: 1.37 A<\/li>\n<li>Maximum Current Draw at 12 Vdc: 3.20 A<\/li>\n<li>Maximum Power Usage at 10 Vdc: 40.2w<\/li>\n<\/ul>\n<p><strong>Caract\u00e9ristiques et sp\u00e9cifications du sonar :<\/strong><\/p>\n<ul>\n<li>Affiche le sonar : Oui<\/li>\n<li>Power Output: 1 KW<\/li>\n<li>Traditional Sonar (Dual Frequency\/Beam): Built-in (Single Channel Chirp, 50\/70\/83\/200 Khz, L, M, H Chirp)<\/li>\n<li>Clearv&uuml;: Built-in 260\/455\/800\/1000\/1200 kHz<\/li>\n<li>Sidev&uuml;: Built-in 260\/455\/800\/1000\/1200 kHz<\/li>\n<li>Sonar Panoptix\u2122 : Oui<\/li>\n<li>Livescope : Oui<\/li>\n<\/ul>\n<p><strong>Connexions :<\/strong><\/p>\n<ul>\n<li>Ports NMEA 2000\u00ae : 1<\/li>\n<li>Connections NMEA0183 Input Ports: 1<\/li>\n<li>NMEA 0183 Input (TX) Ports: 1<\/li>\n<li>Video Input Ports: 1 (BNC Composite)<\/li>\n<li>Ports de sortie vid\u00e9o : 1 HDMI<\/li>\n<li>Ports J1939 : 1<\/li>\n<li>Garmin Marine Network Ports: 2<\/li>\n<li>12-Pin Transducer Ports: 1<\/li>\n<li>USB Ports: Yes<\/li>\n<li>BNC External GPS Antenna Port: Yes<\/li>\n<li>Appairage Bluetooth\u00ae : Oui<\/li>\n<li>Ant+ (Connectivit\u00e9) : Oui<\/li>\n<li>R\u00e9seau Wi-Fi Garmin (connexion locale) : Oui<\/li>\n<\/ul>\n<p> <!--- cis2:mm1rl5hl ---><\/p>","protected":false},"excerpt":{"rendered":"<p>GPSMAP 1243xsv With GMR 18 HD3 Radome > GPSMAP&reg; 1243xsv with GMR&trade; 18 HD3 Radome With its sleek design, powerful processing, and upgraded IPS display, this advanced 12&#8243; chartplotter integrates seamlessly into your Garmin marine system. Features: Easily integrate with more engines Connect to compatible third-party devices with OneHelm&trade; digital switching Easily build your marine [&hellip;]<\/p>\n","protected":false},"featured_media":85439,"comment_status":"open","ping_status":"closed","template":"","meta":{"_acf_changed":false},"product_brand":[],"product_cat":[85,292,293],"product_tag":[],"class_list":{"0":"post-97629","1":"product","2":"type-product","3":"status-publish","4":"has-post-thumbnail","6":"product_cat-garmin","7":"product_cat-garmin-fish-finders","8":"product_cat-gpsmap","9":"product_shipping_class-heavy","11":"first","12":"instock","13":"taxable","14":"shipping-taxable","15":"purchasable","16":"product-type-simple"},"acf":[],"_links":{"self":[{"href":"https:\/\/testing.fishntech.com\/fr\/wp-json\/wp\/v2\/product\/97629","targetHints":{"allow":["GET"]}}],"collection":[{"href":"https:\/\/testing.fishntech.com\/fr\/wp-json\/wp\/v2\/product"}],"about":[{"href":"https:\/\/testing.fishntech.com\/fr\/wp-json\/wp\/v2\/types\/product"}],"replies":[{"embeddable":true,"href":"https:\/\/testing.fishntech.com\/fr\/wp-json\/wp\/v2\/comments?post=97629"}],"version-history":[{"count":1,"href":"https:\/\/testing.fishntech.com\/fr\/wp-json\/wp\/v2\/product\/97629\/revisions"}],"predecessor-version":[{"id":118508,"href":"https:\/\/testing.fishntech.com\/fr\/wp-json\/wp\/v2\/product\/97629\/revisions\/118508"}],"wp:featuredmedia":[{"embeddable":true,"href":"https:\/\/testing.fishntech.com\/fr\/wp-json\/wp\/v2\/media\/85439"}],"wp:attachment":[{"href":"https:\/\/testing.fishntech.com\/fr\/wp-json\/wp\/v2\/media?parent=97629"}],"wp:term":[{"taxonomy":"product_brand","embeddable":true,"href":"https:\/\/testing.fishntech.com\/fr\/wp-json\/wp\/v2\/product_brand?post=97629"},{"taxonomy":"product_cat","embeddable":true,"href":"https:\/\/testing.fishntech.com\/fr\/wp-json\/wp\/v2\/product_cat?post=97629"},{"taxonomy":"product_tag","embeddable":true,"href":"https:\/\/testing.fishntech.com\/fr\/wp-json\/wp\/v2\/product_tag?post=97629"}],"curies":[{"name":"wp","href":"https:\/\/api.w.org\/{rel}","templated":true}]}}