{"id":97644,"date":"2024-07-24T20:26:23","date_gmt":"2024-07-24T20:26:23","guid":{"rendered":"https:\/\/testing.fishntech.com\/product\/gpsmap-9027-27-inch-chartplotter-with-worldwide-basemap\/"},"modified":"2025-06-05T17:38:11","modified_gmt":"2025-06-05T17:38:11","slug":"gpsmap-9027-27-inch-chartplotter-with-worldwide-basemap","status":"publish","type":"product","link":"https:\/\/testing.fishntech.com\/fr\/product\/gpsmap-9027-27-inch-chartplotter-with-worldwide-basemap\/","title":{"rendered":"GPSMAP 9027 Traceur de cartes 27 pouces avec carte de base mondiale"},"content":{"rendered":"<h3>GPSMAP 9027 Traceur de cartes 27 pouces avec carte de base mondiale<\/h3>\n<p><strong>BIENVENUE AU PARADIS DU 4K<\/strong><\/p>\n<p>Il s'agit du premier traceur de cartes \u00e0 \u00e9cran tactile int\u00e9gr\u00e9 \u00e0 r\u00e9solution 4K du secteur. Profitez d'une clart\u00e9 de bord \u00e0 bord et d'un luxe sur un gouvernail en verre avec un design et des mat\u00e9riaux haut de gamme, ainsi qu'une connectivit\u00e9 et une vitesse am\u00e9lior\u00e9es.<\/p>\n<ul>\n<li>\u00c9cran tactile IPS 4K haut de gamme lisible en plein soleil<\/li>\n<li>Une puissance de traitement jusqu'\u00e0 7 fois sup\u00e9rieure \u00e0 celle des g\u00e9n\u00e9rations pr\u00e9c\u00e9dentes<\/li>\n<li>Vitesses gigabit sur le r\u00e9seau Garmin BLUENET\u2122<\/li>\n<li>Capacit\u00e9s d'int\u00e9gration vid\u00e9o avec distribution HDCP<\/li>\n<li>Voyez les cibles du sonar comme jamais auparavant sur l'\u00e9cran 4k<sup>1<\/sup>&nbsp;<\/li>\n<li>R\u00e9seau avec plusieurs traceurs de cartes, cam\u00e9ras et sonars<\/li>\n<\/ul>\n<p><strong>Traceur de cartes Premium<\/strong><\/p>\n<p>L'\u00e9cran tactile IPS \u00e0 r\u00e9solution 4K, lisible en plein soleil, est disponible dans la plus grande taille de traceur de cartes int\u00e9gr\u00e9 de l'industrie. Le design bord \u00e0 bord offre un aspect moderne, transparent et luxueux.<\/p>\n<p><strong>Plus vite. Beaucoup plus vite.<\/strong><\/p>\n<p>La puissance de traitement est 7 fois plus rapide que les g\u00e9n\u00e9rations pr\u00e9c\u00e9dentes pour des performances sup\u00e9rieures ; dessinez des cartes rapidement et calculez des itin\u00e9raires Auto Guidance+\u2122.<sup>2<\/sup> \u00e0 la vitesse de l'\u00e9clair avec un abonnement Garmin Navionics+\u2122 en option.<\/p>\n<p><strong>R\u00e9seau Garmin BLUENET<\/strong><\/p>\n<p>Cr\u00e9ez des r\u00e9seaux \u00e9tendus avec plusieurs traceurs de cartes, cam\u00e9ras, radars et sonars - et profitez de vitesses de r\u00e9seau 10 fois plus rapides avec un d\u00e9calage minimal.<\/p>\n<p><strong>Options de divertissement<\/strong><\/p>\n<p>Profitez des int\u00e9grations audio et vid\u00e9o qui vous permettent d'afficher et d'entendre la m\u00eame vid\u00e9o sur tous les \u00e9crans et haut-parleurs de votre r\u00e9seau.<\/p>\n<p><strong>Sonar haute d\u00e9finition<\/strong><\/p>\n<p>P\u00eachez en haute d\u00e9finition. Connectez l'un de nos modules sonar et visualisez les cibles sonar sur l'\u00e9cran 4K (transducteurs vendus s\u00e9par\u00e9ment).<\/p>\n<p><strong>Connectez votre \u00e9cosyst\u00e8me<\/strong><\/p>\n<p>Prenez les commandes gr\u00e2ce \u00e0 l'int\u00e9gration de syst\u00e8mes num\u00e9riques pour surveiller, automatiser et contr\u00f4ler votre navire. Le traceur de cartes utilise les r\u00e9seaux NMEA 2000\u00ae et NMEA 0183 pour se connecter \u00e0 vos accessoires compatibles.<\/p>\n<p><strong>Connecter<\/strong><\/p>\n<ul>\n<li>Mises \u00e0 jour logicielles - Obtenez des mises \u00e0 jour logicielles sans fil via l'application ActiveCaptain\u00ae avec votre smartphone ou tablette compatible.&nbsp;<\/li>\n<li>Surveillance du moteur - Gardez un \u0153il sur les performances du moteur gr\u00e2ce \u00e0 l'int\u00e9gration compl\u00e8te du moteur.&nbsp;<\/li>\n<li>Look personnalis\u00e9 - Les fabricants peuvent personnaliser la pr\u00e9sentation de la page d'accueil et l'\u00e9cran d'accueil pour une exp\u00e9rience adapt\u00e9e \u00e0 leur marque.&nbsp;<\/li>\n<\/ul>\n<p><strong>Naviguer<\/strong><\/p>\n<ul>\n<li>Cartographie - Naviguez avec les cartes Garmin Navionics+\u2122 en option qui incluent la technologie Auto Guidance+, des mises \u00e0 jour quotidiennes et bien plus encore.<sup>2<\/sup> (abonnement requis)&nbsp;<\/li>\n<li>Cartes Premium - B\u00e9n\u00e9ficiez d'une prise en charge des cartes Garmin Navionics Vision+\u2122 avec un ombrage du relief et une imagerie satellite de qualit\u00e9 sup\u00e9rieure.&nbsp;<\/li>\n<li>Sachez o\u00f9 vous \u00eates - Obtenez votre position pr\u00e9cise gr\u00e2ce au r\u00e9cepteur de position et \u00e0 l'antenne GPS 24xd inclus.&nbsp;<\/li>\n<li>Pilote automatique - Contr\u00f4lez le pilote automatique avec n'importe quel traceur de cartes compatible sur le r\u00e9seau gr\u00e2ce \u00e0 l'int\u00e9gration du pilote automatique.<\/li>\n<\/ul>\n<p><strong>Int\u00e9grer<\/strong><\/p>\n<ul>\n<li>Connecter des cam\u00e9ras - B\u00e9n\u00e9ficiez d'une prise en charge et d'un contr\u00f4le \u00e9tendus des cam\u00e9ras pour visualiser les images directement sur le traceur de cartes.&nbsp;<\/li>\n<li>Syst\u00e8me de vision panoramique - B\u00e9n\u00e9ficiez d'une vue d'ensemble gr\u00e2ce \u00e0 la prise en charge de notre syst\u00e8me de cam\u00e9ra panoramique (achat d'accessoires requis).&nbsp;<\/li>\n<li>Contr\u00f4le avec votre montre - Connectez-vous \u00e0 votre traceur de cartes avec votre smartwatch Garmin compatible.&nbsp;<\/li>\n<li>Connectivit\u00e9 sans fil - Connectez les appareils compatibles gr\u00e2ce aux technologies BLUETOOTH\u00ae et ANT\u00ae int\u00e9gr\u00e9es.&nbsp;<\/li>\n<li>Cartographie des poissons - Obtenez des donn\u00e9es de p\u00eache compl\u00e8tes avec la fonction Fish Mapping\u2122 de SiriusXM\u00ae Radio (achat d'accessoires et abonnement requis).&nbsp;<\/li>\n<li>Commandes verbales - Utilisez des commandes vocales pour contr\u00f4ler le traceur de cartes par l'interm\u00e9diaire de votre casque compatible.&nbsp;<\/li>\n<li>R\u00e9sistance aux intemp\u00e9ries - Le traceur de cartes GPSMAP 9000 est con\u00e7u pour les conditions marines difficiles avec un indice de r\u00e9sistance \u00e0 l'eau IPX7.<\/li>\n<\/ul>\n<p><strong>Dans la bo\u00eete :<\/strong><\/p>\n<ul>\n<li>GPSMAP 9027 chartplotter<\/li>\n<li>Couvercle de garniture \u00e0 bouton-pression<\/li>\n<li>Housse de protection<\/li>\n<li>Quincaillerie pour montage encastr\u00e9<\/li>\n<li>C\u00e2ble d'alimentation<\/li>\n<li>GPS 24xd NMEA 2000\u00ae (avec adaptateurs pour montage sur m\u00e2t, montage encastr\u00e9 et montage sous le pont)<\/li>\n<li>C\u00e2ble NMEA 2000 backbone\/drop (2 m\u00e8tres)<\/li>\n<li>C\u00e2ble d'alimentation NMEA 2000<\/li>\n<li>Kit de connecteurs en T et de terminateurs NMEA 2000<\/li>\n<li>Documentation<\/li>\n<\/ul>\n<p><strong>G\u00e9n\u00e9ralit\u00e9s :<\/strong><\/p>\n<ul>\n<li>Dimension : 25.8\u2033 x 16.7\u2033 x 3.3\u2033 (65.5 cm x 42.3 cm x 8.5 cm)&nbsp;<\/li>\n<li>Poids : 27.65 lbs (12.54 kg)&nbsp;<\/li>\n<li>Imperm\u00e9able \u00e0 l'eau : IPX7<\/li>\n<li>\u00c9cran tactile : Oui<\/li>\n<li>Type d'\u00e9cran : 4K IPS<\/li>\n<li>Taille de l'\u00e9cran : 23,5\u2033 x 13,2\u2033 x 27,0\u2033 en diagonale, 59,7 cm x 33,6 cm x 68,5 cm en diagonale&nbsp;<\/li>\n<li>R\u00e9solution de l'\u00e9cran : 3840 x 2160 pixels<\/li>\n<li>Options de montage : Encastr\u00e9 ou plat<\/li>\n<li>Entr\u00e9e : \u00c9cran tactile<\/li>\n<\/ul>\n<p><strong>Cartes et m\u00e9moire :<\/strong><\/p>\n<ul>\n<li>Accepte les cartes de donn\u00e9es : 2 cartes SD<\/li>\n<li>Compatible avec le lecteur de carte SD Garmin : Oui<\/li>\n<li>Points de rep\u00e8re : 5000<\/li>\n<li>Points de piste : 50,000<\/li>\n<li>Pistes : 50 pistes enregistr\u00e9es<\/li>\n<li>Routes de navigation : 100<\/li>\n<\/ul>\n<p><strong>Capteurs :<\/strong><\/p>\n<ul>\n<li>GPS : Oui<\/li>\n<li>GLONASS : Oui<\/li>\n<li>GALiLEO : Oui<\/li>\n<li>BEIDOU : Oui<\/li>\n<li>R\u00e9cepteur : 10 Hz (r\u00e9cepteur inclus)<\/li>\n<li>Compatible NMEA 2000 : Oui<\/li>\n<li>Compatible NMEA 0183 : Oui<\/li>\n<li>Prise en charge du WAAS : Oui<\/li>\n<li>Prise en charge du GPS multibande et multiconstellation : Oui<\/li>\n<\/ul>\n<p><strong>Support de cartes en option :<\/strong><\/p>\n<ul>\n<li>LakeV\u00fc G3 : Oui<\/li>\n<li>LakeV\u00fc G3 Ultra : Oui<\/li>\n<li>Garmin Navionics+\u2122 : Oui<\/li>\n<li>Garmin Navionics Vision+\u2122 : Oui<\/li>\n<li>Topo 100K : Oui<\/li>\n<li>Cartographie standard : Oui<\/li>\n<li>Garmin Quickdraw Contours : Oui<\/li>\n<li>Prise en charge des cartes matricielles : Oui<\/li>\n<\/ul>\n<p><strong>Traceur de cartes Caract\u00e9ristiques :<\/strong><\/p>\n<ul>\n<li>Compatible avec le mode intelligent : Oui<\/li>\n<li>AIS : Oui<\/li>\n<li>DSC : Oui<\/li>\n<li>Prend en charge les radios compatibles Fusion-Link\u2122 : Oui<\/li>\n<li>Prise en charge du sonar GSD Black Box : Oui<\/li>\n<li>Prise en charge du sonar GCV Black Box : Oui<\/li>\n<li>Compatible avec Activecaptain\u00ae : Oui<\/li>\n<li>Compatible avec la grille (dispositif d'entr\u00e9e \u00e0 distance Garmin) : Oui<\/li>\n<li>Compatible avec la t\u00e9l\u00e9commande sans fil : Oui<\/li>\n<li>Caract\u00e9ristiques de navigation : Oui<\/li>\n<li>Alertes audio vocales : Oui<\/li>\n<li>Support Onehelm : Oui<\/li>\n<\/ul>\n<p><strong>Caract\u00e9ristiques \u00e9lectriques :<\/strong><\/p>\n<ul>\n<li>Entr\u00e9e d'alimentation : 10 \u00e0 35 Vdc<\/li>\n<li>Consommation de courant typique \u00e0 12 Vdc : 7,2A<\/li>\n<li>Consommation maximale de courant \u00e0 12 Vdc : 8,1A<\/li>\n<li>Consommation maximale \u00e0 10 Vdc : 97w<\/li>\n<\/ul>\n<p><strong>Caract\u00e9ristiques et sp\u00e9cifications du sonar :<\/strong><\/p>\n<ul>\n<li>Affiche le sonar : Oui<\/li>\n<li>Sonar traditionnel (double fr\u00e9quence\/faisceau) : Oui (avec la bo\u00eete noire GCV\u2122, vendue s\u00e9par\u00e9ment)<\/li>\n<li>Clearv\u00fc : Oui (avec sonar \u00e0 bo\u00eete noire compatible)&nbsp;<\/li>\n<li>Sidev\u00fc : Oui (avec sonar \u00e0 bo\u00eete noire compatible)&nbsp;<\/li>\n<li>Sonar Panoptix\u2122 : Oui<\/li>\n<li>Livescope : Oui<\/li>\n<\/ul>\n<p><strong>Connexions :<\/strong><\/p>\n<ul>\n<li>Ports NMEA 2000\u00ae : 1<\/li>\n<li>Connexions Ports d'entr\u00e9e NMEA0183 : 4<\/li>\n<li>Ports d'entr\u00e9e (TX) NMEA 0183 : 2<\/li>\n<li>Ports d'entr\u00e9e vid\u00e9o : 1 (BNC composite) ; 2 HDMI (compatible HDCP)&nbsp;<\/li>\n<li>Ports de sortie vid\u00e9o : 1 HDMI<\/li>\n<li>Ports J1939 : 1<\/li>\n<li>Garmin BLUENET Ports r\u00e9seau : 4<\/li>\n<li>Ports USB : Oui (2x USB-C)<\/li>\n<li>Appairage Bluetooth\u00ae : Oui<\/li>\n<li>Ant+ (Connectivit\u00e9) : Oui<\/li>\n<li>R\u00e9seau Wi-Fi Garmin (connexion locale) : Oui<\/li>\n<li>Sortie audio : Oui<\/li>\n<\/ul>\n<p><sup>1<\/sup>Bo\u00eete noire et transducteurs vendus s\u00e9par\u00e9ment<\/p>\n<p><sup>2<\/sup>Auto Guidance+ ne sert qu'\u00e0 des fins de planification et ne remplace pas les op\u00e9rations de navigation en toute s\u00e9curit\u00e9.<\/p>\n<p> <!--- cis2:mm1rl5hl ---><\/p>","protected":false},"excerpt":{"rendered":"<p>GPSMAP 9027 27 Inch Chartplotter With Worldwide Basemap WELCOME TO 4K PARADISE It&rsquo;s the industry&rsquo;s first integrated 4K resolution touchscreen chartplotter. Enjoy edge-to-edge clarity and luxury on a glass helm with premium design and materials plus enhanced connectivity and speed. Premium 4K IPS sunlight-readable touchscreen display Up to 7 times faster processing power than previous [&hellip;]<\/p>\n","protected":false},"featured_media":85442,"comment_status":"open","ping_status":"closed","template":"","meta":{"_acf_changed":false},"product_brand":[],"product_cat":[85,292,293],"product_tag":[],"class_list":{"0":"post-97644","1":"product","2":"type-product","3":"status-publish","4":"has-post-thumbnail","6":"product_cat-garmin","7":"product_cat-garmin-fish-finders","8":"product_cat-gpsmap","10":"first","11":"instock","12":"taxable","13":"shipping-taxable","14":"purchasable","15":"product-type-simple"},"acf":[],"_links":{"self":[{"href":"https:\/\/testing.fishntech.com\/fr\/wp-json\/wp\/v2\/product\/97644","targetHints":{"allow":["GET"]}}],"collection":[{"href":"https:\/\/testing.fishntech.com\/fr\/wp-json\/wp\/v2\/product"}],"about":[{"href":"https:\/\/testing.fishntech.com\/fr\/wp-json\/wp\/v2\/types\/product"}],"replies":[{"embeddable":true,"href":"https:\/\/testing.fishntech.com\/fr\/wp-json\/wp\/v2\/comments?post=97644"}],"version-history":[{"count":1,"href":"https:\/\/testing.fishntech.com\/fr\/wp-json\/wp\/v2\/product\/97644\/revisions"}],"predecessor-version":[{"id":118494,"href":"https:\/\/testing.fishntech.com\/fr\/wp-json\/wp\/v2\/product\/97644\/revisions\/118494"}],"wp:featuredmedia":[{"embeddable":true,"href":"https:\/\/testing.fishntech.com\/fr\/wp-json\/wp\/v2\/media\/85442"}],"wp:attachment":[{"href":"https:\/\/testing.fishntech.com\/fr\/wp-json\/wp\/v2\/media?parent=97644"}],"wp:term":[{"taxonomy":"product_brand","embeddable":true,"href":"https:\/\/testing.fishntech.com\/fr\/wp-json\/wp\/v2\/product_brand?post=97644"},{"taxonomy":"product_cat","embeddable":true,"href":"https:\/\/testing.fishntech.com\/fr\/wp-json\/wp\/v2\/product_cat?post=97644"},{"taxonomy":"product_tag","embeddable":true,"href":"https:\/\/testing.fishntech.com\/fr\/wp-json\/wp\/v2\/product_tag?post=97644"}],"curies":[{"name":"wp","href":"https:\/\/api.w.org\/{rel}","templated":true}]}}