{"id":97649,"date":"2024-07-24T20:26:28","date_gmt":"2024-07-24T20:26:28","guid":{"rendered":"https:\/\/testing.fishntech.com\/product\/echomap-uhd2-95sv-without-transducer\/"},"modified":"2025-06-05T17:38:12","modified_gmt":"2025-06-05T17:38:12","slug":"garmin-echomap-uhd2-95sv-w-o-transducer","status":"publish","type":"product","link":"https:\/\/testing.fishntech.com\/fr\/product\/garmin-echomap-uhd2-95sv-w-o-transducer\/","title":{"rendered":"ECHOMAP UHD2 95sv Without Transducer"},"content":{"rendered":"<h3>ECHOMAP UHD2 95sv Without Transducer<\/h3>\n<p><strong>KNOW THE WATER BETTER THAN A LOCAL<\/strong><\/p>\n<p>When it comes to catching more fish, they say, \u201cTalk to a local.\u201d With the Garmin ECHOMAP UHD2 95sv w\/o Transducer, offers the best-in-class sonar and mapping and premium touchscreen display with keyed-assist, you\u2019ll know the water even better than they do.<\/p>\n<h4><strong>Caract\u00e9ristiques :<\/strong><\/h4>\n<ul>\n<li>The bright 9\u201d touchscreen display with keyed-assist is user-friendly and easy to read.<\/li>\n<li>Good things come in threes. Three sonar types, that is: Garmin traditional, ClearV\u00fc<sup>\u2122<\/sup>\u00a0and SideV\u00fc<sup>\u2122<\/sup>\u00a0sonars.<\/li>\n<li>Improved detail? Check. Distinguished targets? Yep. That\u2019s the beauty of high-contrast vivid color palettes.<\/li>\n<li>If you\u2019re running another ECHOMAP UHD2 chartplotter, you can wirelessly share sonar, waypoints and routes.<\/li>\n<li>Want our best in mapping? Who doesn\u2019t? Select chartplotters come with Garmin Navionics+<sup>\u2122<\/sup>\u00a0mapping.<\/li>\n<li>Create your own maps on the fly and tailor them to fit your needs.<\/li>\n<\/ul>\n<p><strong>Sonar Support<\/strong><\/p>\n<p>With crisp, clear traditional sonar and brilliant ClearV\u00fc and SideV\u00fc scanning sonars, the fish will have nowhere to hide. Your ECHOMAP UHD2 also supports LiveScope<sup>\u2122<\/sup>\u00a0live-scanning sonar.<\/p>\n<p><strong>Vivid Color Palettes<\/strong><\/p>\n<p>High-contrast vivid scanning sonar color palettes make it easier than ever to distinguish targets and structure.<\/p>\n<p><strong>Bundle Your Transducer<\/strong><\/p>\n<p>Your ECHOMAP UHD2 device supports a variety of Garmin transducers. The 6\u201d and 7\u201d chartplotters come bundled with a\u00a0GT54 transducer\u00a0\u2014 while the 9\u201d chartplotter comes with a\u00a0GT56 transducer<\/p>\n<p><strong>Preloaded Charts<\/strong><\/p>\n<p>You\u2019ve never seen Garmin cartography like this before. Select chartplotters come with built-in\u00a0Garmin Navionics+\u00a0cartography which includes a 1-year subscription for daily updates, depth range shading and more.<\/p>\n<p><strong>Wireless Networking<\/strong><\/p>\n<p class=\"app__feature__card__description app__feature__card__description--left\">If you have another compatible ECHOMAP UHD2 chartplotter on your boat, you can wirelessly share information \u2014 such as sonar<sup>1<\/sup>, waypoints and routes \u2014 with them.<\/p>\n<p><strong>Quickdraw Contours<\/strong><\/p>\n<p>Create personalized fishing maps on-screen with 1\u2019 contours. Keep the data to yourself, or share it with the Quickdraw Community on the Garmin Connect\u2122 app<sup>3<\/sup>.<\/p>\n<p><strong>Auto Guidance+<sup>\u2122<\/sup> Technology<\/strong><\/p>\n<p class=\"app__feature__card__description app__feature__card__description--left\">Chartplotters with built-in Garmin Navionics+ charts include downloadable Auto Guidance+ technology<sup>3<\/sup>\u00a0with the ActiveCaptain app.<\/p>\n<p><strong>ActiveCaptain\u00ae APP<\/strong><\/p>\n<p>Built-in Wi-Fi<sup>\u00ae<\/sup>\u00a0connectivity pairs with the free all-in-one\u00a0mobile app\u00a0on your compatible smartphone for access to the OneChart<sup>\u2122<\/sup>\u00a0feature, smart notifications, software updates, Garmin Quickdraw\u2122 Community data and more<sup>2<\/sup>.<\/p>\n<p><strong>Multi-Band GPS<\/strong><\/p>\n<p class=\"app__feature__card__description app__feature__card__description--left\">Get improved position accuracy, particularly in areas where signals are reflected or weak, with multi-band GPS<\/p>\n<p><strong>Troll with FORCE\u2122\u00a0<\/strong><\/p>\n<p>Your ECHOMAP UHD2 wirelessly connects to your\u00a0Force trolling motor\u00a0to create and follow routes, navigate to waypoints, control speed, check battery life and more.<\/p>\n<p><strong>Connections<\/strong><\/p>\n<ul>\n<li>NMEA 2000 Ports: Yes<\/li>\n<li>Garmin Marine Network Ports: 1<\/li>\n<li>Transducer Pin Numbers: 12<\/li>\n<li>Bluetooth\u00ae Pairing: Yes<\/li>\n<li>ANT+ (Connectivity)<\/li>\n<li>Garmin WI-FI Network (Local Connection): Yes<\/li>\n<\/ul>\n<h4><strong>Dans la bo\u00eete<\/strong><\/h4>\n<ul>\n<li>ECHOMAP UHD2 (device varies depending on selection)<\/li>\n<li>12-pin sounder to 8-pin transducer cable<\/li>\n<li>Power\u00a0cable<\/li>\n<li>Tilt\/swivel mount with quick release cradle<\/li>\n<li>Housse de protection<\/li>\n<li>Hardware<\/li>\n<li>Documentation<\/li>\n<\/ul>\n<div class=\"app__disclaimer__block\">\n<div class=\"app__disclaimer__item\" data-translate=\"\"><sup>1\u00a0<\/sup>LiveScope sonar cannot be shared wirelessly between two ECHOMAP UHD2 chartplotters.<\/div>\n<div class=\"app__disclaimer__item\" data-translate=\"\"><sup>2\u00a0<\/sup>Requires the\u00a0ActiveCaptain app\u00a0on your compatible smartphone paired to the ECHOMAP UHD2 6\u201d, 7\u201d and 9\u201d chartplotters<\/div>\n<div class=\"app__disclaimer__item\" data-translate=\"\"><sup>3\u00a0<\/sup>Auto Guidance+ ne sert qu'\u00e0 des fins de planification et ne remplace pas les op\u00e9rations de navigation en toute s\u00e9curit\u00e9.<\/div>\n<\/div>\n<div class=\"app__disclaimer__block\">\n<div data-translate=\"\"><\/div>\n<div class=\"app__disclaimer__item\" data-translate=\"\">Wi-Fi is a registered trademark of the Wi-Fi Alliance.<\/div>\n<\/div>\n<p><!--- cis2:mm1rl5hl ---><\/p>","protected":false},"excerpt":{"rendered":"<p>ECHOMAP UHD2 95sv Without Transducer KNOW THE WATER BETTER THAN A LOCAL When it comes to catching more fish, they say, \u201cTalk to a local.\u201d With the Garmin ECHOMAP UHD2 95sv w\/o Transducer, offers the best-in-class sonar and mapping and premium touchscreen display with keyed-assist, you\u2019ll know the water even better than they do. Features: [&hellip;]<\/p>\n","protected":false},"featured_media":17728,"comment_status":"open","ping_status":"closed","template":"","meta":{"_acf_changed":false},"product_brand":[],"product_cat":[85,294,292],"product_tag":[306],"class_list":{"0":"post-97649","1":"product","2":"type-product","3":"status-publish","4":"has-post-thumbnail","6":"product_cat-garmin","7":"product_cat-echomap","8":"product_cat-garmin-fish-finders","9":"product_tag-echomap-uhd","11":"first","12":"instock","13":"taxable","14":"shipping-taxable","15":"purchasable","16":"product-type-simple"},"acf":[],"_links":{"self":[{"href":"https:\/\/testing.fishntech.com\/fr\/wp-json\/wp\/v2\/product\/97649","targetHints":{"allow":["GET"]}}],"collection":[{"href":"https:\/\/testing.fishntech.com\/fr\/wp-json\/wp\/v2\/product"}],"about":[{"href":"https:\/\/testing.fishntech.com\/fr\/wp-json\/wp\/v2\/types\/product"}],"replies":[{"embeddable":true,"href":"https:\/\/testing.fishntech.com\/fr\/wp-json\/wp\/v2\/comments?post=97649"}],"version-history":[{"count":1,"href":"https:\/\/testing.fishntech.com\/fr\/wp-json\/wp\/v2\/product\/97649\/revisions"}],"predecessor-version":[{"id":118488,"href":"https:\/\/testing.fishntech.com\/fr\/wp-json\/wp\/v2\/product\/97649\/revisions\/118488"}],"wp:featuredmedia":[{"embeddable":true,"href":"https:\/\/testing.fishntech.com\/fr\/wp-json\/wp\/v2\/media\/17728"}],"wp:attachment":[{"href":"https:\/\/testing.fishntech.com\/fr\/wp-json\/wp\/v2\/media?parent=97649"}],"wp:term":[{"taxonomy":"product_brand","embeddable":true,"href":"https:\/\/testing.fishntech.com\/fr\/wp-json\/wp\/v2\/product_brand?post=97649"},{"taxonomy":"product_cat","embeddable":true,"href":"https:\/\/testing.fishntech.com\/fr\/wp-json\/wp\/v2\/product_cat?post=97649"},{"taxonomy":"product_tag","embeddable":true,"href":"https:\/\/testing.fishntech.com\/fr\/wp-json\/wp\/v2\/product_tag?post=97649"}],"curies":[{"name":"wp","href":"https:\/\/api.w.org\/{rel}","templated":true}]}}