{"id":9767,"date":"2021-05-29T12:58:43","date_gmt":"2021-05-29T12:58:43","guid":{"rendered":"https:\/\/testing.fishntech.com\/product\/plano-z-series-3600-tackle-bag-with-waterproof-base\/"},"modified":"2025-06-05T17:40:54","modified_gmt":"2025-06-05T17:40:54","slug":"plano-z-series-3600-tackle-bag-with-waterproof-base","status":"publish","type":"product","link":"https:\/\/testing.fishntech.com\/fr\/product\/plano-z-series-3600-tackle-bag-with-waterproof-base\/","title":{"rendered":"Z-Series 3600 Tackle Bag with Waterproof Base (Sac de p\u00eache 3600 avec base imperm\u00e9able)"},"content":{"rendered":"<p><strong>Z-Series 3600 Tackle Bag with Waterproof Base (Sac de p\u00eache 3600 avec base imperm\u00e9able)<\/strong><\/p>\n<p>Keep your tackle organized and safe from water damage with the Plano Z-Series Tackle Bag with Waterproof Base! Featuring 500-denier PVC, this fishing bag sheds moisture, while a waterproof base ensures water on the bottom of your boat doesn&#8217;t find its way in! Nonskid inserts keep the tackle bag from sliding around, while the zipper-free design means it&#8217;s ready for your saltwater adventures! Added structure in the body provides a bit of rigidity so everything is easy to find, while molded attachment hardware and a heavy-duty strap and hardware stand up to wild adventures. The Plano Z-Series Tackle Bag with Waterproof Base boasts mesh side pockets that give your wet gear a spot to dry without soaking the rest of your tackle. Includes 2 Stowaways.<\/p>\n<p><strong>Caract\u00e9ristiques :<\/strong><\/p>\n<ul>\n<li>Durable 500-denier PVC construction<\/li>\n<li>Waterproof base keeps standing water from seeping in<\/li>\n<li>Nonslip feet keep it from sliding around the boat<\/li>\n<li>Zipper-free design is saltwater friendly<\/li>\n<li>Added structure in the body<\/li>\n<li>Heavy-duty hardware<\/li>\n<li>Side mesh pockets for storing wet items<\/li>\n<\/ul>\n<p> <!--- cis2:mm1rl5hl ---><\/p>","protected":false},"excerpt":{"rendered":"<p>Z-Series 3600 Tackle Bag with Waterproof Base Keep your tackle organized and safe from water damage with the Plano Z-Series Tackle Bag with Waterproof Base! Featuring 500-denier PVC, this fishing bag sheds moisture, while a waterproof base ensures water on the bottom of your boat doesn&#8217;t find its way in! Nonskid inserts keep the tackle [&hellip;]<\/p>\n","protected":false},"featured_media":9766,"comment_status":"closed","ping_status":"closed","template":"","meta":{"_acf_changed":false},"product_brand":[],"product_cat":[539,541],"product_tag":[],"class_list":{"0":"post-9767","1":"product","2":"type-product","3":"status-publish","4":"has-post-thumbnail","6":"product_cat-plano","7":"product_cat-plano-z-series","9":"first","10":"instock","11":"taxable","12":"shipping-taxable","13":"purchasable","14":"product-type-simple"},"acf":[],"_links":{"self":[{"href":"https:\/\/testing.fishntech.com\/fr\/wp-json\/wp\/v2\/product\/9767","targetHints":{"allow":["GET"]}}],"collection":[{"href":"https:\/\/testing.fishntech.com\/fr\/wp-json\/wp\/v2\/product"}],"about":[{"href":"https:\/\/testing.fishntech.com\/fr\/wp-json\/wp\/v2\/types\/product"}],"replies":[{"embeddable":true,"href":"https:\/\/testing.fishntech.com\/fr\/wp-json\/wp\/v2\/comments?post=9767"}],"version-history":[{"count":1,"href":"https:\/\/testing.fishntech.com\/fr\/wp-json\/wp\/v2\/product\/9767\/revisions"}],"predecessor-version":[{"id":120498,"href":"https:\/\/testing.fishntech.com\/fr\/wp-json\/wp\/v2\/product\/9767\/revisions\/120498"}],"wp:featuredmedia":[{"embeddable":true,"href":"https:\/\/testing.fishntech.com\/fr\/wp-json\/wp\/v2\/media\/9766"}],"wp:attachment":[{"href":"https:\/\/testing.fishntech.com\/fr\/wp-json\/wp\/v2\/media?parent=9767"}],"wp:term":[{"taxonomy":"product_brand","embeddable":true,"href":"https:\/\/testing.fishntech.com\/fr\/wp-json\/wp\/v2\/product_brand?post=9767"},{"taxonomy":"product_cat","embeddable":true,"href":"https:\/\/testing.fishntech.com\/fr\/wp-json\/wp\/v2\/product_cat?post=9767"},{"taxonomy":"product_tag","embeddable":true,"href":"https:\/\/testing.fishntech.com\/fr\/wp-json\/wp\/v2\/product_tag?post=9767"}],"curies":[{"name":"wp","href":"https:\/\/api.w.org\/{rel}","templated":true}]}}