{"id":97781,"date":"2024-07-24T20:28:16","date_gmt":"2024-07-24T20:28:16","guid":{"rendered":"https:\/\/testing.fishntech.com\/product\/gt24uhd-tm-uhd-scanning-sonar-all-in-one-transducer\/"},"modified":"2025-06-05T17:38:40","modified_gmt":"2025-06-05T17:38:40","slug":"garmin-gt24uhd-tm-ultra-high-definition-scanning-sonar-all-in-one-transducer","status":"publish","type":"product","link":"https:\/\/testing.fishntech.com\/fr\/product\/garmin-gt24uhd-tm-ultra-high-definition-scanning-sonar-all-in-one-transducer\/","title":{"rendered":"GT24UHD-TM UHD Scanning Sonar All-In-One Transducer"},"content":{"rendered":"<h3>GT24UHD-TM UHD Scanning Sonar All-In-One Transducer<\/h3>\n<ul>\n<li>One transducer provides the highest resolution ClearV\u00fc scanning sonar images available and amazingly clear high wide CHIRP traditional sonar<\/li>\n<li>High wide CHIRP traditional sonar provides remarkably clear target separation and definition<\/li>\n<li>See incredibly detailed images of fish and structure up to 200\u2019 below your boat with 800 kHz ClearV\u00fc sonar<\/li>\n<li>Easy-to-install, compact, all-in-one design includes transom and trolling motor mounts<\/li>\n<\/ul>\n<h5>Ultra-clear View of What\u2019s Below<\/h5>\n<p>The GT24 Ultra High-Definition all-in-one transducer provides image details so clear and precise, you can actually see fish hanging just off branches of submerged trees, brush and rocks. You can see the difference between bigger and smaller fish and even see individual fish swimming in bait balls. You get the highest resolution ClearV\u00fc scanning sonar images available plus amazingly clear high wide CHIRP traditional sonar \u2014 all in one transducer. <\/p>\n<h5><strong>Ultra Performance<\/strong><\/h5>\n<p>Ultra High-Definition scanning sonar shows you incredibly detailed images of fish and structure up to 200\u2019 below your boat with 800 kHz ClearV\u00fc scanning sonar. It\u2019s easy to install with included transom and trolling motor mounts so you can start fishing faster. <\/p>\n<h3>Sp\u00e9cifications :<\/h3>\n<table class=\"app__product__specs__container__group\">\n<tbody>\n<tr>\n<td class=\"narrow-column\">TRANSDUCER FREQUENCY<\/td>\n<td class=\"wide-column\">CHIRP High Wide (150-240 kHz); UHD ClearV\u00fc CHIRP 800 kHz (760-880 kHz)<\/td>\n<\/tr>\n<tr>\n<td class=\"narrow-column\">TRANSDUCER POWER<\/td>\n<td class=\"wide-column\">CHIRP Traditional 350 W; ClearV\u00fc 350 W<\/td>\n<\/tr>\n<tr>\n<td class=\"narrow-column\">TRANSDUCER BEAMWIDTH<\/td>\n<td class=\"wide-column\">CHIRP: 24\u00b0-16\u00b0<br \/>\nClearV\u00fc: 0.94\u00b0x60\u00b0 @ 800 kHz<\/td>\n<\/tr>\n<tr>\n<td class=\"narrow-column\">TRANSDUCER MAXIMUM DEPTH<\/td>\n<td class=\"wide-column\">CHIRP: 800 ft.; ClearV\u00fc 200 ft.<\/td>\n<\/tr>\n<tr>\n<td class=\"narrow-column\">TRANSDUCER CABLE LENGTH<\/td>\n<td class=\"wide-column\">20 ft.<\/td>\n<\/tr>\n<tr>\n<td class=\"narrow-column\">TRANSDUCER DEPTH\/SPEED\/TEMPERATURE<\/td>\n<td class=\"wide-column\">Depth and Temperature<\/td>\n<\/tr>\n<tr>\n<td class=\"narrow-column\">TRANSDUCER NUMBER OF PINS<\/td>\n<td class=\"wide-column\">8<\/td>\n<\/tr>\n<tr>\n<td class=\"narrow-column\">TRANSDUCER SUPPORTED DEADRISE\/TRANSOM ANGLES<\/td>\n<td class=\"wide-column\">0\u00b0-70\u00b0 degree transom<\/td>\n<\/tr>\n<\/tbody>\n<\/table>\n<h3>In the box:<\/h3>\n<ul>\n<li>GT24UHD-TM transducer<\/li>\n<li>Montage sur le tableau arri\u00e8re<\/li>\n<li>Support pour moteur de p\u00eache \u00e0 la tra\u00eene<\/li>\n<li>Mounting hardware<\/li>\n<li>Documentation<\/li>\n<\/ul>\n<p><!--- cis2:mm1rl5hl ---><\/p>","protected":false},"excerpt":{"rendered":"<p>GT24UHD-TM UHD Scanning Sonar All-In-One Transducer One transducer provides the highest resolution ClearV\u00fc scanning sonar images available and amazingly clear high wide CHIRP traditional sonar High wide CHIRP traditional sonar provides remarkably clear target separation and definition See incredibly detailed images of fish and structure up to 200\u2019 below your boat with 800 kHz ClearV\u00fc [&hellip;]<\/p>\n","protected":false},"featured_media":84080,"comment_status":"open","ping_status":"closed","template":"","meta":{"_acf_changed":false},"product_brand":[],"product_cat":[85,332,862],"product_tag":[367],"class_list":{"0":"post-97781","1":"product","2":"type-product","3":"status-publish","4":"has-post-thumbnail","6":"product_cat-garmin","7":"product_cat-garmin-transducers","8":"product_cat-garmin-transom-mount","9":"product_tag-clearvu_xducer","11":"first","12":"instock","13":"taxable","14":"shipping-taxable","15":"purchasable","16":"product-type-simple"},"acf":[],"_links":{"self":[{"href":"https:\/\/testing.fishntech.com\/fr\/wp-json\/wp\/v2\/product\/97781","targetHints":{"allow":["GET"]}}],"collection":[{"href":"https:\/\/testing.fishntech.com\/fr\/wp-json\/wp\/v2\/product"}],"about":[{"href":"https:\/\/testing.fishntech.com\/fr\/wp-json\/wp\/v2\/types\/product"}],"replies":[{"embeddable":true,"href":"https:\/\/testing.fishntech.com\/fr\/wp-json\/wp\/v2\/comments?post=97781"}],"version-history":[{"count":1,"href":"https:\/\/testing.fishntech.com\/fr\/wp-json\/wp\/v2\/product\/97781\/revisions"}],"predecessor-version":[{"id":118357,"href":"https:\/\/testing.fishntech.com\/fr\/wp-json\/wp\/v2\/product\/97781\/revisions\/118357"}],"wp:featuredmedia":[{"embeddable":true,"href":"https:\/\/testing.fishntech.com\/fr\/wp-json\/wp\/v2\/media\/84080"}],"wp:attachment":[{"href":"https:\/\/testing.fishntech.com\/fr\/wp-json\/wp\/v2\/media?parent=97781"}],"wp:term":[{"taxonomy":"product_brand","embeddable":true,"href":"https:\/\/testing.fishntech.com\/fr\/wp-json\/wp\/v2\/product_brand?post=97781"},{"taxonomy":"product_cat","embeddable":true,"href":"https:\/\/testing.fishntech.com\/fr\/wp-json\/wp\/v2\/product_cat?post=97781"},{"taxonomy":"product_tag","embeddable":true,"href":"https:\/\/testing.fishntech.com\/fr\/wp-json\/wp\/v2\/product_tag?post=97781"}],"curies":[{"name":"wp","href":"https:\/\/api.w.org\/{rel}","templated":true}]}}