{"id":97806,"date":"2024-07-24T20:28:35","date_gmt":"2024-07-24T20:28:35","guid":{"rendered":"https:\/\/testing.fishntech.com\/product\/gt36uhd-tm-transom-mount-transducer\/"},"modified":"2025-06-05T17:38:45","modified_gmt":"2025-06-05T17:38:45","slug":"garmin-gt36uhd-tm","status":"publish","type":"product","link":"https:\/\/testing.fishntech.com\/fr\/product\/garmin-gt36uhd-tm\/","title":{"rendered":"GT36UHD-TM Transom Mount Transducer"},"content":{"rendered":"<h3>GT36UHD-TM Transom Mount Transducer<\/h3>\n<h5>LESS TIME FINDING. MORE TIME FISHING.<\/h5>\n<p>This transducer offers ultimate versatility, featuring Ultra High-Definition ClearV\u00fc and SideV\u00fc scanning sonars for crystal-clear images of fish and structure, so you can spend more time catching fish. <\/p>\n<ul>\n<li>See everything below and around your boat with Ultra High-Definition scanning sonar.<\/li>\n<li>Multiple sonar frequencies have you covered \u2014 no matter what depth you\u2019re fishing.<\/li>\n<li>See targets and structure in bright, vivid color.<\/li>\n<li>Mount this transducer your way \u2014 transom or trolling motor.<\/li>\n<\/ul>\n<h3><strong>Caract\u00e9ristiques :<\/strong><\/h3>\n<h5>ULTRA HIGH-DEFINITION CLEARV\u00dc SCANNING SONAR<\/h5>\n<p>Get brilliant image clarity of structure and fish below your boat at greater depths than other high-frequency scanning sonars. It puts more power on targets via a downward-facing element. <\/p>\n<h5>ULTRA HIGH-DEFINITION SIDEV\u00dc SCANNING SONAR<\/h5>\n<p>See everything the first time with stunningly clear images of structure and fish off to the sides of your boat. SideV\u00fc sonar now has 20% greater range at 1,000 kHz, so you can see even farther than before. <\/p>\n<h5>MULTIPLE SCANNING SONAR FREQUENCIES<\/h5>\n<p>Use the perfect frequency for the waters you\u2019re fishing. This transducer delivers 455 kHz, 800 kHz and 1,000 kHz for top performances at all depths. <\/p>\n<h5>VIVID COLOR PALETTES<\/h5>\n<p>High-contrast vivid scanning sonar color palettes make it easier than ever to distinguish targets and structure. <\/p>\n<h5>MOUNTING OPTIONS<\/h5>\n<p>Everyone\u2019s setup is different. That\u2019s why we\u2019ve included transom and trolling motor mounting hardware. <\/p>\n<h5>OPTIONAL CHIRP TRADITIONAL SONAR<\/h5>\n<p>Use a Y-cable (sold separately) to pair with a Garmin <a href=\"https:\/\/testing.fishntech.com\/fr\/produit\/garmin-gt8hw-ih-in-hull-transducer-8-pin\/\" target=\"_blank\" rel=\"noopener\">GT8HW-IH<\/a> or Garmin <a href=\"https:\/\/testing.fishntech.com\/fr\/produit\/garmin-gt15m-ih-in-hull-transducer\/\" target=\"_blank\" rel=\"noopener\">GT15M-IH<\/a> transducer (each sold separately) to add high wide CHIRP traditional sonar for remarkably clear target separation. <\/p>\n<h3>Sp\u00e9cifications :<\/h3>\n<table>\n<tbody>\n<tr>\n<th style=\"text-align: left;\" scope=\"row\"><strong>TRANSDUCER FREQUENCY<\/strong><\/th>\n<td style=\"text-align: left;\">ClearV\u00fc\/SideV\u00fc 455 kHz (425-485 kHz), 800 kHz (790-850 kHz), 1000 kHz (940-1100)<\/td>\n<\/tr>\n<tr>\n<th style=\"text-align: left;\" scope=\"row\">TRANSDUCER POWER<\/th>\n<td>ClearV\u00fc\/SideV\u00fc 500 W<\/td>\n<\/tr>\n<tr>\n<th style=\"text-align: left;\" scope=\"row\">TRANSDUCER BEAMWIDTH<\/th>\n<td>ClearV\u00fc 0.52 x 52 @ 1000 kHz, 0.64 x 35 @ 800 kHz, 1.1 x 52 @ 455 kHz; SideV\u00fc 0.52 x 52 @ 1000 kHz, 0.64 x 35 @ 800 kHz, 1.1 x 52 @ 455 kHz<\/td>\n<\/tr>\n<tr>\n<th style=\"text-align: left;\" scope=\"row\">TRANSDUCER MAXIMUM DEPTH<\/th>\n<td>ClearV\u00fc: 400 ft; SideV\u00fc: 500 ft<\/td>\n<\/tr>\n<tr>\n<th style=\"text-align: left;\" scope=\"row\">TRANSDUCER CABLE LENGTH<\/th>\n<td>25 ft<\/td>\n<\/tr>\n<tr>\n<th style=\"text-align: left;\" scope=\"row\">TRANSDUCER DEPTH\/SPEED\/TEMPERATURE<\/th>\n<td>Depth and temperature<\/td>\n<\/tr>\n<tr>\n<th style=\"text-align: left;\" scope=\"row\">TRANSDUCER NUMBER OF PINS<\/th>\n<td>12<\/td>\n<\/tr>\n<tr>\n<th style=\"text-align: left;\" scope=\"row\">TRANSDUCER SUPPORTED DEADRISE\/TRANSOM ANGLES<\/th>\n<td>0\u00b0-70\u00b0 degree transom<\/td>\n<\/tr>\n<\/tbody>\n<\/table>\n<p><!--- cis2:mm1rl5hl ---> <\/p>\n<h3>In the box:<\/h3>\n<ul>\n<li>GT36UHD-TM transducer<\/li>\n<li>Montage sur le tableau arri\u00e8re<\/li>\n<li>Support pour moteur de p\u00eache \u00e0 la tra\u00eene<\/li>\n<li>Documentation<\/li>\n<\/ul>","protected":false},"excerpt":{"rendered":"<p>GT36UHD-TM Transom Mount Transducer LESS TIME FINDING. MORE TIME FISHING. This transducer offers ultimate versatility, featuring Ultra High-Definition ClearV\u00fc and SideV\u00fc scanning sonars for crystal-clear images of fish and structure, so you can spend more time catching fish. See everything below and around your boat with Ultra High-Definition scanning sonar. Multiple sonar frequencies have you [&hellip;]<\/p>\n","protected":false},"featured_media":84062,"comment_status":"open","ping_status":"closed","template":"","meta":{"_acf_changed":false},"product_brand":[],"product_cat":[85,332,862],"product_tag":[368],"class_list":{"0":"post-97806","1":"product","2":"type-product","3":"status-publish","4":"has-post-thumbnail","6":"product_cat-garmin","7":"product_cat-garmin-transducers","8":"product_cat-garmin-transom-mount","9":"product_tag-sidevu_xducer","11":"first","12":"instock","13":"taxable","14":"shipping-taxable","15":"purchasable","16":"product-type-simple"},"acf":[],"_links":{"self":[{"href":"https:\/\/testing.fishntech.com\/fr\/wp-json\/wp\/v2\/product\/97806","targetHints":{"allow":["GET"]}}],"collection":[{"href":"https:\/\/testing.fishntech.com\/fr\/wp-json\/wp\/v2\/product"}],"about":[{"href":"https:\/\/testing.fishntech.com\/fr\/wp-json\/wp\/v2\/types\/product"}],"replies":[{"embeddable":true,"href":"https:\/\/testing.fishntech.com\/fr\/wp-json\/wp\/v2\/comments?post=97806"}],"version-history":[{"count":1,"href":"https:\/\/testing.fishntech.com\/fr\/wp-json\/wp\/v2\/product\/97806\/revisions"}],"predecessor-version":[{"id":118338,"href":"https:\/\/testing.fishntech.com\/fr\/wp-json\/wp\/v2\/product\/97806\/revisions\/118338"}],"wp:featuredmedia":[{"embeddable":true,"href":"https:\/\/testing.fishntech.com\/fr\/wp-json\/wp\/v2\/media\/84062"}],"wp:attachment":[{"href":"https:\/\/testing.fishntech.com\/fr\/wp-json\/wp\/v2\/media?parent=97806"}],"wp:term":[{"taxonomy":"product_brand","embeddable":true,"href":"https:\/\/testing.fishntech.com\/fr\/wp-json\/wp\/v2\/product_brand?post=97806"},{"taxonomy":"product_cat","embeddable":true,"href":"https:\/\/testing.fishntech.com\/fr\/wp-json\/wp\/v2\/product_cat?post=97806"},{"taxonomy":"product_tag","embeddable":true,"href":"https:\/\/testing.fishntech.com\/fr\/wp-json\/wp\/v2\/product_tag?post=97806"}],"curies":[{"name":"wp","href":"https:\/\/api.w.org\/{rel}","templated":true}]}}